{"id":11236,"date":"2023-11-21T12:54:18","date_gmt":"2023-11-21T10:54:18","guid":{"rendered":"https:\/\/grillandmore.lv\/shop\/?post_type=product&#038;p=11236"},"modified":"2023-11-21T12:57:53","modified_gmt":"2023-11-21T10:57:53","slug":"ofyr-classic-corten-85","status":"publish","type":"product","link":"https:\/\/grillandmore.lv\/shop\/products\/ofyr-classic-corten-85\/","title":{"rendered":"OFYR Classic Corten 85"},"content":{"rendered":"<p>* Var pagatavot pilnv\u0113rt\u012bgas malt\u012btes grup\u0101m l\u012bdz 10-12 cilv\u0113kiem.<br \/>\n* Konuss sp\u0113j degt apm\u0113ram 4-5 stundas, pirms ir j\u0101iz\u0146em pelni.<br \/>\n* \u0160im modelim ir pieejami visi piederumi, iz\u0146emot Braz\u012blijas grila komplektu.<br \/>\n* Mode\u013ciem ar melnu p\u0101rkl\u0101jumu ir nepiecie\u0161ama liel\u0101ka apkope nek\u0101 Corten t\u0113rauda mode\u013ciem, un tie ir jut\u012bg\u0101ki pret skr\u0101p\u0113jumiem un boj\u0101jumiem, neskatoties uz to augstas kvalit\u0101tes p\u0101rkl\u0101jumu. Ieteicams izmantot p\u0101rsegu.<\/p>\n<p>Pl\u0101ksnes svars: 45 kg<br \/>\nGatavo\u0161anas virsma: 0,44 m\u00b2<br \/>\nPl\u0101ksnes diametrs: 85 cm<br \/>\nIzm\u0113ri: 85x85x103 cm<br \/>\nB\u0101zes izm\u0113rs: 45x45x78 cm<br \/>\nMateri\u0101ls: Kortena t\u0113rauds<br \/>\nKop\u0113jais svars: 84 kg<\/p>\n","protected":false},"excerpt":{"rendered":"<p>OFYR Classic Corten 85 ir izstr\u0101d\u0101ts t\u0101, lai tas ieder\u0113tos jebkur\u0101 vid\u0113, un tas ir skaists objekts pat tad, ja to neizmanto. Iededziet to, un tas p\u0101rv\u0113r\u0161 katru br\u012bvdabas pas\u0101kumu par \u012bpa\u0161u br\u012bdi. Pieejams 85 cm vai 100 cm diametr\u0101.<\/p>\n","protected":false},"featured_media":11237,"comment_status":"open","ping_status":"closed","template":"","meta":[],"pwb-brand":[308],"product_brand":[],"product_cat":[126],"product_tag":[],"class_list":{"0":"post-11236","1":"product","2":"type-product","3":"status-publish","4":"has-post-thumbnail","6":"pwb-brand-ofyr","7":"product_cat-malkas-grili","9":"first","10":"onbackorder","11":"taxable","12":"shipping-taxable","13":"purchasable","14":"product-type-simple"},"brands":[{"id":308,"name":"OFYR","slug":"ofyr"}],"_links":{"self":[{"href":"https:\/\/grillandmore.lv\/shop\/wp-json\/wp\/v2\/product\/11236","targetHints":{"allow":["GET"]}}],"collection":[{"href":"https:\/\/grillandmore.lv\/shop\/wp-json\/wp\/v2\/product"}],"about":[{"href":"https:\/\/grillandmore.lv\/shop\/wp-json\/wp\/v2\/types\/product"}],"replies":[{"embeddable":true,"href":"https:\/\/grillandmore.lv\/shop\/wp-json\/wp\/v2\/comments?post=11236"}],"version-history":[{"count":3,"href":"https:\/\/grillandmore.lv\/shop\/wp-json\/wp\/v2\/product\/11236\/revisions"}],"predecessor-version":[{"id":11240,"href":"https:\/\/grillandmore.lv\/shop\/wp-json\/wp\/v2\/product\/11236\/revisions\/11240"}],"wp:featuredmedia":[{"embeddable":true,"href":"https:\/\/grillandmore.lv\/shop\/wp-json\/wp\/v2\/media\/11237"}],"wp:attachment":[{"href":"https:\/\/grillandmore.lv\/shop\/wp-json\/wp\/v2\/media?parent=11236"}],"wp:term":[{"taxonomy":"pwb-brand","embeddable":true,"href":"https:\/\/grillandmore.lv\/shop\/wp-json\/wp\/v2\/pwb-brand?post=11236"},{"taxonomy":"product_brand","embeddable":true,"href":"https:\/\/grillandmore.lv\/shop\/wp-json\/wp\/v2\/product_brand?post=11236"},{"taxonomy":"product_cat","embeddable":true,"href":"https:\/\/grillandmore.lv\/shop\/wp-json\/wp\/v2\/product_cat?post=11236"},{"taxonomy":"product_tag","embeddable":true,"href":"https:\/\/grillandmore.lv\/shop\/wp-json\/wp\/v2\/product_tag?post=11236"}],"curies":[{"name":"wp","href":"https:\/\/api.w.org\/{rel}","templated":true}]}}