{"id":11244,"date":"2023-11-21T13:30:05","date_gmt":"2023-11-21T11:30:05","guid":{"rendered":"https:\/\/grillandmore.lv\/shop\/?post_type=product&#038;p=11244"},"modified":"2023-11-21T13:30:05","modified_gmt":"2023-11-21T11:30:05","slug":"ofyr-75-corten","status":"publish","type":"product","link":"https:\/\/grillandmore.lv\/shop\/products\/ofyr-75-corten\/","title":{"rendered":"OFYR 75 Corten"},"content":{"rendered":"<p>* Pateicoties t\u0101 kompaktajam izm\u0113ram, \u0161is modelis ir ide\u0101li piem\u0113rots maz\u0101k\u0101m \u0101ra telp\u0101m.<br \/>\n* Vienlaic\u012bgi apkalpo l\u012bdz 6 cilv\u0113kiem.<br \/>\n* Konusa deg\u0161anas sp\u0113ja ir aptuveni 3 stundas, pirms ir j\u0101iz\u0146em pelni.<br \/>\n* Novatorisk\u0101 gaisa pl\u016bsmas sist\u0113ma uzlabo koksnes sadeg\u0161anu, ierobe\u017eo d\u016bmu veido\u0161anos un \u0101tr\u0101k uzsilda pl\u012bts virsmu.<br \/>\n* OFYR 75 Corten pamatne sast\u0101v no 5 atsevi\u0161\u0137\u0101m da\u013c\u0101m, kuras pieg\u0101des br\u012bd\u012b j\u0101samont\u0113 klientam.<\/p>\n<p>Pl\u0101ksnes svars: 24 kg<br \/>\nB\u0101zes izm\u0113rs: 40x40x77 cm<br \/>\nKonusa svars: 8 kg<br \/>\nB\u0101zes svars: 20 kg<br \/>\nKonusa materi\u0101ls: Kortena t\u0113rauds<br \/>\nGatavo\u0161anas pl\u0101ksnes materi\u0101ls: Melns t\u0113rauds<br \/>\nPamatnes materi\u0101ls: Kortena t\u0113rauds<br \/>\nGatavo\u0161anas virsma: 0,33 m\u00b2<br \/>\nPl\u0101ksnes diametrs: \u00d874 cm<br \/>\nKop\u0113jais svars: 54,5 kg<\/p>\n","protected":false},"excerpt":{"rendered":"<p>OFYR 75 Corten ir OFYR kolekcijas s\u0101kuma l\u012bme\u0146a modelis. Tam ir praktisks, kompakts dizains, kas lieliski iederas jebkur\u0101 d\u0101rz\u0101 vai teras\u0113. \u0160ai gatavo\u0161anas iek\u0101rtai ir novatoriska gaisa pl\u016bsmas pl\u0101ksne, kas uzlabo koksnes sadeg\u0161anu un ierobe\u017eo d\u016bmu veido\u0161anos. OFYR 75 Corten apkalpo 4 l\u012bdz 6 cilv\u0113kus, t\u0101p\u0113c tas ir ide\u0101li piem\u0113rots neliel\u0101m \u0123imenes sapulc\u0113m un ikdienas \u0113diena gatavo\u0161anai.<\/p>\n","protected":false},"featured_media":11245,"comment_status":"open","ping_status":"closed","template":"","meta":[],"pwb-brand":[308],"product_brand":[],"product_cat":[126],"product_tag":[],"class_list":{"0":"post-11244","1":"product","2":"type-product","3":"status-publish","4":"has-post-thumbnail","6":"pwb-brand-ofyr","7":"product_cat-malkas-grili","9":"first","10":"onbackorder","11":"taxable","12":"shipping-taxable","13":"purchasable","14":"product-type-simple"},"brands":[{"id":308,"name":"OFYR","slug":"ofyr"}],"_links":{"self":[{"href":"https:\/\/grillandmore.lv\/shop\/wp-json\/wp\/v2\/product\/11244","targetHints":{"allow":["GET"]}}],"collection":[{"href":"https:\/\/grillandmore.lv\/shop\/wp-json\/wp\/v2\/product"}],"about":[{"href":"https:\/\/grillandmore.lv\/shop\/wp-json\/wp\/v2\/types\/product"}],"replies":[{"embeddable":true,"href":"https:\/\/grillandmore.lv\/shop\/wp-json\/wp\/v2\/comments?post=11244"}],"version-history":[{"count":1,"href":"https:\/\/grillandmore.lv\/shop\/wp-json\/wp\/v2\/product\/11244\/revisions"}],"predecessor-version":[{"id":11246,"href":"https:\/\/grillandmore.lv\/shop\/wp-json\/wp\/v2\/product\/11244\/revisions\/11246"}],"wp:featuredmedia":[{"embeddable":true,"href":"https:\/\/grillandmore.lv\/shop\/wp-json\/wp\/v2\/media\/11245"}],"wp:attachment":[{"href":"https:\/\/grillandmore.lv\/shop\/wp-json\/wp\/v2\/media?parent=11244"}],"wp:term":[{"taxonomy":"pwb-brand","embeddable":true,"href":"https:\/\/grillandmore.lv\/shop\/wp-json\/wp\/v2\/pwb-brand?post=11244"},{"taxonomy":"product_brand","embeddable":true,"href":"https:\/\/grillandmore.lv\/shop\/wp-json\/wp\/v2\/product_brand?post=11244"},{"taxonomy":"product_cat","embeddable":true,"href":"https:\/\/grillandmore.lv\/shop\/wp-json\/wp\/v2\/product_cat?post=11244"},{"taxonomy":"product_tag","embeddable":true,"href":"https:\/\/grillandmore.lv\/shop\/wp-json\/wp\/v2\/product_tag?post=11244"}],"curies":[{"name":"wp","href":"https:\/\/api.w.org\/{rel}","templated":true}]}}