{"id":11247,"date":"2023-11-21T13:37:05","date_gmt":"2023-11-21T11:37:05","guid":{"rendered":"https:\/\/grillandmore.lv\/shop\/?post_type=product&#038;p=11247"},"modified":"2023-11-21T13:37:05","modified_gmt":"2023-11-21T11:37:05","slug":"ofyr-classic-black-85","status":"publish","type":"product","link":"https:\/\/grillandmore.lv\/shop\/products\/ofyr-classic-black-85\/","title":{"rendered":"OFYR Classic Black 85"},"content":{"rendered":"<p>* \u0160is modelis ir izv\u0113l\u0113ts t\u0101 slaiduma d\u0113\u013c, un tas ir maz\u0101k apjom\u012bgs nek\u0101 100 mode\u013ci, t\u0101p\u0113c tas ir lieliski piem\u0113rots nedaudz maz\u0101k\u0101m telp\u0101m.<br \/>\n* Var pagatavot pilnv\u0113rt\u012bgas malt\u012btes grup\u0101m l\u012bdz 10-12 cilv\u0113kiem.<br \/>\n* Konuss sp\u0113j degt apm\u0113ram 4-5 stundas, pirms ir j\u0101iz\u0146em pelni.<br \/>\n* \u0160im modelim ir pieejami visi piederumi, iz\u0146emot Braz\u012blijas grila komplektu.<br \/>\n* Mode\u013ciem ar melnu p\u0101rkl\u0101jumu ir nepiecie\u0161ama liel\u0101ka apkope nek\u0101 Corten t\u0113rauda mode\u013ciem, un tie ir jut\u012bg\u0101ki pret skr\u0101p\u0113jumiem un boj\u0101jumiem, neskatoties uz to augstas kvalit\u0101tes p\u0101rkl\u0101jumu. Ieteicams izmantot p\u0101rsegu.<\/p>\n<p>Pl\u0101ksnes svars: 44 kg<br \/>\nGatavo\u0161anas virsma: 0,44 m\u00b2<br \/>\nPl\u0101ksnes diametrs: 85 cm<br \/>\nIzm\u0113ri: 85x85x103 cm<br \/>\nB\u0101zes izm\u0113ri: 45x45x78 cm<br \/>\nMateri\u0101ls: T\u0113rauds ar melnu p\u0101rkl\u0101jumu<br \/>\nKop\u0113jais svars: 85 kg<\/p>\n","protected":false},"excerpt":{"rendered":"<p>T\u012br\u0101k\u0101 OFYR izpausme. OFYR Classic 85 ir izstr\u0101d\u0101ts, lai ieder\u0113tos jebkur\u0101 vid\u0113, un tas ir skaists objekts pat tad, ja to neizmanto. Iededziet to, un tas p\u0101rv\u0113r\u0161 katru br\u012bvdabas pas\u0101kumu par \u012bpa\u0161u br\u012bdi. Pieejams 85 cm vai 100 cm diametr\u0101.<\/p>\n","protected":false},"featured_media":11248,"comment_status":"open","ping_status":"closed","template":"","meta":[],"pwb-brand":[308],"product_brand":[],"product_cat":[126],"product_tag":[],"class_list":{"0":"post-11247","1":"product","2":"type-product","3":"status-publish","4":"has-post-thumbnail","6":"pwb-brand-ofyr","7":"product_cat-malkas-grili","9":"first","10":"onbackorder","11":"taxable","12":"shipping-taxable","13":"purchasable","14":"product-type-simple"},"brands":[{"id":308,"name":"OFYR","slug":"ofyr"}],"_links":{"self":[{"href":"https:\/\/grillandmore.lv\/shop\/wp-json\/wp\/v2\/product\/11247","targetHints":{"allow":["GET"]}}],"collection":[{"href":"https:\/\/grillandmore.lv\/shop\/wp-json\/wp\/v2\/product"}],"about":[{"href":"https:\/\/grillandmore.lv\/shop\/wp-json\/wp\/v2\/types\/product"}],"replies":[{"embeddable":true,"href":"https:\/\/grillandmore.lv\/shop\/wp-json\/wp\/v2\/comments?post=11247"}],"version-history":[{"count":1,"href":"https:\/\/grillandmore.lv\/shop\/wp-json\/wp\/v2\/product\/11247\/revisions"}],"predecessor-version":[{"id":11249,"href":"https:\/\/grillandmore.lv\/shop\/wp-json\/wp\/v2\/product\/11247\/revisions\/11249"}],"wp:featuredmedia":[{"embeddable":true,"href":"https:\/\/grillandmore.lv\/shop\/wp-json\/wp\/v2\/media\/11248"}],"wp:attachment":[{"href":"https:\/\/grillandmore.lv\/shop\/wp-json\/wp\/v2\/media?parent=11247"}],"wp:term":[{"taxonomy":"pwb-brand","embeddable":true,"href":"https:\/\/grillandmore.lv\/shop\/wp-json\/wp\/v2\/pwb-brand?post=11247"},{"taxonomy":"product_brand","embeddable":true,"href":"https:\/\/grillandmore.lv\/shop\/wp-json\/wp\/v2\/product_brand?post=11247"},{"taxonomy":"product_cat","embeddable":true,"href":"https:\/\/grillandmore.lv\/shop\/wp-json\/wp\/v2\/product_cat?post=11247"},{"taxonomy":"product_tag","embeddable":true,"href":"https:\/\/grillandmore.lv\/shop\/wp-json\/wp\/v2\/product_tag?post=11247"}],"curies":[{"name":"wp","href":"https:\/\/api.w.org\/{rel}","templated":true}]}}