{"id":11250,"date":"2023-11-21T13:40:31","date_gmt":"2023-11-21T11:40:31","guid":{"rendered":"https:\/\/grillandmore.lv\/shop\/?post_type=product&#038;p=11250"},"modified":"2023-11-21T13:40:31","modified_gmt":"2023-11-21T11:40:31","slug":"ofyr-classic-black-100","status":"publish","type":"product","link":"https:\/\/grillandmore.lv\/shop\/products\/ofyr-classic-black-100\/","title":{"rendered":"OFYR Classic Black 100"},"content":{"rendered":"<p>* OFYR Classic 100 ir liel\u0101ka gatavo\u0161anas virsma nek\u0101 85 mode\u013ciem. Turkl\u0101t starp pl\u0101ksnes iek\u0161pusi un \u0101rpusi tiek izveidotas da\u017e\u0101das temperat\u016bras zonas<br \/>\n* Var pagatavot pilnv\u0113rt\u012bgu malt\u012bti 15-20 cilv\u0113kiem un piekurties 9-11 stundas, pirms pelni ir j\u0101izv\u0101c<br \/>\n* Pateicoties liel\u0101kai konusa ietilp\u012bbai, \u0161is modelis izmanto vair\u0101k koksnes, un, lai sasniegtu pareizo temperat\u016bru, ir nepiecie\u0161ams apm\u0113ram 10 min\u016btes ilg\u0101ks laiks, sal\u012bdzinot ar 85 modeli.<br \/>\n* Mode\u013ciem ar melnu p\u0101rkl\u0101jumu ir nepiecie\u0161ama liel\u0101ka apkope nek\u0101 Corten t\u0113rauda mode\u013ciem, un, neskatoties uz augstas kvalit\u0101tes p\u0101rkl\u0101jumu, tie ir jut\u012bg\u0101ki pret skr\u0101p\u0113jumiem un boj\u0101jumiem. Ieteicams izmantot p\u0101rsegu<\/p>\n<p>Pl\u0101ksnes svars: 55 kg<br \/>\nGatavo\u0161anas virsma: 0,55 m\u00b2<br \/>\nPl\u0101ksnes diametrs: 100 cm<br \/>\nIzm\u0113ri: 100x100x103 cm<br \/>\nB\u0101zes izm\u0113ri: 50x50x73 cm<br \/>\nMateri\u0101ls: T\u0113rauds ar melnu p\u0101rkl\u0101jumu<br \/>\nKop\u0113jais svars: 103 kg<\/p>\n","protected":false},"excerpt":{"rendered":"<p>T\u012br\u0101k\u0101 OFYR izpausme. OFYR Classic 100 ir izstr\u0101d\u0101ts t\u0101, lai tas ieder\u0113tos jebkur\u0101 vid\u0113, un tas ir skaists objekts pat tad, ja to neizmanto. Iededziet to, un tas p\u0101rv\u0113r\u0161 katru br\u012bvdabas pas\u0101kumu par \u012bpa\u0161u br\u012bdi. Pieejams 85 cm vai 100 cm diametr\u0101.<\/p>\n","protected":false},"featured_media":11251,"comment_status":"open","ping_status":"closed","template":"","meta":[],"pwb-brand":[308],"product_brand":[],"product_cat":[126],"product_tag":[],"class_list":{"0":"post-11250","1":"product","2":"type-product","3":"status-publish","4":"has-post-thumbnail","6":"pwb-brand-ofyr","7":"product_cat-malkas-grili","9":"first","10":"onbackorder","11":"taxable","12":"shipping-taxable","13":"purchasable","14":"product-type-simple"},"brands":[{"id":308,"name":"OFYR","slug":"ofyr"}],"_links":{"self":[{"href":"https:\/\/grillandmore.lv\/shop\/wp-json\/wp\/v2\/product\/11250","targetHints":{"allow":["GET"]}}],"collection":[{"href":"https:\/\/grillandmore.lv\/shop\/wp-json\/wp\/v2\/product"}],"about":[{"href":"https:\/\/grillandmore.lv\/shop\/wp-json\/wp\/v2\/types\/product"}],"replies":[{"embeddable":true,"href":"https:\/\/grillandmore.lv\/shop\/wp-json\/wp\/v2\/comments?post=11250"}],"version-history":[{"count":1,"href":"https:\/\/grillandmore.lv\/shop\/wp-json\/wp\/v2\/product\/11250\/revisions"}],"predecessor-version":[{"id":11252,"href":"https:\/\/grillandmore.lv\/shop\/wp-json\/wp\/v2\/product\/11250\/revisions\/11252"}],"wp:featuredmedia":[{"embeddable":true,"href":"https:\/\/grillandmore.lv\/shop\/wp-json\/wp\/v2\/media\/11251"}],"wp:attachment":[{"href":"https:\/\/grillandmore.lv\/shop\/wp-json\/wp\/v2\/media?parent=11250"}],"wp:term":[{"taxonomy":"pwb-brand","embeddable":true,"href":"https:\/\/grillandmore.lv\/shop\/wp-json\/wp\/v2\/pwb-brand?post=11250"},{"taxonomy":"product_brand","embeddable":true,"href":"https:\/\/grillandmore.lv\/shop\/wp-json\/wp\/v2\/product_brand?post=11250"},{"taxonomy":"product_cat","embeddable":true,"href":"https:\/\/grillandmore.lv\/shop\/wp-json\/wp\/v2\/product_cat?post=11250"},{"taxonomy":"product_tag","embeddable":true,"href":"https:\/\/grillandmore.lv\/shop\/wp-json\/wp\/v2\/product_tag?post=11250"}],"curies":[{"name":"wp","href":"https:\/\/api.w.org\/{rel}","templated":true}]}}