{"id":11261,"date":"2023-11-21T13:54:20","date_gmt":"2023-11-21T11:54:20","guid":{"rendered":"https:\/\/grillandmore.lv\/shop\/?post_type=product&#038;p=11261"},"modified":"2023-11-21T13:54:20","modified_gmt":"2023-11-21T11:54:20","slug":"ofyr-classic-storage-black-85","status":"publish","type":"product","link":"https:\/\/grillandmore.lv\/shop\/products\/ofyr-classic-storage-black-85\/","title":{"rendered":"OFYR Classic Storage Black 85"},"content":{"rendered":"<p>* Glab\u0101\u0161anas mode\u013ci ir ide\u0101li piem\u0113roti koksnes uzglab\u0101\u0161anai.<br \/>\n* Tie ir nedaudz smag\u0101ki par klasisko l\u012bniju.<br \/>\n* Neraugoties uz augstas kvalit\u0101tes p\u0101rkl\u0101jumu, melno p\u0101rkl\u0101jumu mode\u013cu iek\u0161puse ir pak\u013cauta skr\u0101p\u0113jumiem: koksne ir r\u016bp\u012bgi j\u0101sakrauj.<br \/>\n* Mode\u013ciem ar melnu p\u0101rkl\u0101jumu nepiecie\u0161ama liel\u0101ka apkope. Ieteicams izmantot p\u0101rsegu.<\/p>\n<p>Pl\u0101ksnes svars: 44 kg<br \/>\nGatavo\u0161anas virsma: 0,44 m\u00b2<br \/>\nPl\u0101ksnes diametrs: 85 cm<br \/>\nIzm\u0113ri: 85x85x103 cm<br \/>\nB\u0101zes izm\u0113rs: 45x45x78 cm<br \/>\nMateri\u0101ls: T\u0113rauds ar melnu p\u0101rkl\u0101jumu<br \/>\nNovietnes ietilp\u012bba: 0,12 m\u00b3<br \/>\nKop\u0113jais svars: 96 kg<\/p>\n","protected":false},"excerpt":{"rendered":"<p>Viss OFYR stils un vienk\u0101r\u0161\u012bba ar papildu \u0113rt\u012bb\u0101m, ko nodro\u0161ina ieb\u016bv\u0113ta koka glab\u0101tuve. Pieejams 85 cm vai 100 cm diametr\u0101. OFYR Classic Storage ir ide\u0101ls papildin\u0101jums j\u016bsu d\u0101rzam.<\/p>\n","protected":false},"featured_media":11262,"comment_status":"open","ping_status":"closed","template":"","meta":[],"pwb-brand":[308],"product_brand":[],"product_cat":[126],"product_tag":[],"class_list":{"0":"post-11261","1":"product","2":"type-product","3":"status-publish","4":"has-post-thumbnail","6":"pwb-brand-ofyr","7":"product_cat-malkas-grili","9":"first","10":"onbackorder","11":"taxable","12":"shipping-taxable","13":"purchasable","14":"product-type-simple"},"brands":[{"id":308,"name":"OFYR","slug":"ofyr"}],"_links":{"self":[{"href":"https:\/\/grillandmore.lv\/shop\/wp-json\/wp\/v2\/product\/11261","targetHints":{"allow":["GET"]}}],"collection":[{"href":"https:\/\/grillandmore.lv\/shop\/wp-json\/wp\/v2\/product"}],"about":[{"href":"https:\/\/grillandmore.lv\/shop\/wp-json\/wp\/v2\/types\/product"}],"replies":[{"embeddable":true,"href":"https:\/\/grillandmore.lv\/shop\/wp-json\/wp\/v2\/comments?post=11261"}],"version-history":[{"count":1,"href":"https:\/\/grillandmore.lv\/shop\/wp-json\/wp\/v2\/product\/11261\/revisions"}],"predecessor-version":[{"id":11263,"href":"https:\/\/grillandmore.lv\/shop\/wp-json\/wp\/v2\/product\/11261\/revisions\/11263"}],"wp:featuredmedia":[{"embeddable":true,"href":"https:\/\/grillandmore.lv\/shop\/wp-json\/wp\/v2\/media\/11262"}],"wp:attachment":[{"href":"https:\/\/grillandmore.lv\/shop\/wp-json\/wp\/v2\/media?parent=11261"}],"wp:term":[{"taxonomy":"pwb-brand","embeddable":true,"href":"https:\/\/grillandmore.lv\/shop\/wp-json\/wp\/v2\/pwb-brand?post=11261"},{"taxonomy":"product_brand","embeddable":true,"href":"https:\/\/grillandmore.lv\/shop\/wp-json\/wp\/v2\/product_brand?post=11261"},{"taxonomy":"product_cat","embeddable":true,"href":"https:\/\/grillandmore.lv\/shop\/wp-json\/wp\/v2\/product_cat?post=11261"},{"taxonomy":"product_tag","embeddable":true,"href":"https:\/\/grillandmore.lv\/shop\/wp-json\/wp\/v2\/product_tag?post=11261"}],"curies":[{"name":"wp","href":"https:\/\/api.w.org\/{rel}","templated":true}]}}