{"id":11273,"date":"2023-11-21T14:30:06","date_gmt":"2023-11-21T12:30:06","guid":{"rendered":"https:\/\/grillandmore.lv\/shop\/?post_type=product&#038;p=11273"},"modified":"2023-11-21T14:30:06","modified_gmt":"2023-11-21T12:30:06","slug":"ofyr-island-black-85-teak-wood","status":"publish","type":"product","link":"https:\/\/grillandmore.lv\/shop\/products\/ofyr-island-black-85-teak-wood\/","title":{"rendered":"OFYR Island Black 85 Teak Wood"},"content":{"rendered":"<p>* Izmantojot salu, j\u016bs izv\u0113laties uzman\u012bbu piesaisto\u0161u elementu, kas veido piln\u012bgu \u0101ra virtuvi.<br \/>\n* Keramikas darba virsmu var atst\u0101t \u0101r\u0101 uz visiem laikiem, t\u012bkkoka darba virsmu vislab\u0101k tur\u0113t iek\u0161\u0101, un t\u0101 regul\u0101ri j\u0101apstr\u0101d\u0101 ar p\u0101rtikai piem\u0113rotu e\u013c\u013cu.<br \/>\n* Instrumentu paliktni var uzst\u0101d\u012bt s\u0101nos vai aizmugur\u0113.<br \/>\n* Mode\u013ciem ar melnu p\u0101rkl\u0101jumu nepiecie\u0161ama liel\u0101ka apkope: salas aug\u0161da\u013cai j\u0101b\u016bt t\u012brai un sausai, \u012bpa\u0161i konusa pamatn\u0113, lai nov\u0113rstu r\u016bsu. Ieteicams izmantot p\u0101rsegu.<\/p>\n<p>Pl\u0101ksnes svars:\u00a044 kg<br \/>\nGatavo\u0161anas virama:\u00a00,44 m\u00b2<br \/>\nPl\u0101ksnes izm\u0113rs:\u00a085 cm<br \/>\nIzm\u0113rs:\u00a085x165x100 cm<br \/>\nB\u0101zes izm\u0113rs:\u00a045x135x78 cm<br \/>\nGalda izm\u0113ri:\u00a045x45x10 cm<br \/>\nMateri\u0101ls:\u00a0T\u0113rauds ar melnu p\u0101rkl\u0101jumu<br \/>\nNovietnes ietilp\u012bba:\u00a00,3 m\u00b3<br \/>\nKop\u0113jais svars:\u00a0147 kg<\/p>\n","protected":false},"excerpt":{"rendered":"<p>\u0160\u012b univers\u0101l\u0101 ier\u012bce apvieno nep\u0101rsp\u0113jamu stilu un funkcionalit\u0101ti kompakt\u0101 dizain\u0101. OFYR sal\u0101 ir viss, kas nepiecie\u0161ams, lai kop\u0101 ar draugiem vai \u0123imeni var\u0113tu baud\u012bt gatavo\u0161anas pieredzi br\u012bv\u0101 dab\u0101. Taj\u0101 ietilpst 85\u00a0cm vai 100\u00a0cm OFYR gatavo\u0161anas iek\u0101rta ar malkas glab\u0101tuvi, grie\u0161anas d\u0113lis un \u0113rta piederumu papl\u0101te traukiem un gar\u0161viel\u0101m. Grie\u0161anas d\u0113lis ir pieejams no t\u012bkkoka vai tum\u0161i pel\u0113kas keramikas.<\/p>\n","protected":false},"featured_media":11274,"comment_status":"open","ping_status":"closed","template":"","meta":[],"pwb-brand":[308],"product_brand":[],"product_cat":[126],"product_tag":[],"class_list":{"0":"post-11273","1":"product","2":"type-product","3":"status-publish","4":"has-post-thumbnail","6":"pwb-brand-ofyr","7":"product_cat-malkas-grili","9":"first","10":"onbackorder","11":"taxable","12":"shipping-taxable","13":"purchasable","14":"product-type-simple"},"brands":[{"id":308,"name":"OFYR","slug":"ofyr"}],"_links":{"self":[{"href":"https:\/\/grillandmore.lv\/shop\/wp-json\/wp\/v2\/product\/11273","targetHints":{"allow":["GET"]}}],"collection":[{"href":"https:\/\/grillandmore.lv\/shop\/wp-json\/wp\/v2\/product"}],"about":[{"href":"https:\/\/grillandmore.lv\/shop\/wp-json\/wp\/v2\/types\/product"}],"replies":[{"embeddable":true,"href":"https:\/\/grillandmore.lv\/shop\/wp-json\/wp\/v2\/comments?post=11273"}],"version-history":[{"count":1,"href":"https:\/\/grillandmore.lv\/shop\/wp-json\/wp\/v2\/product\/11273\/revisions"}],"predecessor-version":[{"id":11275,"href":"https:\/\/grillandmore.lv\/shop\/wp-json\/wp\/v2\/product\/11273\/revisions\/11275"}],"wp:featuredmedia":[{"embeddable":true,"href":"https:\/\/grillandmore.lv\/shop\/wp-json\/wp\/v2\/media\/11274"}],"wp:attachment":[{"href":"https:\/\/grillandmore.lv\/shop\/wp-json\/wp\/v2\/media?parent=11273"}],"wp:term":[{"taxonomy":"pwb-brand","embeddable":true,"href":"https:\/\/grillandmore.lv\/shop\/wp-json\/wp\/v2\/pwb-brand?post=11273"},{"taxonomy":"product_brand","embeddable":true,"href":"https:\/\/grillandmore.lv\/shop\/wp-json\/wp\/v2\/product_brand?post=11273"},{"taxonomy":"product_cat","embeddable":true,"href":"https:\/\/grillandmore.lv\/shop\/wp-json\/wp\/v2\/product_cat?post=11273"},{"taxonomy":"product_tag","embeddable":true,"href":"https:\/\/grillandmore.lv\/shop\/wp-json\/wp\/v2\/product_tag?post=11273"}],"curies":[{"name":"wp","href":"https:\/\/api.w.org\/{rel}","templated":true}]}}