{"id":11276,"date":"2023-11-21T14:36:47","date_gmt":"2023-11-21T12:36:47","guid":{"rendered":"https:\/\/grillandmore.lv\/shop\/?post_type=product&#038;p=11276"},"modified":"2023-11-21T14:36:48","modified_gmt":"2023-11-21T12:36:48","slug":"ofyr-island-black-100-teak-wood","status":"publish","type":"product","link":"https:\/\/grillandmore.lv\/shop\/products\/ofyr-island-black-100-teak-wood\/","title":{"rendered":"OFYR Island Black 100 Teak Wood"},"content":{"rendered":"<p>* \u0160\u012b PRO gatavo\u0161anas iek\u0101rta ir da\u013ca no visas m\u0113be\u013cu koncepcijas profesion\u0101lai \u0101ra virtuvei.<br \/>\n* Ier\u012bce ir mobila, rite\u0146i nav bremz\u0113ti.<br \/>\n* \u0160im modelim ir pieejami visi OFYR piederumi.<br \/>\n* Pateicoties t\u0101 tilpumam, \u0161\u012b ier\u012bce plaukst liel\u0101k\u0101s telp\u0101s.<br \/>\n* Mode\u013ciem ar melnu p\u0101rkl\u0101jumu nepiecie\u0161ama liel\u0101ka apkope. Ieteicams izmantot p\u0101rsegu.<\/p>\n<p>Pl\u0101ksnes svars:\u00a055 kg<br \/>\nGatavo\u0161anas virama:\u00a00,55 m\u00b2<br \/>\nPl\u0101ksnes diameters:\u00a0100 cm<br \/>\nIzm\u0113ri:\u00a0100x170x98 cm<br \/>\nB\u0101zes izm\u0113rs:\u00a050x135x73 cm<br \/>\nGalda izm\u0113rs:\u00a050x50x10 cm<br \/>\nMateri\u0101ls:\u00a0T\u0113rauds ar melnu p\u0101rkl\u0101jumu<br \/>\nNovietnes ietilp\u012bba:\u00a00,3 m\u00b3<br \/>\nKop\u0113jais svars:\u00a0167 kg<\/p>\n","protected":false},"excerpt":{"rendered":"<p>\u0160\u012b univers\u0101l\u0101 ier\u012bce apvieno nep\u0101rsp\u0113jamu stilu un funkcionalit\u0101ti kompakt\u0101 dizain\u0101. OFYR sal\u0101 ir viss, kas nepiecie\u0161ams, lai kop\u0101 ar draugiem vai \u0123imeni var\u0113tu baud\u012bt gatavo\u0161anas pieredzi br\u012bv\u0101 dab\u0101. Taj\u0101 ietilpst 85\u00a0cm vai 100\u00a0cm OFYR gatavo\u0161anas iek\u0101rta ar malkas glab\u0101tuvi, grie\u0161anas d\u0113lis un \u0113rta piederumu papl\u0101te traukiem un gar\u0161viel\u0101m. Grie\u0161anas d\u0113lis ir pieejams no t\u012bkkoka vai tum\u0161i pel\u0113kas keramikas.<\/p>\n","protected":false},"featured_media":11277,"comment_status":"open","ping_status":"closed","template":"","meta":[],"pwb-brand":[308],"product_brand":[],"product_cat":[126],"product_tag":[],"class_list":{"0":"post-11276","1":"product","2":"type-product","3":"status-publish","4":"has-post-thumbnail","6":"pwb-brand-ofyr","7":"product_cat-malkas-grili","9":"first","10":"onbackorder","11":"taxable","12":"shipping-taxable","13":"purchasable","14":"product-type-simple"},"brands":[{"id":308,"name":"OFYR","slug":"ofyr"}],"_links":{"self":[{"href":"https:\/\/grillandmore.lv\/shop\/wp-json\/wp\/v2\/product\/11276","targetHints":{"allow":["GET"]}}],"collection":[{"href":"https:\/\/grillandmore.lv\/shop\/wp-json\/wp\/v2\/product"}],"about":[{"href":"https:\/\/grillandmore.lv\/shop\/wp-json\/wp\/v2\/types\/product"}],"replies":[{"embeddable":true,"href":"https:\/\/grillandmore.lv\/shop\/wp-json\/wp\/v2\/comments?post=11276"}],"version-history":[{"count":2,"href":"https:\/\/grillandmore.lv\/shop\/wp-json\/wp\/v2\/product\/11276\/revisions"}],"predecessor-version":[{"id":11279,"href":"https:\/\/grillandmore.lv\/shop\/wp-json\/wp\/v2\/product\/11276\/revisions\/11279"}],"wp:featuredmedia":[{"embeddable":true,"href":"https:\/\/grillandmore.lv\/shop\/wp-json\/wp\/v2\/media\/11277"}],"wp:attachment":[{"href":"https:\/\/grillandmore.lv\/shop\/wp-json\/wp\/v2\/media?parent=11276"}],"wp:term":[{"taxonomy":"pwb-brand","embeddable":true,"href":"https:\/\/grillandmore.lv\/shop\/wp-json\/wp\/v2\/pwb-brand?post=11276"},{"taxonomy":"product_brand","embeddable":true,"href":"https:\/\/grillandmore.lv\/shop\/wp-json\/wp\/v2\/product_brand?post=11276"},{"taxonomy":"product_cat","embeddable":true,"href":"https:\/\/grillandmore.lv\/shop\/wp-json\/wp\/v2\/product_cat?post=11276"},{"taxonomy":"product_tag","embeddable":true,"href":"https:\/\/grillandmore.lv\/shop\/wp-json\/wp\/v2\/product_tag?post=11276"}],"curies":[{"name":"wp","href":"https:\/\/api.w.org\/{rel}","templated":true}]}}