{"id":11280,"date":"2023-11-21T14:47:06","date_gmt":"2023-11-21T12:47:06","guid":{"rendered":"https:\/\/grillandmore.lv\/shop\/?post_type=product&#038;p=11280"},"modified":"2023-11-21T14:47:07","modified_gmt":"2023-11-21T12:47:07","slug":"ofyr-classic-120-pro","status":"publish","type":"product","link":"https:\/\/grillandmore.lv\/shop\/products\/ofyr-classic-120-pro\/","title":{"rendered":"OFYR Classic 120 PRO+"},"content":{"rendered":"<p>* \u0160is modelis ir ide\u0101li piem\u0113rots profesion\u0101liem pav\u0101riem t\u0101 liel\u0101s gatavo\u0161anas virsmas d\u0113\u013c.<br \/>\n* Pieejams no Corten t\u0113rauda.<br \/>\n* Tiek izmantots t\u0101ds pats koksnes daudzums k\u0101 100 mode\u013ciem: 1\u00bd tot 2 OFYR Wood Bags (tilpums 72 litri).<br \/>\n* Sagatavojiet pilnas malt\u012btes 10-15 cilv\u0113ku grup\u0101m vai uzkodas l\u012bdz 100 cilv\u0113kiem vienlaikus.<br \/>\n* Konusa deg\u0161anas jauda ir aptuveni 4-5 stundas, pirms ir j\u0101iz\u0146em pelni.<br \/>\n* Pateicoties rite\u0146iem un rokturim, gatavo\u0161anas ier\u012bci ir viegli manevr\u0113t \u0101ra telp\u0101.<br \/>\n* Apvienojiet ar OFYR b\u016bri, lai izveidotu perfektu \u0101ra \u0113diena gatavo\u0161anas ier\u012bci pas\u0101kumiem un profesion\u0101lai lieto\u0161anai.<\/p>\n<p>Pl\u0101ksnes izm\u0113rs:\u00a087,5 kg<br \/>\nB\u0101zes izm\u0113rs:\u00a075x75x67 cm<br \/>\nKonusa svars:\u00a029,5 kg<br \/>\nB\u0101zes svars:\u00a056 kg<br \/>\nKonusa materi\u0101ls:\u00a0Kortena t\u0113rauds<br \/>\nGatavo\u0161anas pl\u0101ksnes materi\u0101ls:\u00a0Melns t\u0113rauds<br \/>\nPamatmateri\u0101ls:\u00a0Kortena t\u0113rauds<br \/>\nGatavo\u0161anas virsma:\u00a00,88 m\u00b2<br \/>\nPl\u0101ksnes diametrs:\u00a0117 cm<br \/>\nIzm\u0113ri:\u00a0117x117x100 cm<br \/>\nKop\u0113jais svars:\u00a0173 kg<\/p>\n","protected":false},"excerpt":{"rendered":"<p>OFYR PRO+ ir \u012bpa\u0161i izstr\u0101d\u0101ts profesion\u0101lai lieto\u0161anai un mazina plaisu starp OFYR 100 un XL mode\u013ciem. Tam ir liela gatavo\u0161anas virsma, kas vienlaikus var apkalpot l\u012bdz 100 cilv\u0113kiem. Pateicoties rokturim un rite\u0146iem, ier\u012bci ir viegli p\u0101rvietot jebkur\u0101 \u0101ra telp\u0101. T\u0101d\u0113j\u0101di PRO+ ir ide\u0101li piem\u0113rots lieto\u0161anai pas\u0101kumos vai profesion\u0101l\u0101 virtuv\u0113.<\/p>\n","protected":false},"featured_media":11281,"comment_status":"open","ping_status":"closed","template":"","meta":[],"pwb-brand":[308],"product_brand":[],"product_cat":[126],"product_tag":[],"class_list":{"0":"post-11280","1":"product","2":"type-product","3":"status-publish","4":"has-post-thumbnail","6":"pwb-brand-ofyr","7":"product_cat-malkas-grili","9":"first","10":"onbackorder","11":"taxable","12":"shipping-taxable","13":"purchasable","14":"product-type-simple"},"brands":[{"id":308,"name":"OFYR","slug":"ofyr"}],"_links":{"self":[{"href":"https:\/\/grillandmore.lv\/shop\/wp-json\/wp\/v2\/product\/11280","targetHints":{"allow":["GET"]}}],"collection":[{"href":"https:\/\/grillandmore.lv\/shop\/wp-json\/wp\/v2\/product"}],"about":[{"href":"https:\/\/grillandmore.lv\/shop\/wp-json\/wp\/v2\/types\/product"}],"replies":[{"embeddable":true,"href":"https:\/\/grillandmore.lv\/shop\/wp-json\/wp\/v2\/comments?post=11280"}],"version-history":[{"count":1,"href":"https:\/\/grillandmore.lv\/shop\/wp-json\/wp\/v2\/product\/11280\/revisions"}],"predecessor-version":[{"id":11282,"href":"https:\/\/grillandmore.lv\/shop\/wp-json\/wp\/v2\/product\/11280\/revisions\/11282"}],"wp:featuredmedia":[{"embeddable":true,"href":"https:\/\/grillandmore.lv\/shop\/wp-json\/wp\/v2\/media\/11281"}],"wp:attachment":[{"href":"https:\/\/grillandmore.lv\/shop\/wp-json\/wp\/v2\/media?parent=11280"}],"wp:term":[{"taxonomy":"pwb-brand","embeddable":true,"href":"https:\/\/grillandmore.lv\/shop\/wp-json\/wp\/v2\/pwb-brand?post=11280"},{"taxonomy":"product_brand","embeddable":true,"href":"https:\/\/grillandmore.lv\/shop\/wp-json\/wp\/v2\/product_brand?post=11280"},{"taxonomy":"product_cat","embeddable":true,"href":"https:\/\/grillandmore.lv\/shop\/wp-json\/wp\/v2\/product_cat?post=11280"},{"taxonomy":"product_tag","embeddable":true,"href":"https:\/\/grillandmore.lv\/shop\/wp-json\/wp\/v2\/product_tag?post=11280"}],"curies":[{"name":"wp","href":"https:\/\/api.w.org\/{rel}","templated":true}]}}