{"id":11283,"date":"2023-11-21T16:27:58","date_gmt":"2023-11-21T14:27:58","guid":{"rendered":"https:\/\/grillandmore.lv\/shop\/?post_type=product&#038;p=11283"},"modified":"2024-01-07T14:44:06","modified_gmt":"2024-01-07T12:44:06","slug":"ofyr-kamado-table-corten-150-pro-corten-ceramic-dark","status":"publish","type":"product","link":"https:\/\/grillandmore.lv\/shop\/products\/ofyr-kamado-table-corten-150-pro-corten-ceramic-dark\/","title":{"rendered":"OFYR Kamado Table Corten 150 PRO+ Corten Ceramic Dark"},"content":{"rendered":"<p>* Iek\u0161\u0113jais diametrs 58 cm.<br \/>\n* Ar regul\u0113jamu ligzdas stat\u012bvu, kas piem\u0113rots da\u017e\u0101da veida kamado, piem\u0113ram, The Bastard VX, The Bastard Urban Large un Big Green Egg Large.<br \/>\n* Zem kamado ir ierobe\u017eota vieta uzglab\u0101\u0161anai.<br \/>\n* Ier\u012bci var atst\u0101t \u0101rpus\u0113 uz visiem laikiem. P\u0113c \u0113diena gatavo\u0161anas noteikti not\u012briet darba virsmu, lai keramika b\u016btu lab\u0101 form\u0101.<\/p>\n<p>B\u0101zes svars:\u00a0109 kg<br \/>\nIzm\u0113rs:\u00a0180x75x90 cm<br \/>\nB\u0101zes izm\u0113rs:\u00a0150x75x67 cm<\/p>\n","protected":false},"excerpt":{"rendered":"<p>OFYR Kamado Table PRO+ apvieno kamado gatavo\u0161anas m\u0101kslu ar klasisko OFYR dizainu. Tam ir regul\u0113jama ligzda, kas padara galdu piem\u0113rotu da\u017e\u0101du veidu kamado, piem\u0113ram, The Bastard Urban Large, The Bastard VX un Big Green Egg Large. Galds ir pieejams no Corten t\u0113rauda ar keramikas darba virsmu.<\/p>\n","protected":false},"featured_media":11284,"comment_status":"open","ping_status":"closed","template":"","meta":[],"pwb-brand":[308],"product_brand":[],"product_cat":[310,125],"product_tag":[],"class_list":{"0":"post-11283","1":"product","2":"type-product","3":"status-publish","4":"has-post-thumbnail","6":"pwb-brand-ofyr","7":"product_cat-galdi","8":"product_cat-kokoglu-grili","10":"first","11":"onbackorder","12":"taxable","13":"shipping-taxable","14":"purchasable","15":"product-type-simple"},"brands":[{"id":308,"name":"OFYR","slug":"ofyr"}],"_links":{"self":[{"href":"https:\/\/grillandmore.lv\/shop\/wp-json\/wp\/v2\/product\/11283","targetHints":{"allow":["GET"]}}],"collection":[{"href":"https:\/\/grillandmore.lv\/shop\/wp-json\/wp\/v2\/product"}],"about":[{"href":"https:\/\/grillandmore.lv\/shop\/wp-json\/wp\/v2\/types\/product"}],"replies":[{"embeddable":true,"href":"https:\/\/grillandmore.lv\/shop\/wp-json\/wp\/v2\/comments?post=11283"}],"version-history":[{"count":1,"href":"https:\/\/grillandmore.lv\/shop\/wp-json\/wp\/v2\/product\/11283\/revisions"}],"predecessor-version":[{"id":11285,"href":"https:\/\/grillandmore.lv\/shop\/wp-json\/wp\/v2\/product\/11283\/revisions\/11285"}],"wp:featuredmedia":[{"embeddable":true,"href":"https:\/\/grillandmore.lv\/shop\/wp-json\/wp\/v2\/media\/11284"}],"wp:attachment":[{"href":"https:\/\/grillandmore.lv\/shop\/wp-json\/wp\/v2\/media?parent=11283"}],"wp:term":[{"taxonomy":"pwb-brand","embeddable":true,"href":"https:\/\/grillandmore.lv\/shop\/wp-json\/wp\/v2\/pwb-brand?post=11283"},{"taxonomy":"product_brand","embeddable":true,"href":"https:\/\/grillandmore.lv\/shop\/wp-json\/wp\/v2\/product_brand?post=11283"},{"taxonomy":"product_cat","embeddable":true,"href":"https:\/\/grillandmore.lv\/shop\/wp-json\/wp\/v2\/product_cat?post=11283"},{"taxonomy":"product_tag","embeddable":true,"href":"https:\/\/grillandmore.lv\/shop\/wp-json\/wp\/v2\/product_tag?post=11283"}],"curies":[{"name":"wp","href":"https:\/\/api.w.org\/{rel}","templated":true}]}}