{"id":11286,"date":"2023-11-21T16:32:15","date_gmt":"2023-11-21T14:32:15","guid":{"rendered":"https:\/\/grillandmore.lv\/shop\/?post_type=product&#038;p=11286"},"modified":"2023-11-21T16:32:16","modified_gmt":"2023-11-21T14:32:16","slug":"ofyr-pizza-oven-85","status":"publish","type":"product","link":"https:\/\/grillandmore.lv\/shop\/products\/ofyr-pizza-oven-85\/","title":{"rendered":"OFYR Pizza Oven 85"},"content":{"rendered":"<p>* Iek\u013cauta picas liek\u0161\u0137ere.<\/p>\n<p>* Picas cepe\u0161kr\u0101sn\u012b ir nepiecie\u0161ams gatavot p\u0113c saj\u016btas. Cepe\u0161kr\u0101sns komplekt\u0101cij\u0101 nav iek\u013cauts termometrs, jo temperat\u016bra var main\u012bties atkar\u012bb\u0101 no apk\u0101rtnes, izmantot\u0101s koksnes veida un daudzuma, k\u0101 ar\u012b no klo\u010des atv\u0113ruma izm\u0113ra.<\/p>\n<p>* Kad pamatnes vid\u016b ir uzlikta liela uguns, siltums tiks fokus\u0113ts uz cepe\u0161kr\u0101sns centru, nevis cirkul\u0113s ap cepe\u0161kr\u0101sni. Lai nodro\u0161in\u0101tu optim\u0101lu siltuma sadali, siltumu ieteicams ra\u017eot no pamata bloka s\u0101niem.<\/p>\n<p>Materi\u0101ls:\u00a0\u010cuguns un p\u0101rkl\u0101ts t\u0113rauds<br \/>\nKkop\u0113jais svars:\u00a023,6 kg<\/p>\n","protected":false},"excerpt":{"rendered":"<p>Ja m\u016bsdien\u0101s ir \u013coti popul\u0101ra \u0101ra \u0113diena gatavo\u0161anas iek\u0101rta, t\u0101 ir picas kr\u0101sns. T\u0101 k\u0101 gatavo\u0161anas iek\u0101rta OFYR ir kurin\u0101ma ar malku, t\u0101 ir lieliski piem\u0113rota gard\u0101ko picu pagatavo\u0161anai. OFYR picas cepe\u0161kr\u0101sn\u012b ir iek\u013cauta praktiska picas kauss, k\u0101 ar\u012b abpus\u0113js \u010duguna \u0161\u0137\u012bvis ar picas akmeni un dubult\u0101 t\u0113rauda pl\u0101ksne, ko var aizv\u0113rt ar rot\u0113jo\u0161u \u0101r\u0113jo sl\u0101ni. \u010cuguna pl\u0101ksnei ir ventil\u0101cijas atveres, kas pal\u012bdz siltumam cirkul\u0113t no OFYR gatavo\u0161anas vien\u012bbas uz cepe\u0161kr\u0101sni, kas \u0101tr\u0101k uzsilda picu.<\/p>\n","protected":false},"featured_media":11287,"comment_status":"open","ping_status":"closed","template":"","meta":[],"pwb-brand":[308],"product_brand":[],"product_cat":[126,309,151,128],"product_tag":[],"class_list":{"0":"post-11286","1":"product","2":"type-product","3":"status-publish","4":"has-post-thumbnail","6":"pwb-brand-ofyr","7":"product_cat-malkas-grili","8":"product_cat-ofyr-piederumi","9":"product_cat-picai","10":"product_cat-piederumi","12":"first","13":"onbackorder","14":"taxable","15":"shipping-taxable","16":"purchasable","17":"product-type-simple"},"brands":[{"id":308,"name":"OFYR","slug":"ofyr"}],"_links":{"self":[{"href":"https:\/\/grillandmore.lv\/shop\/wp-json\/wp\/v2\/product\/11286","targetHints":{"allow":["GET"]}}],"collection":[{"href":"https:\/\/grillandmore.lv\/shop\/wp-json\/wp\/v2\/product"}],"about":[{"href":"https:\/\/grillandmore.lv\/shop\/wp-json\/wp\/v2\/types\/product"}],"replies":[{"embeddable":true,"href":"https:\/\/grillandmore.lv\/shop\/wp-json\/wp\/v2\/comments?post=11286"}],"version-history":[{"count":1,"href":"https:\/\/grillandmore.lv\/shop\/wp-json\/wp\/v2\/product\/11286\/revisions"}],"predecessor-version":[{"id":11288,"href":"https:\/\/grillandmore.lv\/shop\/wp-json\/wp\/v2\/product\/11286\/revisions\/11288"}],"wp:featuredmedia":[{"embeddable":true,"href":"https:\/\/grillandmore.lv\/shop\/wp-json\/wp\/v2\/media\/11287"}],"wp:attachment":[{"href":"https:\/\/grillandmore.lv\/shop\/wp-json\/wp\/v2\/media?parent=11286"}],"wp:term":[{"taxonomy":"pwb-brand","embeddable":true,"href":"https:\/\/grillandmore.lv\/shop\/wp-json\/wp\/v2\/pwb-brand?post=11286"},{"taxonomy":"product_brand","embeddable":true,"href":"https:\/\/grillandmore.lv\/shop\/wp-json\/wp\/v2\/product_brand?post=11286"},{"taxonomy":"product_cat","embeddable":true,"href":"https:\/\/grillandmore.lv\/shop\/wp-json\/wp\/v2\/product_cat?post=11286"},{"taxonomy":"product_tag","embeddable":true,"href":"https:\/\/grillandmore.lv\/shop\/wp-json\/wp\/v2\/product_tag?post=11286"}],"curies":[{"name":"wp","href":"https:\/\/api.w.org\/{rel}","templated":true}]}}