{"id":11292,"date":"2023-11-21T16:40:23","date_gmt":"2023-11-21T14:40:23","guid":{"rendered":"https:\/\/grillandmore.lv\/shop\/?post_type=product&#038;p=11292"},"modified":"2023-11-21T17:16:54","modified_gmt":"2023-11-21T15:16:54","slug":"ofyr-picas-delis","status":"publish","type":"product","link":"https:\/\/grillandmore.lv\/shop\/products\/ofyr-picas-delis\/","title":{"rendered":"OFYR picas d\u0113lis"},"content":{"rendered":"<p>* Taisnst\u016brveida picas d\u0113lis.<br \/>\n* Garo rokturi ir viegli un \u0113rti tur\u0113t rok\u0101s.<br \/>\n* Picas d\u0113lis p\u0113c katras lieto\u0161anas reizes j\u0101t\u012bra ar rok\u0101m.<br \/>\n* P\u0113c lieto\u0161anas uzglab\u0101t labi v\u0113din\u0101m\u0101 viet\u0101 (izvairieties no atvilktn\u0113m un skapjiem).<\/p>\n<p>Izm\u0113ri:\u00a051,1x38x1,2 cm<br \/>\nMateri\u0101ls:\u00a0t\u012bkkoks<\/p>\n","protected":false},"excerpt":{"rendered":"<p>Vai pl\u0101nojat sar\u012bkot picas ball\u012bti? Pasniedziet savas picas \u0161aj\u0101 skaistaj\u0101 OFYR Pizza Board. Tas ir izgatavots no t\u012bkkoka, un tam ir praktiska taisnst\u016bra forma. Atk\u0101pe ap apmali pal\u012bdz nov\u0113rst drupatu nokri\u0161anu no d\u0113\u013ca. Garais rokturis d\u0113\u013ca gal\u0101 \u013cauj \u0113rti un \u0113rti pasniegt \u0113dienu.<\/p>\n","protected":false},"featured_media":11293,"comment_status":"open","ping_status":"closed","template":"","meta":[],"pwb-brand":[308],"product_brand":[],"product_cat":[126,309,151,128],"product_tag":[],"class_list":{"0":"post-11292","1":"product","2":"type-product","3":"status-publish","4":"has-post-thumbnail","6":"pwb-brand-ofyr","7":"product_cat-malkas-grili","8":"product_cat-ofyr-piederumi","9":"product_cat-picai","10":"product_cat-piederumi","11":"product_shipping_class-paku-skapis","13":"first","14":"onbackorder","15":"taxable","16":"shipping-taxable","17":"purchasable","18":"product-type-simple"},"brands":[{"id":308,"name":"OFYR","slug":"ofyr"}],"_links":{"self":[{"href":"https:\/\/grillandmore.lv\/shop\/wp-json\/wp\/v2\/product\/11292","targetHints":{"allow":["GET"]}}],"collection":[{"href":"https:\/\/grillandmore.lv\/shop\/wp-json\/wp\/v2\/product"}],"about":[{"href":"https:\/\/grillandmore.lv\/shop\/wp-json\/wp\/v2\/types\/product"}],"replies":[{"embeddable":true,"href":"https:\/\/grillandmore.lv\/shop\/wp-json\/wp\/v2\/comments?post=11292"}],"version-history":[{"count":1,"href":"https:\/\/grillandmore.lv\/shop\/wp-json\/wp\/v2\/product\/11292\/revisions"}],"predecessor-version":[{"id":11294,"href":"https:\/\/grillandmore.lv\/shop\/wp-json\/wp\/v2\/product\/11292\/revisions\/11294"}],"wp:featuredmedia":[{"embeddable":true,"href":"https:\/\/grillandmore.lv\/shop\/wp-json\/wp\/v2\/media\/11293"}],"wp:attachment":[{"href":"https:\/\/grillandmore.lv\/shop\/wp-json\/wp\/v2\/media?parent=11292"}],"wp:term":[{"taxonomy":"pwb-brand","embeddable":true,"href":"https:\/\/grillandmore.lv\/shop\/wp-json\/wp\/v2\/pwb-brand?post=11292"},{"taxonomy":"product_brand","embeddable":true,"href":"https:\/\/grillandmore.lv\/shop\/wp-json\/wp\/v2\/product_brand?post=11292"},{"taxonomy":"product_cat","embeddable":true,"href":"https:\/\/grillandmore.lv\/shop\/wp-json\/wp\/v2\/product_cat?post=11292"},{"taxonomy":"product_tag","embeddable":true,"href":"https:\/\/grillandmore.lv\/shop\/wp-json\/wp\/v2\/product_tag?post=11292"}],"curies":[{"name":"wp","href":"https:\/\/api.w.org\/{rel}","templated":true}]}}