{"id":11295,"date":"2023-11-21T16:44:28","date_gmt":"2023-11-21T14:44:28","guid":{"rendered":"https:\/\/grillandmore.lv\/shop\/?post_type=product&#038;p=11295"},"modified":"2023-11-21T16:44:29","modified_gmt":"2023-11-21T14:44:29","slug":"ofyr-ciedras-koka-delisi","status":"publish","type":"product","link":"https:\/\/grillandmore.lv\/shop\/products\/ofyr-ciedras-koka-delisi\/","title":{"rendered":"OFYR Ciedras koka d\u0113l\u012b\u0161i"},"content":{"rendered":"<p>* Izmantojiet tikai uz OFYR gatavo\u0161anas pl\u0101ksnes. Neizmantojiet uz grila, k\u0101 ar\u012b nenovietojiet tos tie\u0161\u0101 saskar\u0113 ar uguni.<br \/>\n* Pareizi t\u012brot, d\u0113\u013ci ir atk\u0101rtoti lietojami.<br \/>\n* Piem\u0113rots l\u0113nai gatavo\u0161anai, lai rad\u012btu d\u016bmu gar\u0161u.<\/p>\n<p>Izm\u0113ri:\u00a03x 14&#215;30 cm<br \/>\nMateri\u0101ls:\u00a0Ciedru koks<br \/>\nKop\u0113jais svars:\u00a0300 g<\/p>\n","protected":false},"excerpt":{"rendered":"<p>OFYR ciedra koka d\u0113\u013ci ir daudzfunkcion\u0101ls piederums, ko var izmantot uz OFYR. Ciedra koka d\u0113\u013ci j\u016bsu \u0113dieniem pie\u0161\u0137ir gar\u0161\u012bgu d\u016bmu arom\u0101tu un pal\u0113nina gatavo\u0161anas procesu par aptuveni 50%. D\u0113\u013cus var izmantot ar\u012b, lai pirms pasnieg\u0161anas uztur\u0113tu \u0113dienu siltu uz gatavo\u0161anas pl\u0101ksnes.<\/p>\n","protected":false},"featured_media":11296,"comment_status":"open","ping_status":"closed","template":"","meta":[],"pwb-brand":[308],"product_brand":[],"product_cat":[147,126,309,128],"product_tag":[],"class_list":{"0":"post-11295","1":"product","2":"type-product","3":"status-publish","4":"has-post-thumbnail","6":"pwb-brand-ofyr","7":"product_cat-delisi-grilesanai","8":"product_cat-malkas-grili","9":"product_cat-ofyr-piederumi","10":"product_cat-piederumi","11":"product_shipping_class-paku-skapis","13":"first","14":"onbackorder","15":"taxable","16":"shipping-taxable","17":"purchasable","18":"product-type-simple"},"brands":[{"id":308,"name":"OFYR","slug":"ofyr"}],"_links":{"self":[{"href":"https:\/\/grillandmore.lv\/shop\/wp-json\/wp\/v2\/product\/11295","targetHints":{"allow":["GET"]}}],"collection":[{"href":"https:\/\/grillandmore.lv\/shop\/wp-json\/wp\/v2\/product"}],"about":[{"href":"https:\/\/grillandmore.lv\/shop\/wp-json\/wp\/v2\/types\/product"}],"replies":[{"embeddable":true,"href":"https:\/\/grillandmore.lv\/shop\/wp-json\/wp\/v2\/comments?post=11295"}],"version-history":[{"count":1,"href":"https:\/\/grillandmore.lv\/shop\/wp-json\/wp\/v2\/product\/11295\/revisions"}],"predecessor-version":[{"id":11297,"href":"https:\/\/grillandmore.lv\/shop\/wp-json\/wp\/v2\/product\/11295\/revisions\/11297"}],"wp:featuredmedia":[{"embeddable":true,"href":"https:\/\/grillandmore.lv\/shop\/wp-json\/wp\/v2\/media\/11296"}],"wp:attachment":[{"href":"https:\/\/grillandmore.lv\/shop\/wp-json\/wp\/v2\/media?parent=11295"}],"wp:term":[{"taxonomy":"pwb-brand","embeddable":true,"href":"https:\/\/grillandmore.lv\/shop\/wp-json\/wp\/v2\/pwb-brand?post=11295"},{"taxonomy":"product_brand","embeddable":true,"href":"https:\/\/grillandmore.lv\/shop\/wp-json\/wp\/v2\/product_brand?post=11295"},{"taxonomy":"product_cat","embeddable":true,"href":"https:\/\/grillandmore.lv\/shop\/wp-json\/wp\/v2\/product_cat?post=11295"},{"taxonomy":"product_tag","embeddable":true,"href":"https:\/\/grillandmore.lv\/shop\/wp-json\/wp\/v2\/product_tag?post=11295"}],"curies":[{"name":"wp","href":"https:\/\/api.w.org\/{rel}","templated":true}]}}