{"id":11298,"date":"2023-11-21T16:47:55","date_gmt":"2023-11-21T14:47:55","guid":{"rendered":"https:\/\/grillandmore.lv\/shop\/?post_type=product&#038;p=11298"},"modified":"2023-11-21T17:17:02","modified_gmt":"2023-11-21T15:17:02","slug":"ofyr-soft-cover-black-85","status":"publish","type":"product","link":"https:\/\/grillandmore.lv\/shop\/products\/ofyr-soft-cover-black-85\/","title":{"rendered":"OFYR Soft Cover Black 85"},"content":{"rendered":"<p>* Ide\u0101li piem\u0113rots kombin\u0113\u0161anai ar OFYR snuffers vai OFYR Covers jebkuros laika apst\u0101k\u013cos.<br \/>\n* Neskatoties uz kvalitat\u012bvo, \u016bdensiztur\u012bgo materi\u0101lu, elast\u012bgums un audums laika gait\u0101 var nolietoties.<br \/>\n* Pieejams ar\u012b k\u0101 komplekts ar OFYR Snuffer.<\/p>\n<p>I&#8217;m;eri:\u00a0\u00d885 cm<br \/>\nMateri\u0101ls:\u00a0Oksforda ar PU p\u0101rkl\u0101jumu<br \/>\nKop\u0113jais svars:\u00a020 g<\/p>\n","protected":false},"excerpt":{"rendered":"<p>Lai nosegtu OFYR gatavo\u0161anas vien\u012bbu gatavo\u0161anas pl\u0101ksni, jau past\u0101v OFYR Snuffer (dz\u0113\u0161am\u0101 apar\u0101ta v\u0101ks) da\u013c\u0113jai gatavo\u0161anas pl\u0101ksnes p\u0101rkl\u0101jumam un OFYR Cover (aizsargv\u0101ks) pilnam gatavo\u0161anas pl\u0101ksnes p\u0101rkl\u0101jumam. \u016adensnecaurlaid\u012bgais OFYR Soft Cover Black, kas izgatavots no plastmasas, ir ide\u0101li piem\u0113rots lieto\u0161anai kop\u0101 ar OFYR Snuffer. Tam joproj\u0101m ir Snuffer dz\u0113\u0161anas funkcija, savuk\u0101rt v\u0101ks nosl\u0113dz gatavo\u0161anas pl\u0101ksni \u016bdensnecaurlaid\u012bgi. \u016adensiztur\u012bgs, bet ne mitrumiztur\u012bgs, t\u0101p\u0113c pl\u0101ksne b\u016bs j\u0101tur taukaina, lai nov\u0113rstu r\u016bsu. Tas attiecas ar\u012b uz OFYR m\u012bksto p\u0101rsegu. OFYR Soft Cover Black ir standarta komplekt\u0101cij\u0101 ar melnaj\u0101m OFYR gatavo\u0161anas ier\u012bc\u0113m.<\/p>\n","protected":false},"featured_media":11300,"comment_status":"open","ping_status":"closed","template":"","meta":[],"pwb-brand":[308],"product_brand":[],"product_cat":[126,309,311,128],"product_tag":[],"class_list":{"0":"post-11298","1":"product","2":"type-product","3":"status-publish","4":"has-post-thumbnail","6":"pwb-brand-ofyr","7":"product_cat-malkas-grili","8":"product_cat-ofyr-piederumi","9":"product_cat-parvalki-piederumi","10":"product_cat-piederumi","11":"product_shipping_class-paku-skapis","13":"first","14":"onbackorder","15":"taxable","16":"shipping-taxable","17":"purchasable","18":"product-type-simple"},"brands":[{"id":308,"name":"OFYR","slug":"ofyr"}],"_links":{"self":[{"href":"https:\/\/grillandmore.lv\/shop\/wp-json\/wp\/v2\/product\/11298","targetHints":{"allow":["GET"]}}],"collection":[{"href":"https:\/\/grillandmore.lv\/shop\/wp-json\/wp\/v2\/product"}],"about":[{"href":"https:\/\/grillandmore.lv\/shop\/wp-json\/wp\/v2\/types\/product"}],"replies":[{"embeddable":true,"href":"https:\/\/grillandmore.lv\/shop\/wp-json\/wp\/v2\/comments?post=11298"}],"version-history":[{"count":3,"href":"https:\/\/grillandmore.lv\/shop\/wp-json\/wp\/v2\/product\/11298\/revisions"}],"predecessor-version":[{"id":11302,"href":"https:\/\/grillandmore.lv\/shop\/wp-json\/wp\/v2\/product\/11298\/revisions\/11302"}],"wp:featuredmedia":[{"embeddable":true,"href":"https:\/\/grillandmore.lv\/shop\/wp-json\/wp\/v2\/media\/11300"}],"wp:attachment":[{"href":"https:\/\/grillandmore.lv\/shop\/wp-json\/wp\/v2\/media?parent=11298"}],"wp:term":[{"taxonomy":"pwb-brand","embeddable":true,"href":"https:\/\/grillandmore.lv\/shop\/wp-json\/wp\/v2\/pwb-brand?post=11298"},{"taxonomy":"product_brand","embeddable":true,"href":"https:\/\/grillandmore.lv\/shop\/wp-json\/wp\/v2\/product_brand?post=11298"},{"taxonomy":"product_cat","embeddable":true,"href":"https:\/\/grillandmore.lv\/shop\/wp-json\/wp\/v2\/product_cat?post=11298"},{"taxonomy":"product_tag","embeddable":true,"href":"https:\/\/grillandmore.lv\/shop\/wp-json\/wp\/v2\/product_tag?post=11298"}],"curies":[{"name":"wp","href":"https:\/\/api.w.org\/{rel}","templated":true}]}}