{"id":11303,"date":"2023-11-21T16:55:35","date_gmt":"2023-11-21T14:55:35","guid":{"rendered":"https:\/\/grillandmore.lv\/shop\/?post_type=product&#038;p=11303"},"modified":"2023-11-21T17:17:09","modified_gmt":"2023-11-21T15:17:09","slug":"ofyr-spatula-set","status":"publish","type":"product","link":"https:\/\/grillandmore.lv\/shop\/products\/ofyr-spatula-set\/","title":{"rendered":"OFYR Spatula Set"},"content":{"rendered":"<p>* Sast\u0101v no burgeru virpot\u0101ja un l\u0101psti\u0146as.<br \/>\n* 2 da\u017e\u0101das formas, lai viegli apgrieztu \u0113dienu uz gatavo\u0161anas pl\u0101ksnes.<br \/>\n* Burger Turner ir paaugstin\u0101ta mala maksim\u0101lai kontrolei un stabilit\u0101tei.<\/p>\n<p>Izm\u0113ri:\u00a027,1&#215;8,9&#215;2 cm un 25,6x12x2 cm<br \/>\nMateri\u0101ls:\u00a0Ner\u016bs\u0113jo\u0161ais t\u0113rauds un koks<br \/>\nKop\u0113jais svars:\u00a0220 g un 180 g<\/p>\n","protected":false},"excerpt":{"rendered":"<p>\u0160is OFYR l\u0101psti\u0146u komplekts sast\u0101v no diviem b\u016btiskiem traukiem \u0113diena gatavo\u0161anai \u0101r\u0101: burgeru virpot\u0101ja un cietas l\u0101psti\u0146as. Burger Turner ir gar\u0161 asmens, ar kuru j\u016bs varat viegli uzgriezt savus iecien\u012bt\u0101kos p\u012br\u0101dzi\u0146us vai d\u0101rze\u0146us uz gatavo\u0161anas pl\u0101ksnes. Asmenim pie roktura ir pacelta mala, kas nodro\u0161ina maksim\u0101lu kontroli un stabilit\u0101ti, apgrie\u017eot \u0113dienu. L\u0101psti\u0146a vien\u0101 gabal\u0101 saglab\u0101 trauslus \u0113dienus, piem\u0113ram, zivis un pank\u016bkas.<\/p>\n","protected":false},"featured_media":11304,"comment_status":"open","ping_status":"closed","template":"","meta":[],"pwb-brand":[308],"product_brand":[],"product_cat":[126,309,128,135],"product_tag":[],"class_list":{"0":"post-11303","1":"product","2":"type-product","3":"status-publish","4":"has-post-thumbnail","6":"pwb-brand-ofyr","7":"product_cat-malkas-grili","8":"product_cat-ofyr-piederumi","9":"product_cat-piederumi","10":"product_cat-piederumi-un-komplekti","12":"first","13":"onbackorder","14":"taxable","15":"shipping-taxable","16":"purchasable","17":"product-type-simple"},"brands":[{"id":308,"name":"OFYR","slug":"ofyr"}],"_links":{"self":[{"href":"https:\/\/grillandmore.lv\/shop\/wp-json\/wp\/v2\/product\/11303","targetHints":{"allow":["GET"]}}],"collection":[{"href":"https:\/\/grillandmore.lv\/shop\/wp-json\/wp\/v2\/product"}],"about":[{"href":"https:\/\/grillandmore.lv\/shop\/wp-json\/wp\/v2\/types\/product"}],"replies":[{"embeddable":true,"href":"https:\/\/grillandmore.lv\/shop\/wp-json\/wp\/v2\/comments?post=11303"}],"version-history":[{"count":1,"href":"https:\/\/grillandmore.lv\/shop\/wp-json\/wp\/v2\/product\/11303\/revisions"}],"predecessor-version":[{"id":11305,"href":"https:\/\/grillandmore.lv\/shop\/wp-json\/wp\/v2\/product\/11303\/revisions\/11305"}],"wp:featuredmedia":[{"embeddable":true,"href":"https:\/\/grillandmore.lv\/shop\/wp-json\/wp\/v2\/media\/11304"}],"wp:attachment":[{"href":"https:\/\/grillandmore.lv\/shop\/wp-json\/wp\/v2\/media?parent=11303"}],"wp:term":[{"taxonomy":"pwb-brand","embeddable":true,"href":"https:\/\/grillandmore.lv\/shop\/wp-json\/wp\/v2\/pwb-brand?post=11303"},{"taxonomy":"product_brand","embeddable":true,"href":"https:\/\/grillandmore.lv\/shop\/wp-json\/wp\/v2\/product_brand?post=11303"},{"taxonomy":"product_cat","embeddable":true,"href":"https:\/\/grillandmore.lv\/shop\/wp-json\/wp\/v2\/product_cat?post=11303"},{"taxonomy":"product_tag","embeddable":true,"href":"https:\/\/grillandmore.lv\/shop\/wp-json\/wp\/v2\/product_tag?post=11303"}],"curies":[{"name":"wp","href":"https:\/\/api.w.org\/{rel}","templated":true}]}}