{"id":11312,"date":"2023-11-21T17:20:04","date_gmt":"2023-11-21T15:20:04","guid":{"rendered":"https:\/\/grillandmore.lv\/shop\/?post_type=product&#038;p=11312"},"modified":"2023-11-21T17:20:04","modified_gmt":"2023-11-21T15:20:04","slug":"ofyr-plate-extension-set-xl","status":"publish","type":"product","link":"https:\/\/grillandmore.lv\/shop\/products\/ofyr-plate-extension-set-xl\/","title":{"rendered":"OFYR Plate Extension Set XL"},"content":{"rendered":"<p>* P\u0101rtikas buferis ir integr\u0113ts Grill Round XL grila tur\u0113t\u0101j\u0101, lai nodro\u0161in\u0101tu papildu stabilit\u0101ti. \u0160o tur\u0113t\u0101ju nevar aizst\u0101t ar parasto Grill Round XL.<br \/>\n* Var lietot kop\u0101 ar komplekt\u0101 iek\u013cauto OFYR 85 pl\u012bts pl\u012bti. Pl\u0101ksni var aizst\u0101t ar\u012b ar Grill Round XL re\u017e\u0123i.<br \/>\n* Apvienojiet ar piederumiem OFYR Classic 85, piem\u0113ram, picas cepe\u0161kr\u0101sni 85, Rotisserie Set, Grill Round 85 vai Horizontal Skewers Ring 85.<\/p>\n","protected":false},"excerpt":{"rendered":"<p>Plate Extension XL pace\u013c \u0113dienu gatavo\u0161anas \u0161ovu augst\u0101k\u0101 l\u012bmen\u012b. \u0160is \u012bpa\u0161ais OFYR XL komplekts sast\u0101v no grila tur\u0113t\u0101ja ar integr\u0113tu p\u0101rtikas buferi un atsevi\u0161\u0137as OFYR 85 gatavo\u0161anas pl\u0101ksnes. Pl\u0101ksni var izmantot k\u0101 parastu OFYR 85 ier\u012bci, un to var kombin\u0113t ar piederumiem, piem\u0113ram, picas kr\u0101sni vai Rotisserie komplektu. T\u0101d\u0101 veid\u0101 Plate Extension pievieno v\u0113l vair\u0101k gatavo\u0161anas virsmu un nodro\u0161ina izcilu kulin\u0101rijas pieredzi.<\/p>\n","protected":false},"featured_media":11313,"comment_status":"open","ping_status":"closed","template":"","meta":[],"pwb-brand":[308],"product_brand":[],"product_cat":[126,309],"product_tag":[],"class_list":{"0":"post-11312","1":"product","2":"type-product","3":"status-publish","4":"has-post-thumbnail","6":"pwb-brand-ofyr","7":"product_cat-malkas-grili","8":"product_cat-ofyr-piederumi","10":"first","11":"onbackorder","12":"taxable","13":"shipping-taxable","14":"purchasable","15":"product-type-simple"},"brands":[{"id":308,"name":"OFYR","slug":"ofyr"}],"_links":{"self":[{"href":"https:\/\/grillandmore.lv\/shop\/wp-json\/wp\/v2\/product\/11312","targetHints":{"allow":["GET"]}}],"collection":[{"href":"https:\/\/grillandmore.lv\/shop\/wp-json\/wp\/v2\/product"}],"about":[{"href":"https:\/\/grillandmore.lv\/shop\/wp-json\/wp\/v2\/types\/product"}],"replies":[{"embeddable":true,"href":"https:\/\/grillandmore.lv\/shop\/wp-json\/wp\/v2\/comments?post=11312"}],"version-history":[{"count":1,"href":"https:\/\/grillandmore.lv\/shop\/wp-json\/wp\/v2\/product\/11312\/revisions"}],"predecessor-version":[{"id":11314,"href":"https:\/\/grillandmore.lv\/shop\/wp-json\/wp\/v2\/product\/11312\/revisions\/11314"}],"wp:featuredmedia":[{"embeddable":true,"href":"https:\/\/grillandmore.lv\/shop\/wp-json\/wp\/v2\/media\/11313"}],"wp:attachment":[{"href":"https:\/\/grillandmore.lv\/shop\/wp-json\/wp\/v2\/media?parent=11312"}],"wp:term":[{"taxonomy":"pwb-brand","embeddable":true,"href":"https:\/\/grillandmore.lv\/shop\/wp-json\/wp\/v2\/pwb-brand?post=11312"},{"taxonomy":"product_brand","embeddable":true,"href":"https:\/\/grillandmore.lv\/shop\/wp-json\/wp\/v2\/product_brand?post=11312"},{"taxonomy":"product_cat","embeddable":true,"href":"https:\/\/grillandmore.lv\/shop\/wp-json\/wp\/v2\/product_cat?post=11312"},{"taxonomy":"product_tag","embeddable":true,"href":"https:\/\/grillandmore.lv\/shop\/wp-json\/wp\/v2\/product_tag?post=11312"}],"curies":[{"name":"wp","href":"https:\/\/api.w.org\/{rel}","templated":true}]}}