{"id":11315,"date":"2023-11-21T17:23:12","date_gmt":"2023-11-21T15:23:12","guid":{"rendered":"https:\/\/grillandmore.lv\/shop\/?post_type=product&#038;p=11315"},"modified":"2023-11-21T17:23:13","modified_gmt":"2023-11-21T15:23:13","slug":"ofyr-grila-rinkis-75","status":"publish","type":"product","link":"https:\/\/grillandmore.lv\/shop\/products\/ofyr-grila-rinkis-75\/","title":{"rendered":"OFYR Grila rin\u0137is 75"},"content":{"rendered":"<p>* Pie\u0161\u0137iriet savam OFYR 75 Corten papildu izm\u0113ru, izmantojot gatavo\u0161anas ier\u012bci k\u0101 b\u0101rbekj\u016b.<br \/>\n* Piem\u0113rots lielu ga\u013cas, zivju un d\u0101rze\u0146u izcirt\u0146u gril\u0113\u0161anai.<br \/>\n* Grils nodro\u0161ina ar\u012b stabilu virsmu katliem un pann\u0101m.<br \/>\n* Grilu ieteicams uzglab\u0101t telp\u0101s, lai nov\u0113rstu r\u016bs\u0113\u0161anu.<\/p>\n<p>Izm\u0113ri:\u00a0\u00d838&#215;13 cm<br \/>\nMateri\u0101ls:\u00a0T\u0113rauds<br \/>\nKop\u0113jais svars:\u00a04 kg<\/p>\n","protected":false},"excerpt":{"rendered":"<p>Uzlabojiet savu \u0101ra gatavo\u0161anas pieredzi ar OFYR Grill Round 75. \u0160is piederums ir \u012bpa\u0161i izstr\u0101d\u0101ts, lai tas atbilstu OFYR 75 Corten gatavo\u0161anas vien\u012bbai. Tas ir novietots uz gatavo\u0161anas pl\u0101ksnes iek\u0161\u0113j\u0101s malas, kur tas balst\u0101s uz 3 p\u0113d\u0101m. Stat\u012bvs pace\u013c grilu ide\u0101l\u0101 augstum\u0101 tie\u0161i virs uguns, nodro\u0161inot dro\u0161u un stabilu gatavo\u0161anas virsmu. Neatkar\u012bgi no t\u0101, vai v\u0113laties cept, gril\u0113t, cept vai pat gatavot, \u0161is papla\u0161in\u0101jums \u013cauj izp\u0113t\u012bt pla\u0161u gatavo\u0161anas pa\u0146\u0113mienu kl\u0101stu.<\/p>\n","protected":false},"featured_media":11316,"comment_status":"open","ping_status":"closed","template":"","meta":[],"pwb-brand":[308],"product_brand":[],"product_cat":[146,126],"product_tag":[],"class_list":{"0":"post-11315","1":"product","2":"type-product","3":"status-publish","4":"has-post-thumbnail","6":"pwb-brand-ofyr","7":"product_cat-aizdedzinasanai","8":"product_cat-malkas-grili","10":"first","11":"onbackorder","12":"taxable","13":"shipping-taxable","14":"purchasable","15":"product-type-simple"},"brands":[{"id":308,"name":"OFYR","slug":"ofyr"}],"_links":{"self":[{"href":"https:\/\/grillandmore.lv\/shop\/wp-json\/wp\/v2\/product\/11315","targetHints":{"allow":["GET"]}}],"collection":[{"href":"https:\/\/grillandmore.lv\/shop\/wp-json\/wp\/v2\/product"}],"about":[{"href":"https:\/\/grillandmore.lv\/shop\/wp-json\/wp\/v2\/types\/product"}],"replies":[{"embeddable":true,"href":"https:\/\/grillandmore.lv\/shop\/wp-json\/wp\/v2\/comments?post=11315"}],"version-history":[{"count":1,"href":"https:\/\/grillandmore.lv\/shop\/wp-json\/wp\/v2\/product\/11315\/revisions"}],"predecessor-version":[{"id":11317,"href":"https:\/\/grillandmore.lv\/shop\/wp-json\/wp\/v2\/product\/11315\/revisions\/11317"}],"wp:featuredmedia":[{"embeddable":true,"href":"https:\/\/grillandmore.lv\/shop\/wp-json\/wp\/v2\/media\/11316"}],"wp:attachment":[{"href":"https:\/\/grillandmore.lv\/shop\/wp-json\/wp\/v2\/media?parent=11315"}],"wp:term":[{"taxonomy":"pwb-brand","embeddable":true,"href":"https:\/\/grillandmore.lv\/shop\/wp-json\/wp\/v2\/pwb-brand?post=11315"},{"taxonomy":"product_brand","embeddable":true,"href":"https:\/\/grillandmore.lv\/shop\/wp-json\/wp\/v2\/product_brand?post=11315"},{"taxonomy":"product_cat","embeddable":true,"href":"https:\/\/grillandmore.lv\/shop\/wp-json\/wp\/v2\/product_cat?post=11315"},{"taxonomy":"product_tag","embeddable":true,"href":"https:\/\/grillandmore.lv\/shop\/wp-json\/wp\/v2\/product_tag?post=11315"}],"curies":[{"name":"wp","href":"https:\/\/api.w.org\/{rel}","templated":true}]}}