{"id":11318,"date":"2023-11-21T17:29:01","date_gmt":"2023-11-21T15:29:01","guid":{"rendered":"https:\/\/grillandmore.lv\/shop\/?post_type=product&#038;p=11318"},"modified":"2023-11-21T17:29:01","modified_gmt":"2023-11-21T15:29:01","slug":"rotisserie-motors","status":"publish","type":"product","link":"https:\/\/grillandmore.lv\/shop\/products\/rotisserie-motors\/","title":{"rendered":"Rotisserie Motors"},"content":{"rendered":"<p>* Var kombin\u0113t ar Rotisserie komplektu.<br \/>\n* Darbojas ar 3x AA baterij\u0101m. Baterijas komplekt\u0101.<br \/>\n* Iek\u013cauts ner\u016bs\u0113jo\u0161\u0101 t\u0113rauda stiprin\u0101juma kron\u0161teins. Kron\u0161teins ir piestiprin\u0101ts motora aizmugur\u0113, p\u0113c tam to var viegli uzst\u0101d\u012bt uz ner\u016bs\u0113jo\u0161\u0101 t\u0113rauda stat\u0146iem.<br \/>\n* Autom\u0101tiski pagrie\u017e iesmu.<\/p>\n","protected":false},"excerpt":{"rendered":"<p>Cilv\u0113ki, kuriem pat\u012bk gatavot ga\u013cu uz iesma, nevar palaist gar\u0101m \u0161o praktisko Rotisserie motoru. Motoru ir viegli piestiprin\u0101t pie Rotisserie Set ner\u016bs\u0113jo\u0161\u0101 t\u0113rauda stat\u0146iem. Iesmu ar groz\u0101mo \u0101\u0137i var iemont\u0113t motor\u0101, p\u0113c tam iesms tiek autom\u0101tiski pagriezts. Ide\u0101li piem\u0113rots ga\u013cas pagatavo\u0161anai l\u012bdz piln\u012bbai.<\/p>\n","protected":false},"featured_media":11319,"comment_status":"open","ping_status":"closed","template":"","meta":[],"pwb-brand":[308],"product_brand":[],"product_cat":[126,309],"product_tag":[],"class_list":{"0":"post-11318","1":"product","2":"type-product","3":"status-publish","4":"has-post-thumbnail","6":"pwb-brand-ofyr","7":"product_cat-malkas-grili","8":"product_cat-ofyr-piederumi","10":"first","11":"onbackorder","12":"taxable","13":"shipping-taxable","14":"purchasable","15":"product-type-simple"},"brands":[{"id":308,"name":"OFYR","slug":"ofyr"}],"_links":{"self":[{"href":"https:\/\/grillandmore.lv\/shop\/wp-json\/wp\/v2\/product\/11318","targetHints":{"allow":["GET"]}}],"collection":[{"href":"https:\/\/grillandmore.lv\/shop\/wp-json\/wp\/v2\/product"}],"about":[{"href":"https:\/\/grillandmore.lv\/shop\/wp-json\/wp\/v2\/types\/product"}],"replies":[{"embeddable":true,"href":"https:\/\/grillandmore.lv\/shop\/wp-json\/wp\/v2\/comments?post=11318"}],"version-history":[{"count":1,"href":"https:\/\/grillandmore.lv\/shop\/wp-json\/wp\/v2\/product\/11318\/revisions"}],"predecessor-version":[{"id":11320,"href":"https:\/\/grillandmore.lv\/shop\/wp-json\/wp\/v2\/product\/11318\/revisions\/11320"}],"wp:featuredmedia":[{"embeddable":true,"href":"https:\/\/grillandmore.lv\/shop\/wp-json\/wp\/v2\/media\/11319"}],"wp:attachment":[{"href":"https:\/\/grillandmore.lv\/shop\/wp-json\/wp\/v2\/media?parent=11318"}],"wp:term":[{"taxonomy":"pwb-brand","embeddable":true,"href":"https:\/\/grillandmore.lv\/shop\/wp-json\/wp\/v2\/pwb-brand?post=11318"},{"taxonomy":"product_brand","embeddable":true,"href":"https:\/\/grillandmore.lv\/shop\/wp-json\/wp\/v2\/product_brand?post=11318"},{"taxonomy":"product_cat","embeddable":true,"href":"https:\/\/grillandmore.lv\/shop\/wp-json\/wp\/v2\/product_cat?post=11318"},{"taxonomy":"product_tag","embeddable":true,"href":"https:\/\/grillandmore.lv\/shop\/wp-json\/wp\/v2\/product_tag?post=11318"}],"curies":[{"name":"wp","href":"https:\/\/api.w.org\/{rel}","templated":true}]}}