{"id":11321,"date":"2023-11-21T17:44:00","date_gmt":"2023-11-21T15:44:00","guid":{"rendered":"https:\/\/grillandmore.lv\/shop\/?post_type=product&#038;p=11321"},"modified":"2023-11-21T17:44:00","modified_gmt":"2023-11-21T15:44:00","slug":"ofyr-snuffer-black-85","status":"publish","type":"product","link":"https:\/\/grillandmore.lv\/shop\/products\/ofyr-snuffer-black-85\/","title":{"rendered":"OFYR Snuffer Black 85"},"content":{"rendered":"<p>* Nav paredz\u0113ts liela ugunsgr\u0113ka dz\u0113\u0161anai.<br \/>\n* Snuffer nedr\u012bkst izvilkt, pirms uguns nav piln\u012bb\u0101 nodz\u0113sts.<br \/>\n* Koka klo\u0137i regul\u0101ri j\u0101iee\u013c\u013co.<br \/>\n* Pieejams ar\u012b k\u0101 komplekts ar m\u012bksto v\u0101ku<\/p>\n<p>Izm\u0113ri:\u00a0\u00d850 cm<br \/>\nMateri\u0101ls:\u00a0T\u0113rauds ar melnu p\u0101rkl\u0101jumu<br \/>\nKop\u0113jais svars:\u00a03 kg<\/p>\n","protected":false},"excerpt":{"rendered":"<p>Izgatavots no meln\u0101 p\u0101rkl\u0101juma t\u0113rauda un apr\u012bkots ar sarkankoka pogu, l\u016bdzu, izmantojiet m\u016bsu Snuffer Black 85, 100 un XL, lai p\u0113c lieto\u0161anas dro\u0161i nodz\u0113stu savu OFYR. Snuffers ir apr\u012bkoti ar 6 izci\u013c\u0146iem, lai nov\u0113rstu to izkust\u0113\u0161anos ugunsgr\u0113ka dz\u0113\u0161anas laik\u0101.<\/p>\n","protected":false},"featured_media":11323,"comment_status":"open","ping_status":"closed","template":"","meta":[],"pwb-brand":[308],"product_brand":[],"product_cat":[126,309,311,128],"product_tag":[],"class_list":{"0":"post-11321","1":"product","2":"type-product","3":"status-publish","4":"has-post-thumbnail","6":"pwb-brand-ofyr","7":"product_cat-malkas-grili","8":"product_cat-ofyr-piederumi","9":"product_cat-parvalki-piederumi","10":"product_cat-piederumi","12":"first","13":"onbackorder","14":"taxable","15":"shipping-taxable","16":"purchasable","17":"product-type-simple"},"brands":[{"id":308,"name":"OFYR","slug":"ofyr"}],"_links":{"self":[{"href":"https:\/\/grillandmore.lv\/shop\/wp-json\/wp\/v2\/product\/11321","targetHints":{"allow":["GET"]}}],"collection":[{"href":"https:\/\/grillandmore.lv\/shop\/wp-json\/wp\/v2\/product"}],"about":[{"href":"https:\/\/grillandmore.lv\/shop\/wp-json\/wp\/v2\/types\/product"}],"replies":[{"embeddable":true,"href":"https:\/\/grillandmore.lv\/shop\/wp-json\/wp\/v2\/comments?post=11321"}],"version-history":[{"count":1,"href":"https:\/\/grillandmore.lv\/shop\/wp-json\/wp\/v2\/product\/11321\/revisions"}],"predecessor-version":[{"id":11324,"href":"https:\/\/grillandmore.lv\/shop\/wp-json\/wp\/v2\/product\/11321\/revisions\/11324"}],"wp:featuredmedia":[{"embeddable":true,"href":"https:\/\/grillandmore.lv\/shop\/wp-json\/wp\/v2\/media\/11323"}],"wp:attachment":[{"href":"https:\/\/grillandmore.lv\/shop\/wp-json\/wp\/v2\/media?parent=11321"}],"wp:term":[{"taxonomy":"pwb-brand","embeddable":true,"href":"https:\/\/grillandmore.lv\/shop\/wp-json\/wp\/v2\/pwb-brand?post=11321"},{"taxonomy":"product_brand","embeddable":true,"href":"https:\/\/grillandmore.lv\/shop\/wp-json\/wp\/v2\/product_brand?post=11321"},{"taxonomy":"product_cat","embeddable":true,"href":"https:\/\/grillandmore.lv\/shop\/wp-json\/wp\/v2\/product_cat?post=11321"},{"taxonomy":"product_tag","embeddable":true,"href":"https:\/\/grillandmore.lv\/shop\/wp-json\/wp\/v2\/product_tag?post=11321"}],"curies":[{"name":"wp","href":"https:\/\/api.w.org\/{rel}","templated":true}]}}