{"id":11328,"date":"2023-11-21T17:52:28","date_gmt":"2023-11-21T15:52:28","guid":{"rendered":"https:\/\/grillandmore.lv\/shop\/?post_type=product&#038;p=11328"},"modified":"2023-11-21T17:52:28","modified_gmt":"2023-11-21T15:52:28","slug":"ofyr-staub-trauku-komplekts","status":"publish","type":"product","link":"https:\/\/grillandmore.lv\/shop\/products\/ofyr-staub-trauku-komplekts\/","title":{"rendered":"OFYR Staub Trauku komplekts"},"content":{"rendered":"<p>* Piem\u0113rots tikai OFYR gatavo\u0161anas vien\u012bb\u0101m.<br \/>\n* Piem\u0113rots lieto\u0161anai uz gatavo\u0161anas pl\u0101ksnes, picas kr\u0101sn\u012b un uz grila.<br \/>\n* Meln\u0101 emalja \u0101rpus\u0113 ir iztur\u012bga, un taj\u0101 ir gan OFYR, gan Staub logotips.<br \/>\n* Pannas var sakraut vienu virs otras, lai tos b\u016btu viegli uzglab\u0101t.<br \/>\n* Pannas nav mazg\u0101jamas trauku ma\u0161\u012bn\u0101, un t\u0101s j\u0101t\u012bra ar rok\u0101m.<br \/>\n* Pace\u013cot karst\u0101s pannas un v\u0101ku, izmantojiet cimdus.<\/p>\n<p>Izm\u0113ri:\u00a0\u00d826&#215;12,5 cm un \u00d826&#215;8,5 cm<br \/>\nMateri\u0101ls:\u00a0\u010cuguns<br \/>\nKop\u0113jais svars:\u00a08,5 kg<\/p>\n","protected":false},"excerpt":{"rendered":"<p>\u0160is saliekamais OFYR Staub pannu komplekts, kas sast\u0101v no zema kastro\u013ca, augsta kastro\u013ca un v\u0101ka, ir ide\u0101ls papildin\u0101jums gatavo\u0161anai \u0101r\u0101. \u010cuguns viegli absorb\u0113 atkl\u0101tas uguns siltumu, vienm\u0113r\u012bgi izklied\u0113joties pa visu pannu. Lietojot v\u0101ku, sast\u0101vda\u013cas ieg\u016bs v\u0113l vair\u0101k gar\u0161as: tekst\u016bras v\u0101ka apak\u0161\u0101 rada arom\u0101ta lietu, kas nep\u0101rtraukti smidzina \u0113dienu.<\/p>\n","protected":false},"featured_media":11329,"comment_status":"open","ping_status":"closed","template":"","meta":[],"pwb-brand":[308],"product_brand":[],"product_cat":[126,309,128,150],"product_tag":[],"class_list":{"0":"post-11328","1":"product","2":"type-product","3":"status-publish","4":"has-post-thumbnail","6":"pwb-brand-ofyr","7":"product_cat-malkas-grili","8":"product_cat-ofyr-piederumi","9":"product_cat-piederumi","10":"product_cat-trauki","12":"first","13":"onbackorder","14":"taxable","15":"shipping-taxable","16":"purchasable","17":"product-type-simple"},"brands":[{"id":308,"name":"OFYR","slug":"ofyr"}],"_links":{"self":[{"href":"https:\/\/grillandmore.lv\/shop\/wp-json\/wp\/v2\/product\/11328","targetHints":{"allow":["GET"]}}],"collection":[{"href":"https:\/\/grillandmore.lv\/shop\/wp-json\/wp\/v2\/product"}],"about":[{"href":"https:\/\/grillandmore.lv\/shop\/wp-json\/wp\/v2\/types\/product"}],"replies":[{"embeddable":true,"href":"https:\/\/grillandmore.lv\/shop\/wp-json\/wp\/v2\/comments?post=11328"}],"version-history":[{"count":1,"href":"https:\/\/grillandmore.lv\/shop\/wp-json\/wp\/v2\/product\/11328\/revisions"}],"predecessor-version":[{"id":11330,"href":"https:\/\/grillandmore.lv\/shop\/wp-json\/wp\/v2\/product\/11328\/revisions\/11330"}],"wp:featuredmedia":[{"embeddable":true,"href":"https:\/\/grillandmore.lv\/shop\/wp-json\/wp\/v2\/media\/11329"}],"wp:attachment":[{"href":"https:\/\/grillandmore.lv\/shop\/wp-json\/wp\/v2\/media?parent=11328"}],"wp:term":[{"taxonomy":"pwb-brand","embeddable":true,"href":"https:\/\/grillandmore.lv\/shop\/wp-json\/wp\/v2\/pwb-brand?post=11328"},{"taxonomy":"product_brand","embeddable":true,"href":"https:\/\/grillandmore.lv\/shop\/wp-json\/wp\/v2\/product_brand?post=11328"},{"taxonomy":"product_cat","embeddable":true,"href":"https:\/\/grillandmore.lv\/shop\/wp-json\/wp\/v2\/product_cat?post=11328"},{"taxonomy":"product_tag","embeddable":true,"href":"https:\/\/grillandmore.lv\/shop\/wp-json\/wp\/v2\/product_tag?post=11328"}],"curies":[{"name":"wp","href":"https:\/\/api.w.org\/{rel}","templated":true}]}}