{"id":11336,"date":"2023-11-21T18:00:43","date_gmt":"2023-11-21T16:00:43","guid":{"rendered":"https:\/\/grillandmore.lv\/shop\/?post_type=product&#038;p=11336"},"modified":"2023-11-21T18:00:43","modified_gmt":"2023-11-21T16:00:43","slug":"ofyr-snuffer-soft-cover-black-85-set","status":"publish","type":"product","link":"https:\/\/grillandmore.lv\/shop\/products\/ofyr-snuffer-soft-cover-black-85-set\/","title":{"rendered":"OFYR Snuffer + Soft Cover Black 85 Set"},"content":{"rendered":"<p>* Sm\u0113\u0137\u0113t\u0101js nav paredz\u0113ts liela ugunsgr\u0113ka dz\u0113\u0161anai.<br \/>\n* Sm\u0113\u0137\u0113t\u0101ju nedr\u012bkst vilkt uz aug\u0161u, pirms uguns nav piln\u012bb\u0101 nodz\u0113sts.<br \/>\n* Neskatoties uz kvalitat\u012bvo, \u016bdensiztur\u012bgo materi\u0101lu, elast\u012bba un audums laika gait\u0101 var nolietoties.<\/p>\n<p>&nbsp;<\/p>\n","protected":false},"excerpt":{"rendered":"<p>Lai nosegtu OFYR pl\u012bts virsmu pl\u012bts virsmu, jau ir pieejams OFYR Snuffer (dz\u0113\u0161am\u0101 apar\u0101ta p\u0101rsegs) da\u013c\u0113jai gatavo\u0161anas pl\u0101ksnes p\u0101rseg\u0161anai un OFYR Cover (aizsargv\u0101ks) pilnam gatavo\u0161anas pl\u0101ksnes p\u0101rsegumam.<\/p>\n<p>T\u0101 k\u0101 \u016bdensiztur\u012bgais plastmasas izgatavotais OFYR Soft Cover Black ir ide\u0101li piem\u0113rots lieto\u0161anai kop\u0101 ar OFYR Snuffer, tagad m\u0113s pied\u0101v\u0101jam ar\u012b \u0161o komplektu. Tam joproj\u0101m ir Snuffer dz\u0113\u0161anas funkcija, savuk\u0101rt v\u0101ks \u016bdensnecaurlaid\u012bgi aizver gatavo\u0161anas plati. \u016adensnecaurlaid\u012bgs, bet ne mitrumiztur\u012bgs, t\u0101p\u0113c gatavo\u0161anas pl\u0101ksne ir j\u0101tur taukaina, lai nov\u0113rstu r\u016bsu.<\/p>\n<p>Tas attiecas ar\u012b uz OFYR Soft Cover Black lieto\u0161anu.<\/p>\n","protected":false},"featured_media":11337,"comment_status":"open","ping_status":"closed","template":"","meta":[],"pwb-brand":[308],"product_brand":[],"product_cat":[126,309,311,128],"product_tag":[],"class_list":{"0":"post-11336","1":"product","2":"type-product","3":"status-publish","4":"has-post-thumbnail","6":"pwb-brand-ofyr","7":"product_cat-malkas-grili","8":"product_cat-ofyr-piederumi","9":"product_cat-parvalki-piederumi","10":"product_cat-piederumi","12":"first","13":"onbackorder","14":"taxable","15":"shipping-taxable","16":"purchasable","17":"product-type-simple"},"brands":[{"id":308,"name":"OFYR","slug":"ofyr"}],"_links":{"self":[{"href":"https:\/\/grillandmore.lv\/shop\/wp-json\/wp\/v2\/product\/11336","targetHints":{"allow":["GET"]}}],"collection":[{"href":"https:\/\/grillandmore.lv\/shop\/wp-json\/wp\/v2\/product"}],"about":[{"href":"https:\/\/grillandmore.lv\/shop\/wp-json\/wp\/v2\/types\/product"}],"replies":[{"embeddable":true,"href":"https:\/\/grillandmore.lv\/shop\/wp-json\/wp\/v2\/comments?post=11336"}],"version-history":[{"count":1,"href":"https:\/\/grillandmore.lv\/shop\/wp-json\/wp\/v2\/product\/11336\/revisions"}],"predecessor-version":[{"id":11339,"href":"https:\/\/grillandmore.lv\/shop\/wp-json\/wp\/v2\/product\/11336\/revisions\/11339"}],"wp:featuredmedia":[{"embeddable":true,"href":"https:\/\/grillandmore.lv\/shop\/wp-json\/wp\/v2\/media\/11337"}],"wp:attachment":[{"href":"https:\/\/grillandmore.lv\/shop\/wp-json\/wp\/v2\/media?parent=11336"}],"wp:term":[{"taxonomy":"pwb-brand","embeddable":true,"href":"https:\/\/grillandmore.lv\/shop\/wp-json\/wp\/v2\/pwb-brand?post=11336"},{"taxonomy":"product_brand","embeddable":true,"href":"https:\/\/grillandmore.lv\/shop\/wp-json\/wp\/v2\/product_brand?post=11336"},{"taxonomy":"product_cat","embeddable":true,"href":"https:\/\/grillandmore.lv\/shop\/wp-json\/wp\/v2\/product_cat?post=11336"},{"taxonomy":"product_tag","embeddable":true,"href":"https:\/\/grillandmore.lv\/shop\/wp-json\/wp\/v2\/product_tag?post=11336"}],"curies":[{"name":"wp","href":"https:\/\/api.w.org\/{rel}","templated":true}]}}