{"id":11340,"date":"2023-11-21T18:04:42","date_gmt":"2023-11-21T16:04:42","guid":{"rendered":"https:\/\/grillandmore.lv\/shop\/?post_type=product&#038;p=11340"},"modified":"2024-01-07T13:53:57","modified_gmt":"2024-01-07T11:53:57","slug":"ofyr-servesanas-delu-komplekts-3-gab","status":"publish","type":"product","link":"https:\/\/grillandmore.lv\/shop\/products\/ofyr-servesanas-delu-komplekts-3-gab\/","title":{"rendered":"OFYR serv\u0113\u0161anas d\u0113\u013cu komplekts \/ 3 gab."},"content":{"rendered":"<p>* 3 da\u017e\u0101du serv\u0113\u0161anas d\u0113\u013cu komplekts.<br \/>\n* Antibakteri\u0101lais aizsardz\u012bbas sl\u0101nis padara grie\u0161anas d\u0113\u013cus higi\u0113nisk\u0101kus, viegl\u0101k t\u012br\u0101mus un dro\u0161\u0101kus \u0113diena pagatavo\u0161anai.<br \/>\n* D\u0113\u013ci j\u0101t\u012bra ar rok\u0101m p\u0113c katras lieto\u0161anas reizes.<br \/>\n* P\u0113c lieto\u0161anas uzglab\u0101t labi v\u0113din\u0101m\u0101 viet\u0101 (izvairieties no atvilktn\u0113m un skapjiem).<\/p>\n<p>Izm\u0113ri:\u00a055x20x1,8 cm un 55x30x1,8 cm un 55x40x1,8 cm<br \/>\nMateri\u0101ls: t\u012bkkoks<br \/>\nKop\u0113jais svars:\u00a02,67 kg<\/p>\n","protected":false},"excerpt":{"rendered":"<p>Pasniedziet savu \u0113dienu stil\u012bgi uz OFYR serv\u0113\u0161anas d\u0113\u013ciem. \u0160aj\u0101 komplekt\u0101 ietilpst 3 augstas kvalit\u0101tes d\u0113\u013ci no t\u012bkkoka. D\u0113\u013ciem ir gar\u0161 rokturis, kuru ir \u0113rti tur\u0113t rok\u0101s. Caurums roktura aug\u0161pus\u0113 atvieglo d\u0113\u013cu glab\u0101\u0161anu, pakarinot tos virtuv\u0113 pie \u0101\u0137a. 3 d\u0113\u013ciem ir vien\u0101ds augstums, ta\u010du tie at\u0161\u0137iras platum\u0101, t\u0101p\u0113c tie ir lieliski piem\u0113roti da\u017e\u0101du veidu \u0113dienu pasnieg\u0161anai.<\/p>\n","protected":false},"featured_media":11341,"comment_status":"open","ping_status":"closed","template":"","meta":[],"pwb-brand":[308],"product_brand":[],"product_cat":[126,309,128,150],"product_tag":[],"class_list":{"0":"post-11340","1":"product","2":"type-product","3":"status-publish","4":"has-post-thumbnail","6":"pwb-brand-ofyr","7":"product_cat-malkas-grili","8":"product_cat-ofyr-piederumi","9":"product_cat-piederumi","10":"product_cat-trauki","12":"first","13":"onbackorder","14":"taxable","15":"shipping-taxable","16":"purchasable","17":"product-type-simple"},"brands":[{"id":308,"name":"OFYR","slug":"ofyr"}],"_links":{"self":[{"href":"https:\/\/grillandmore.lv\/shop\/wp-json\/wp\/v2\/product\/11340","targetHints":{"allow":["GET"]}}],"collection":[{"href":"https:\/\/grillandmore.lv\/shop\/wp-json\/wp\/v2\/product"}],"about":[{"href":"https:\/\/grillandmore.lv\/shop\/wp-json\/wp\/v2\/types\/product"}],"replies":[{"embeddable":true,"href":"https:\/\/grillandmore.lv\/shop\/wp-json\/wp\/v2\/comments?post=11340"}],"version-history":[{"count":1,"href":"https:\/\/grillandmore.lv\/shop\/wp-json\/wp\/v2\/product\/11340\/revisions"}],"predecessor-version":[{"id":11343,"href":"https:\/\/grillandmore.lv\/shop\/wp-json\/wp\/v2\/product\/11340\/revisions\/11343"}],"wp:featuredmedia":[{"embeddable":true,"href":"https:\/\/grillandmore.lv\/shop\/wp-json\/wp\/v2\/media\/11341"}],"wp:attachment":[{"href":"https:\/\/grillandmore.lv\/shop\/wp-json\/wp\/v2\/media?parent=11340"}],"wp:term":[{"taxonomy":"pwb-brand","embeddable":true,"href":"https:\/\/grillandmore.lv\/shop\/wp-json\/wp\/v2\/pwb-brand?post=11340"},{"taxonomy":"product_brand","embeddable":true,"href":"https:\/\/grillandmore.lv\/shop\/wp-json\/wp\/v2\/product_brand?post=11340"},{"taxonomy":"product_cat","embeddable":true,"href":"https:\/\/grillandmore.lv\/shop\/wp-json\/wp\/v2\/product_cat?post=11340"},{"taxonomy":"product_tag","embeddable":true,"href":"https:\/\/grillandmore.lv\/shop\/wp-json\/wp\/v2\/product_tag?post=11340"}],"curies":[{"name":"wp","href":"https:\/\/api.w.org\/{rel}","templated":true}]}}