{"id":11344,"date":"2023-11-21T18:09:02","date_gmt":"2023-11-21T16:09:02","guid":{"rendered":"https:\/\/grillandmore.lv\/shop\/?post_type=product&#038;p=11344"},"modified":"2024-01-07T14:43:35","modified_gmt":"2024-01-07T12:43:35","slug":"ofyr-kamado-table-corten-65-pro-concrete-the-bastard","status":"publish","type":"product","link":"https:\/\/grillandmore.lv\/shop\/products\/ofyr-kamado-table-corten-65-pro-concrete-the-bastard\/","title":{"rendered":"OFYR Kamado Table Corten 65 PRO Concrete The Bastard"},"content":{"rendered":"<p>* Pirms kamado galda ieg\u0101des p\u0101rbaudiet, kur\u0161 modelis ir piem\u0113rots j\u016bsu gatavo\u0161anas iek\u0101rtai.<br \/>\n* Zem kamado ir ierobe\u017eota vieta uzglab\u0101\u0161anai.<br \/>\n* Savietojams ar PRO kolekciju un OFYR Insert PRO Small, ar un bez durv\u012bm.<br \/>\n* Vien\u012bbas ar betona darba virsm\u0101m var atst\u0101t \u0101r\u0101 uz visiem laikiem. Iek\u0101rtas ar t\u012bkkoka darba virsm\u0101m var atst\u0101t \u0101rpus\u0113, ja t\u0101s ir p\u0101rkl\u0101tas un regul\u0101ri apstr\u0101d\u0101tas ar augu e\u013c\u013cu.<br \/>\n* Melnajiem mode\u013ciem nepiecie\u0161ama liel\u0101ka apkope nek\u0101 Corten mode\u013ciem. Neskatoties uz to augstas kvalit\u0101tes p\u0101rkl\u0101jumu, tie ir jut\u012bg\u0101ki pret skr\u0101p\u0113jumiem un boj\u0101jumiem.<\/p>\n<p>Izm\u0113ri:\u00a095x65x89 cm<br \/>\nB\u0101zes izm\u0113ri:\u00a065x65x67 cm<br \/>\nGalda izm\u0113ri:\u00a065x65x10 cm<br \/>\nMateri\u0101ls:\u00a0Corten &amp; Concrete<br \/>\nKop\u0113jais svars:\u00a083 kg<\/p>\n","protected":false},"excerpt":{"rendered":"<p>OFYR Kamado Table 65 PRO The Bastard ir pieejams gan no Corten, gan ar melnu p\u0101rkl\u0101jumu t\u0113rauda. \u0160\u012b iek\u0101rta apvieno kamado gatavo\u0161anas m\u0101kslu uz The Bastard vien\u012bbas ar klasisko OFYR dizainu.<\/p>\n","protected":false},"featured_media":11345,"comment_status":"open","ping_status":"closed","template":"","meta":[],"pwb-brand":[308],"product_brand":[],"product_cat":[310,125],"product_tag":[],"class_list":{"0":"post-11344","1":"product","2":"type-product","3":"status-publish","4":"has-post-thumbnail","6":"pwb-brand-ofyr","7":"product_cat-galdi","8":"product_cat-kokoglu-grili","10":"first","11":"onbackorder","12":"taxable","13":"shipping-taxable","14":"purchasable","15":"product-type-simple"},"brands":[{"id":308,"name":"OFYR","slug":"ofyr"}],"_links":{"self":[{"href":"https:\/\/grillandmore.lv\/shop\/wp-json\/wp\/v2\/product\/11344","targetHints":{"allow":["GET"]}}],"collection":[{"href":"https:\/\/grillandmore.lv\/shop\/wp-json\/wp\/v2\/product"}],"about":[{"href":"https:\/\/grillandmore.lv\/shop\/wp-json\/wp\/v2\/types\/product"}],"replies":[{"embeddable":true,"href":"https:\/\/grillandmore.lv\/shop\/wp-json\/wp\/v2\/comments?post=11344"}],"version-history":[{"count":1,"href":"https:\/\/grillandmore.lv\/shop\/wp-json\/wp\/v2\/product\/11344\/revisions"}],"predecessor-version":[{"id":11347,"href":"https:\/\/grillandmore.lv\/shop\/wp-json\/wp\/v2\/product\/11344\/revisions\/11347"}],"wp:featuredmedia":[{"embeddable":true,"href":"https:\/\/grillandmore.lv\/shop\/wp-json\/wp\/v2\/media\/11345"}],"wp:attachment":[{"href":"https:\/\/grillandmore.lv\/shop\/wp-json\/wp\/v2\/media?parent=11344"}],"wp:term":[{"taxonomy":"pwb-brand","embeddable":true,"href":"https:\/\/grillandmore.lv\/shop\/wp-json\/wp\/v2\/pwb-brand?post=11344"},{"taxonomy":"product_brand","embeddable":true,"href":"https:\/\/grillandmore.lv\/shop\/wp-json\/wp\/v2\/product_brand?post=11344"},{"taxonomy":"product_cat","embeddable":true,"href":"https:\/\/grillandmore.lv\/shop\/wp-json\/wp\/v2\/product_cat?post=11344"},{"taxonomy":"product_tag","embeddable":true,"href":"https:\/\/grillandmore.lv\/shop\/wp-json\/wp\/v2\/product_tag?post=11344"}],"curies":[{"name":"wp","href":"https:\/\/api.w.org\/{rel}","templated":true}]}}