{"id":11354,"date":"2024-01-07T13:55:19","date_gmt":"2024-01-07T11:55:19","guid":{"rendered":"https:\/\/grillandmore.lv\/shop\/?post_type=product&#038;p=11354"},"modified":"2024-01-07T14:43:26","modified_gmt":"2024-01-07T12:43:26","slug":"ofyr-kamado-table-corten-75-pro-corten-ceramic-dark","status":"publish","type":"product","link":"https:\/\/grillandmore.lv\/shop\/products\/ofyr-kamado-table-corten-75-pro-corten-ceramic-dark\/","title":{"rendered":"OFYR Kamado Table Corten 75 PRO+ Corten Ceramic Dark"},"content":{"rendered":"<p>* Iek\u0161\u0113jais diametrs 58 cm.<br \/>\n* Ar regul\u0113jamu ligzdas stat\u012bvu, kas piem\u0113rots da\u017e\u0101da veida kamado, piem\u0113ram, The Bastard VX, The Bastard Urban Large un Big Green Egg Large.<br \/>\n* Zem kamado ir ierobe\u017eota vieta uzglab\u0101\u0161anai.<br \/>\n* Iek\u0101rtu var atst\u0101t \u0101rpus\u0113 uz visiem laikiem. P\u0113c \u0113diena gatavo\u0161anas noteikti not\u012briet darba virsmu, lai keramika b\u016btu lab\u0101 form\u0101.<\/p>\n<p>B\u0101zes izm\u0113rs: 75x75x67 cm<br \/>\nIzm\u0113rs: 105x75x90 cm<br \/>\nMateri\u0101ls: Corten t\u0113rauds un keramika<br \/>\nKop\u0113jais svars: 85 kg<\/p>\n","protected":false},"excerpt":{"rendered":"<p>OFYR Kamado Table PRO+ apvieno kamado gatavo\u0161anas m\u0101kslu ar klasisko OFYR dizainu. Tam ir regul\u0113jama ligzda, kas padara galdu piem\u0113rotu da\u017e\u0101diem kamado veidiem, piem\u0113ram, The Bastard Urban Large, The Bastard VX un Big Green Egg Large. Galds ir pieejams no Corten t\u0113rauda ar keramikas darba virsmu.<\/p>\n","protected":false},"featured_media":11355,"comment_status":"open","ping_status":"closed","template":"","meta":[],"pwb-brand":[308],"product_brand":[],"product_cat":[310,125],"product_tag":[],"class_list":{"0":"post-11354","1":"product","2":"type-product","3":"status-publish","4":"has-post-thumbnail","6":"pwb-brand-ofyr","7":"product_cat-galdi","8":"product_cat-kokoglu-grili","10":"first","11":"onbackorder","12":"taxable","13":"shipping-taxable","14":"purchasable","15":"product-type-simple"},"brands":[{"id":308,"name":"OFYR","slug":"ofyr"}],"_links":{"self":[{"href":"https:\/\/grillandmore.lv\/shop\/wp-json\/wp\/v2\/product\/11354","targetHints":{"allow":["GET"]}}],"collection":[{"href":"https:\/\/grillandmore.lv\/shop\/wp-json\/wp\/v2\/product"}],"about":[{"href":"https:\/\/grillandmore.lv\/shop\/wp-json\/wp\/v2\/types\/product"}],"replies":[{"embeddable":true,"href":"https:\/\/grillandmore.lv\/shop\/wp-json\/wp\/v2\/comments?post=11354"}],"version-history":[{"count":1,"href":"https:\/\/grillandmore.lv\/shop\/wp-json\/wp\/v2\/product\/11354\/revisions"}],"predecessor-version":[{"id":11356,"href":"https:\/\/grillandmore.lv\/shop\/wp-json\/wp\/v2\/product\/11354\/revisions\/11356"}],"wp:featuredmedia":[{"embeddable":true,"href":"https:\/\/grillandmore.lv\/shop\/wp-json\/wp\/v2\/media\/11355"}],"wp:attachment":[{"href":"https:\/\/grillandmore.lv\/shop\/wp-json\/wp\/v2\/media?parent=11354"}],"wp:term":[{"taxonomy":"pwb-brand","embeddable":true,"href":"https:\/\/grillandmore.lv\/shop\/wp-json\/wp\/v2\/pwb-brand?post=11354"},{"taxonomy":"product_brand","embeddable":true,"href":"https:\/\/grillandmore.lv\/shop\/wp-json\/wp\/v2\/product_brand?post=11354"},{"taxonomy":"product_cat","embeddable":true,"href":"https:\/\/grillandmore.lv\/shop\/wp-json\/wp\/v2\/product_cat?post=11354"},{"taxonomy":"product_tag","embeddable":true,"href":"https:\/\/grillandmore.lv\/shop\/wp-json\/wp\/v2\/product_tag?post=11354"}],"curies":[{"name":"wp","href":"https:\/\/api.w.org\/{rel}","templated":true}]}}