{"id":11360,"date":"2024-01-07T14:04:50","date_gmt":"2024-01-07T12:04:50","guid":{"rendered":"https:\/\/grillandmore.lv\/shop\/?post_type=product&#038;p=11360"},"modified":"2024-01-07T14:04:50","modified_gmt":"2024-01-07T12:04:50","slug":"ofyr-naza-un-daksas-komplekts","status":"publish","type":"product","link":"https:\/\/grillandmore.lv\/shop\/products\/ofyr-naza-un-daksas-komplekts\/","title":{"rendered":"OFYR na\u017ea un dak\u0161as komplekts"},"content":{"rendered":"<p>* T\u0101d\u0101 pa\u0161\u0101 stil\u0101 k\u0101 Spatula PRO.<br \/>\n* Neaizst\u0101jams ga\u013cas grie\u0161anai un sadal\u012b\u0161anai.<br \/>\n* \u013boti paroc\u012bgs ar\u012b d\u0101rze\u0146u grie\u0161anai.<br \/>\n* Izvairieties no trauku mazg\u0101jam\u0101s ma\u0161\u012bnas, t\u012briet ar rok\u0101m.<\/p>\n","protected":false},"excerpt":{"rendered":"<p>Izgrieziet savu iecien\u012bt\u0101ko ga\u013cas, zivju vai d\u0101rze\u0146u gabalu ar OFYR na\u017eu un dak\u0161u komplektu. Tam ir termoplastisks rokturis optim\u0101lai sa\u0137erei un ner\u016bs\u0113jo\u0161\u0101 t\u0113rauda asmens.<\/p>\n","protected":false},"featured_media":11361,"comment_status":"open","ping_status":"closed","template":"","meta":[],"pwb-brand":[308],"product_brand":[],"product_cat":[126,309,128,135],"product_tag":[],"class_list":{"0":"post-11360","1":"product","2":"type-product","3":"status-publish","4":"has-post-thumbnail","6":"pwb-brand-ofyr","7":"product_cat-malkas-grili","8":"product_cat-ofyr-piederumi","9":"product_cat-piederumi","10":"product_cat-piederumi-un-komplekti","12":"first","13":"onbackorder","14":"taxable","15":"shipping-taxable","16":"purchasable","17":"product-type-simple"},"brands":[{"id":308,"name":"OFYR","slug":"ofyr"}],"_links":{"self":[{"href":"https:\/\/grillandmore.lv\/shop\/wp-json\/wp\/v2\/product\/11360","targetHints":{"allow":["GET"]}}],"collection":[{"href":"https:\/\/grillandmore.lv\/shop\/wp-json\/wp\/v2\/product"}],"about":[{"href":"https:\/\/grillandmore.lv\/shop\/wp-json\/wp\/v2\/types\/product"}],"replies":[{"embeddable":true,"href":"https:\/\/grillandmore.lv\/shop\/wp-json\/wp\/v2\/comments?post=11360"}],"version-history":[{"count":1,"href":"https:\/\/grillandmore.lv\/shop\/wp-json\/wp\/v2\/product\/11360\/revisions"}],"predecessor-version":[{"id":11362,"href":"https:\/\/grillandmore.lv\/shop\/wp-json\/wp\/v2\/product\/11360\/revisions\/11362"}],"wp:featuredmedia":[{"embeddable":true,"href":"https:\/\/grillandmore.lv\/shop\/wp-json\/wp\/v2\/media\/11361"}],"wp:attachment":[{"href":"https:\/\/grillandmore.lv\/shop\/wp-json\/wp\/v2\/media?parent=11360"}],"wp:term":[{"taxonomy":"pwb-brand","embeddable":true,"href":"https:\/\/grillandmore.lv\/shop\/wp-json\/wp\/v2\/pwb-brand?post=11360"},{"taxonomy":"product_brand","embeddable":true,"href":"https:\/\/grillandmore.lv\/shop\/wp-json\/wp\/v2\/product_brand?post=11360"},{"taxonomy":"product_cat","embeddable":true,"href":"https:\/\/grillandmore.lv\/shop\/wp-json\/wp\/v2\/product_cat?post=11360"},{"taxonomy":"product_tag","embeddable":true,"href":"https:\/\/grillandmore.lv\/shop\/wp-json\/wp\/v2\/product_tag?post=11360"}],"curies":[{"name":"wp","href":"https:\/\/api.w.org\/{rel}","templated":true}]}}