{"id":11363,"date":"2024-01-07T14:09:29","date_gmt":"2024-01-07T12:09:29","guid":{"rendered":"https:\/\/grillandmore.lv\/shop\/?post_type=product&#038;p=11363"},"modified":"2024-01-07T14:09:29","modified_gmt":"2024-01-07T12:09:29","slug":"ofyr-vaks-85","status":"publish","type":"product","link":"https:\/\/grillandmore.lv\/shop\/products\/ofyr-vaks-85\/","title":{"rendered":"OFYR v\u0101ks 85"},"content":{"rendered":"<p>* P\u0101rsegu nedr\u012bkst izmantot k\u0101 sm\u0113\u0137\u0113t\u0101ju.<br \/>\n* Stipr\u0101 v\u0113j\u0101 novietojiet uz p\u0101rsega atsvaru, apvienojiet to ar OFYR m\u012bksto p\u0101rvalku vai ievietojiet v\u0101ku iek\u0161\u0101.<br \/>\n* \u013boti svar\u012bga ir apkope: lai izvair\u012btos no laikapst\u0101k\u013ciem, regul\u0101ri nosusiniet p\u0101rsegu un vaskojiet to.<br \/>\n* Koka klo\u0137i regul\u0101ri j\u0101iee\u013c\u013co.<\/p>\n<p>Izm\u0113rs: \u00d885 cm<br \/>\nMateri\u0101ls: T\u0113rauds ar melnu p\u0101rkl\u0101jumu<br \/>\nKop\u0113jais svars: 5 kg<\/p>\n","protected":false},"excerpt":{"rendered":"<p>Izgatavots no meln\u0101 p\u0101rkl\u0101juma t\u0113rauda un apr\u012bkots ar sarkankoka klo\u0137i, OFYR Cover 85 un 100 piegu\u013c virs konusa un pl\u0101ksnes, lai segtu j\u016bsu OFYR, kad tas netiek lietots.<\/p>\n","protected":false},"featured_media":11364,"comment_status":"open","ping_status":"closed","template":"","meta":[],"pwb-brand":[308],"product_brand":[],"product_cat":[126,309],"product_tag":[],"class_list":{"0":"post-11363","1":"product","2":"type-product","3":"status-publish","4":"has-post-thumbnail","6":"pwb-brand-ofyr","7":"product_cat-malkas-grili","8":"product_cat-ofyr-piederumi","10":"first","11":"onbackorder","12":"taxable","13":"shipping-taxable","14":"purchasable","15":"product-type-simple"},"brands":[{"id":308,"name":"OFYR","slug":"ofyr"}],"_links":{"self":[{"href":"https:\/\/grillandmore.lv\/shop\/wp-json\/wp\/v2\/product\/11363","targetHints":{"allow":["GET"]}}],"collection":[{"href":"https:\/\/grillandmore.lv\/shop\/wp-json\/wp\/v2\/product"}],"about":[{"href":"https:\/\/grillandmore.lv\/shop\/wp-json\/wp\/v2\/types\/product"}],"replies":[{"embeddable":true,"href":"https:\/\/grillandmore.lv\/shop\/wp-json\/wp\/v2\/comments?post=11363"}],"version-history":[{"count":1,"href":"https:\/\/grillandmore.lv\/shop\/wp-json\/wp\/v2\/product\/11363\/revisions"}],"predecessor-version":[{"id":11366,"href":"https:\/\/grillandmore.lv\/shop\/wp-json\/wp\/v2\/product\/11363\/revisions\/11366"}],"wp:featuredmedia":[{"embeddable":true,"href":"https:\/\/grillandmore.lv\/shop\/wp-json\/wp\/v2\/media\/11364"}],"wp:attachment":[{"href":"https:\/\/grillandmore.lv\/shop\/wp-json\/wp\/v2\/media?parent=11363"}],"wp:term":[{"taxonomy":"pwb-brand","embeddable":true,"href":"https:\/\/grillandmore.lv\/shop\/wp-json\/wp\/v2\/pwb-brand?post=11363"},{"taxonomy":"product_brand","embeddable":true,"href":"https:\/\/grillandmore.lv\/shop\/wp-json\/wp\/v2\/product_brand?post=11363"},{"taxonomy":"product_cat","embeddable":true,"href":"https:\/\/grillandmore.lv\/shop\/wp-json\/wp\/v2\/product_cat?post=11363"},{"taxonomy":"product_tag","embeddable":true,"href":"https:\/\/grillandmore.lv\/shop\/wp-json\/wp\/v2\/product_tag?post=11363"}],"curies":[{"name":"wp","href":"https:\/\/api.w.org\/{rel}","templated":true}]}}