{"id":11375,"date":"2024-01-07T14:22:29","date_gmt":"2024-01-07T12:22:29","guid":{"rendered":"https:\/\/grillandmore.lv\/shop\/?post_type=product&#038;p=11375"},"modified":"2024-01-07T14:22:29","modified_gmt":"2024-01-07T12:22:29","slug":"ofyr-koka-gredzens-85","status":"publish","type":"product","link":"https:\/\/grillandmore.lv\/shop\/products\/ofyr-koka-gredzens-85\/","title":{"rendered":"OFYR koka gredzens 85"},"content":{"rendered":"<p>* Fire Guard Ring p\u0101rv\u0113r\u0161 j\u016bsu OFYR gatavo\u0161anas vien\u012bbu par m\u0101j\u012bgu un paroc\u012bgu galdu.<br \/>\n* Taj\u0101 pa\u0161\u0101 laik\u0101 gredzens ir aizsardz\u012bba pret sildvirsmu.<br \/>\n* T\u0101 k\u0101 gredzenu nevar atst\u0101t \u0101rpus\u0113 past\u0101v\u012bgi, to var \u013coti vienk\u0101r\u0161i salikt un izjaukt.<br \/>\n* \u0160is produkts tiek pieg\u0101d\u0101ts e\u013c\u013cots, ieteicams to regul\u0101ri atk\u0101rtot.<\/p>\n<p>Izm\u0113rs: \u00d8111 cm<br \/>\nMateri\u0101ls: t\u012bkkoka koks<br \/>\nKop\u0113jais svars: 7,4 kg<\/p>\n","protected":false},"excerpt":{"rendered":"<p>Jauki izstr\u0101d\u0101tais Fire Guard Ring 85 ir piederums, kas ne\u013cauj nejau\u0161i pieskarties OFYR karstajai gatavo\u0161anas pl\u0101ksnei. Taj\u0101 pa\u0161\u0101 laik\u0101 12,5 cm plato t\u012bkkoka gredzenu var izmantot k\u0101 galdu maz\u0101kiem traukiem vai virtuves piederumiem. \u0160is paroc\u012bgais r\u012bks uzlabos j\u016bsu gatavo\u0161anas pieredzi, pie\u0161\u0137irot vair\u0101k vietas \u0113diena gatavo\u0161anai un ikvienam, kas var pulc\u0113ties!<\/p>\n","protected":false},"featured_media":11376,"comment_status":"open","ping_status":"closed","template":"","meta":[],"pwb-brand":[308],"product_brand":[],"product_cat":[126,309],"product_tag":[],"class_list":{"0":"post-11375","1":"product","2":"type-product","3":"status-publish","4":"has-post-thumbnail","6":"pwb-brand-ofyr","7":"product_cat-malkas-grili","8":"product_cat-ofyr-piederumi","10":"first","11":"onbackorder","12":"taxable","13":"shipping-taxable","14":"purchasable","15":"product-type-simple"},"brands":[{"id":308,"name":"OFYR","slug":"ofyr"}],"_links":{"self":[{"href":"https:\/\/grillandmore.lv\/shop\/wp-json\/wp\/v2\/product\/11375","targetHints":{"allow":["GET"]}}],"collection":[{"href":"https:\/\/grillandmore.lv\/shop\/wp-json\/wp\/v2\/product"}],"about":[{"href":"https:\/\/grillandmore.lv\/shop\/wp-json\/wp\/v2\/types\/product"}],"replies":[{"embeddable":true,"href":"https:\/\/grillandmore.lv\/shop\/wp-json\/wp\/v2\/comments?post=11375"}],"version-history":[{"count":1,"href":"https:\/\/grillandmore.lv\/shop\/wp-json\/wp\/v2\/product\/11375\/revisions"}],"predecessor-version":[{"id":11378,"href":"https:\/\/grillandmore.lv\/shop\/wp-json\/wp\/v2\/product\/11375\/revisions\/11378"}],"wp:featuredmedia":[{"embeddable":true,"href":"https:\/\/grillandmore.lv\/shop\/wp-json\/wp\/v2\/media\/11376"}],"wp:attachment":[{"href":"https:\/\/grillandmore.lv\/shop\/wp-json\/wp\/v2\/media?parent=11375"}],"wp:term":[{"taxonomy":"pwb-brand","embeddable":true,"href":"https:\/\/grillandmore.lv\/shop\/wp-json\/wp\/v2\/pwb-brand?post=11375"},{"taxonomy":"product_brand","embeddable":true,"href":"https:\/\/grillandmore.lv\/shop\/wp-json\/wp\/v2\/product_brand?post=11375"},{"taxonomy":"product_cat","embeddable":true,"href":"https:\/\/grillandmore.lv\/shop\/wp-json\/wp\/v2\/product_cat?post=11375"},{"taxonomy":"product_tag","embeddable":true,"href":"https:\/\/grillandmore.lv\/shop\/wp-json\/wp\/v2\/product_tag?post=11375"}],"curies":[{"name":"wp","href":"https:\/\/api.w.org\/{rel}","templated":true}]}}