{"id":11382,"date":"2024-01-07T14:27:46","date_gmt":"2024-01-07T12:27:46","guid":{"rendered":"https:\/\/grillandmore.lv\/shop\/?post_type=product&#038;p=11382"},"modified":"2024-01-07T14:42:46","modified_gmt":"2024-01-07T12:42:46","slug":"ofyr-kamado-table-corten-135-pro-the-bastard","status":"publish","type":"product","link":"https:\/\/grillandmore.lv\/shop\/products\/ofyr-kamado-table-corten-135-pro-the-bastard\/","title":{"rendered":"OFYR Kamado Table Corten 135 PRO The Bastard"},"content":{"rendered":"<p>* Savietojams ar PRO kolekciju un OFYR Insert PRO Small, Medium un Large, ar vai bez durv\u012bm.<br \/>\n* Mobil\u0101 iek\u0101rta, pateicoties rokturim un rite\u0146iem. Piepildot ar koku, ier\u012bci ir gr\u016bt\u0101k p\u0101rvietot.<br \/>\n* Vien\u012bbas ar betona darba virsm\u0101m var atst\u0101t \u0101r\u0101 uz visiem laikiem. Iek\u0101rtas ar t\u012bkkoka darba virsm\u0101m var atst\u0101t \u0101rpus\u0113, ja t\u0101s ir p\u0101rkl\u0101tas un regul\u0101ri apstr\u0101d\u0101tas ar augu e\u013c\u013cu.<br \/>\n* Melnajiem mode\u013ciem nepiecie\u0161ama liel\u0101ka apkope nek\u0101 Corten mode\u013ciem. Neskatoties uz to augstas kvalit\u0101tes p\u0101rkl\u0101jumu, tie ir jut\u012bg\u0101ki pret skr\u0101p\u0113jumiem un boj\u0101jumiem.<\/p>\n<p>Izm\u0113rs: 165x65x90 cm<br \/>\nB\u0101zes izm\u0113rs: 135x65x68 cm<br \/>\nIzm\u0113rs: 135x65x90 cm<br \/>\nKop\u0113jais svars: 141 kg<\/p>\n","protected":false},"excerpt":{"rendered":"<p>Papla\u0161iniet savu \u0101ra virtuvi ar OFYR Kamado Table 135 PRO The Bastard. Papildus vietai j\u016bsu kamado gald\u0101 ir ar\u012b praktiska darba virsma, uzglab\u0101\u0161anas vieta un instrumentu paliktnis piederumiem.<\/p>\n","protected":false},"featured_media":11383,"comment_status":"open","ping_status":"closed","template":"","meta":[],"pwb-brand":[308],"product_brand":[],"product_cat":[310,125],"product_tag":[],"class_list":{"0":"post-11382","1":"product","2":"type-product","3":"status-publish","4":"has-post-thumbnail","6":"pwb-brand-ofyr","7":"product_cat-galdi","8":"product_cat-kokoglu-grili","10":"first","11":"onbackorder","12":"taxable","13":"shipping-taxable","14":"purchasable","15":"product-type-simple"},"brands":[{"id":308,"name":"OFYR","slug":"ofyr"}],"_links":{"self":[{"href":"https:\/\/grillandmore.lv\/shop\/wp-json\/wp\/v2\/product\/11382","targetHints":{"allow":["GET"]}}],"collection":[{"href":"https:\/\/grillandmore.lv\/shop\/wp-json\/wp\/v2\/product"}],"about":[{"href":"https:\/\/grillandmore.lv\/shop\/wp-json\/wp\/v2\/types\/product"}],"replies":[{"embeddable":true,"href":"https:\/\/grillandmore.lv\/shop\/wp-json\/wp\/v2\/comments?post=11382"}],"version-history":[{"count":3,"href":"https:\/\/grillandmore.lv\/shop\/wp-json\/wp\/v2\/product\/11382\/revisions"}],"predecessor-version":[{"id":11386,"href":"https:\/\/grillandmore.lv\/shop\/wp-json\/wp\/v2\/product\/11382\/revisions\/11386"}],"wp:featuredmedia":[{"embeddable":true,"href":"https:\/\/grillandmore.lv\/shop\/wp-json\/wp\/v2\/media\/11383"}],"wp:attachment":[{"href":"https:\/\/grillandmore.lv\/shop\/wp-json\/wp\/v2\/media?parent=11382"}],"wp:term":[{"taxonomy":"pwb-brand","embeddable":true,"href":"https:\/\/grillandmore.lv\/shop\/wp-json\/wp\/v2\/pwb-brand?post=11382"},{"taxonomy":"product_brand","embeddable":true,"href":"https:\/\/grillandmore.lv\/shop\/wp-json\/wp\/v2\/product_brand?post=11382"},{"taxonomy":"product_cat","embeddable":true,"href":"https:\/\/grillandmore.lv\/shop\/wp-json\/wp\/v2\/product_cat?post=11382"},{"taxonomy":"product_tag","embeddable":true,"href":"https:\/\/grillandmore.lv\/shop\/wp-json\/wp\/v2\/product_tag?post=11382"}],"curies":[{"name":"wp","href":"https:\/\/api.w.org\/{rel}","templated":true}]}}