{"id":11395,"date":"2024-01-07T14:49:27","date_gmt":"2024-01-07T12:49:27","guid":{"rendered":"https:\/\/grillandmore.lv\/shop\/?post_type=product&#038;p=11395"},"modified":"2024-01-07T14:49:27","modified_gmt":"2024-01-07T12:49:27","slug":"ofyr-island-corten-100-ceramic-dark-grey","status":"publish","type":"product","link":"https:\/\/grillandmore.lv\/shop\/products\/ofyr-island-corten-100-ceramic-dark-grey\/","title":{"rendered":"OFYR Island Corten 100 Ceramic Dark Grey"},"content":{"rendered":"<p>* \u0160\u012b PRO gatavo\u0161anas iek\u0101rta ir da\u013ca no visas m\u0113be\u013cu koncepcijas profesion\u0101lai \u0101ra virtuvei.<br \/>\n* Ier\u012bce ir mobila, rite\u0146i nav bremz\u0113ti.<br \/>\n* \u0160im modelim ir pieejami visi OFYR piederumi.<br \/>\n* Pateicoties t\u0101 tilpumam, \u0161\u012b ier\u012bce plaukst liel\u0101k\u0101s telp\u0101s.<br \/>\n* Mode\u013ciem ar melnu p\u0101rkl\u0101jumu nepiecie\u0161ama liel\u0101ka apkope. Ieteicams izmantot p\u0101rsegu.<\/p>\n<p>Pl\u0101ksnes svars: 55 kg<br \/>\nGatavo\u0161anas virsma: 0,55 m\u00b2<br \/>\nPl\u0101ksnes diametrs: 100 cm<br \/>\nIzm\u0113rs: 100x170x98 cm<br \/>\nB\u0101zes izm\u0113rs: 50x135x73 cm<br \/>\nGalda izm\u0113rs: 50x50x10 cm<br \/>\nMateri\u0101ls: Kortena t\u0113rauds<br \/>\nNovietnes ietilp\u012bba: 0,3 m\u00b3<br \/>\nKop\u0113jais svars: 169 kg<\/p>\n","protected":false},"excerpt":{"rendered":"<p>\u0160\u012b univers\u0101l\u0101 ier\u012bce apvieno nep\u0101rsp\u0113jamu stilu un funkcionalit\u0101ti kompakt\u0101 dizain\u0101. OFYR sal\u0101 ir viss, kas nepiecie\u0161ams, lai kop\u0101 ar draugiem vai \u0123imeni var\u0113tu baud\u012bt gatavo\u0161anas pieredzi br\u012bv\u0101 dab\u0101. Taj\u0101 ietilpst 85\u00a0cm vai 100\u00a0cm OFYR gatavo\u0161anas iek\u0101rta ar malkas glab\u0101tuvi, grie\u0161anas d\u0113lis un \u0113rta piederumu papl\u0101te traukiem un gar\u0161viel\u0101m. Grie\u0161anas d\u0113lis ir pieejams no t\u012bkkoka vai tum\u0161i pel\u0113kas keramikas.<\/p>\n","protected":false},"featured_media":11396,"comment_status":"open","ping_status":"closed","template":"","meta":[],"pwb-brand":[308],"product_brand":[],"product_cat":[126],"product_tag":[],"class_list":{"0":"post-11395","1":"product","2":"type-product","3":"status-publish","4":"has-post-thumbnail","6":"pwb-brand-ofyr","7":"product_cat-malkas-grili","9":"first","10":"onbackorder","11":"taxable","12":"shipping-taxable","13":"purchasable","14":"product-type-simple"},"brands":[{"id":308,"name":"OFYR","slug":"ofyr"}],"_links":{"self":[{"href":"https:\/\/grillandmore.lv\/shop\/wp-json\/wp\/v2\/product\/11395","targetHints":{"allow":["GET"]}}],"collection":[{"href":"https:\/\/grillandmore.lv\/shop\/wp-json\/wp\/v2\/product"}],"about":[{"href":"https:\/\/grillandmore.lv\/shop\/wp-json\/wp\/v2\/types\/product"}],"replies":[{"embeddable":true,"href":"https:\/\/grillandmore.lv\/shop\/wp-json\/wp\/v2\/comments?post=11395"}],"version-history":[{"count":1,"href":"https:\/\/grillandmore.lv\/shop\/wp-json\/wp\/v2\/product\/11395\/revisions"}],"predecessor-version":[{"id":11397,"href":"https:\/\/grillandmore.lv\/shop\/wp-json\/wp\/v2\/product\/11395\/revisions\/11397"}],"wp:featuredmedia":[{"embeddable":true,"href":"https:\/\/grillandmore.lv\/shop\/wp-json\/wp\/v2\/media\/11396"}],"wp:attachment":[{"href":"https:\/\/grillandmore.lv\/shop\/wp-json\/wp\/v2\/media?parent=11395"}],"wp:term":[{"taxonomy":"pwb-brand","embeddable":true,"href":"https:\/\/grillandmore.lv\/shop\/wp-json\/wp\/v2\/pwb-brand?post=11395"},{"taxonomy":"product_brand","embeddable":true,"href":"https:\/\/grillandmore.lv\/shop\/wp-json\/wp\/v2\/product_brand?post=11395"},{"taxonomy":"product_cat","embeddable":true,"href":"https:\/\/grillandmore.lv\/shop\/wp-json\/wp\/v2\/product_cat?post=11395"},{"taxonomy":"product_tag","embeddable":true,"href":"https:\/\/grillandmore.lv\/shop\/wp-json\/wp\/v2\/product_tag?post=11395"}],"curies":[{"name":"wp","href":"https:\/\/api.w.org\/{rel}","templated":true}]}}