{"id":11398,"date":"2024-01-07T14:55:49","date_gmt":"2024-01-07T12:55:49","guid":{"rendered":"https:\/\/grillandmore.lv\/shop\/?post_type=product&#038;p=11398"},"modified":"2024-01-07T14:55:49","modified_gmt":"2024-01-07T12:55:49","slug":"ofyr-partikas-buferis-85","status":"publish","type":"product","link":"https:\/\/grillandmore.lv\/shop\/products\/ofyr-partikas-buferis-85\/","title":{"rendered":"OFYR p\u0101rtikas buferis 85"},"content":{"rendered":"<p>Kop\u0113jais svars: 1,27 kg<\/p>\n","protected":false},"excerpt":{"rendered":"<p>OFYR gatavo\u0161anas bloku gatavo\u0161anas pl\u0101ksnes virz\u0101s nedaudz uz leju virzien\u0101 uz centru. Kad gatavo\u0161anas pl\u0101ksnes tiek uzkars\u0113tas, centrs nokrit\u012bsies nedaudz t\u0101l\u0101k. Rezult\u0101t\u0101 ap \u0113dieniem, piem\u0113ram, tom\u0101tiem, bet ar\u012b \u013coti taukaini \u0113dieni var apripoties vai nosl\u012bd\u0113t uz gatavo\u0161anas pl\u0101ksnes centru un iekrist ugun\u012b. Lai no t\u0101 izvair\u012btos, ir izstr\u0101d\u0101ts OFYR Food Bumper. Paaugstin\u0101t\u0101 t\u0113rauda mali\u0146a aptur \u0113dienu, bet joproj\u0101m pied\u0101v\u0101 iesp\u0113ju ar l\u0101psti\u0146u t\u012bru nokas\u012bt gatavo\u0161anas plati un iespiest skr\u0101pi zem malas ugun\u012b.<\/p>\n","protected":false},"featured_media":11399,"comment_status":"open","ping_status":"closed","template":"","meta":[],"pwb-brand":[308],"product_brand":[],"product_cat":[126,309],"product_tag":[],"class_list":{"0":"post-11398","1":"product","2":"type-product","3":"status-publish","4":"has-post-thumbnail","6":"pwb-brand-ofyr","7":"product_cat-malkas-grili","8":"product_cat-ofyr-piederumi","10":"first","11":"onbackorder","12":"taxable","13":"shipping-taxable","14":"purchasable","15":"product-type-simple"},"brands":[{"id":308,"name":"OFYR","slug":"ofyr"}],"_links":{"self":[{"href":"https:\/\/grillandmore.lv\/shop\/wp-json\/wp\/v2\/product\/11398","targetHints":{"allow":["GET"]}}],"collection":[{"href":"https:\/\/grillandmore.lv\/shop\/wp-json\/wp\/v2\/product"}],"about":[{"href":"https:\/\/grillandmore.lv\/shop\/wp-json\/wp\/v2\/types\/product"}],"replies":[{"embeddable":true,"href":"https:\/\/grillandmore.lv\/shop\/wp-json\/wp\/v2\/comments?post=11398"}],"version-history":[{"count":1,"href":"https:\/\/grillandmore.lv\/shop\/wp-json\/wp\/v2\/product\/11398\/revisions"}],"predecessor-version":[{"id":11401,"href":"https:\/\/grillandmore.lv\/shop\/wp-json\/wp\/v2\/product\/11398\/revisions\/11401"}],"wp:featuredmedia":[{"embeddable":true,"href":"https:\/\/grillandmore.lv\/shop\/wp-json\/wp\/v2\/media\/11399"}],"wp:attachment":[{"href":"https:\/\/grillandmore.lv\/shop\/wp-json\/wp\/v2\/media?parent=11398"}],"wp:term":[{"taxonomy":"pwb-brand","embeddable":true,"href":"https:\/\/grillandmore.lv\/shop\/wp-json\/wp\/v2\/pwb-brand?post=11398"},{"taxonomy":"product_brand","embeddable":true,"href":"https:\/\/grillandmore.lv\/shop\/wp-json\/wp\/v2\/product_brand?post=11398"},{"taxonomy":"product_cat","embeddable":true,"href":"https:\/\/grillandmore.lv\/shop\/wp-json\/wp\/v2\/product_cat?post=11398"},{"taxonomy":"product_tag","embeddable":true,"href":"https:\/\/grillandmore.lv\/shop\/wp-json\/wp\/v2\/product_tag?post=11398"}],"curies":[{"name":"wp","href":"https:\/\/api.w.org\/{rel}","templated":true}]}}