{"id":11402,"date":"2024-01-07T14:59:59","date_gmt":"2024-01-07T12:59:59","guid":{"rendered":"https:\/\/grillandmore.lv\/shop\/?post_type=product&#038;p=11402"},"modified":"2024-01-07T14:59:59","modified_gmt":"2024-01-07T12:59:59","slug":"ofyr-classic-corten-100-pro","status":"publish","type":"product","link":"https:\/\/grillandmore.lv\/shop\/products\/ofyr-classic-corten-100-pro\/","title":{"rendered":"OFYR Classic Corten 100 PRO"},"content":{"rendered":"<p>* \u0160\u012b PRO gatavo\u0161anas iek\u0101rta ir da\u013ca no visas m\u0113be\u013cu koncepcijas profesion\u0101lai \u0101ra virtuvei.<br \/>\n* Ier\u012bce ir mobila, rite\u0146i nav bremz\u0113ti.<br \/>\n* \u0160im modelim ir pieejami visi OFYR piederumi.<br \/>\n* Pateicoties t\u0101 tilpumam, \u0161\u012b ier\u012bce plaukst liel\u0101k\u0101s telp\u0101s.<br \/>\n* Mode\u013ciem ar melnu p\u0101rkl\u0101jumu nepiecie\u0161ama liel\u0101ka apkope. Ieteicams izmantot p\u0101rsegu.<\/p>\n<p>Pl\u0101ksnes svars: 55 kg<br \/>\nGatavo\u0161anas virsma: 0,55 m\u00b2<br \/>\nPl\u0101ksnes diametrs: 100 cm<br \/>\nIzm\u0113rs: 100x100x101 cm<br \/>\nB\u0101zes izm\u0113rs: 65x65x67 cm<br \/>\nMateri\u0101ls: Kortena t\u0113rauds<br \/>\nKop\u0113jais svars: 130 kg<\/p>\n","protected":false},"excerpt":{"rendered":"<p>OFYR Classic 100 PRO ir visas OFYR Classic \u012bpa\u0161\u012bbas ar papildu \u0113rt\u012bb\u0101m ar rokturi un rite\u0146iem. J\u016bs varat viegli p\u0101rvietot savu gatavo\u0161anas ier\u012bci. Rokturis ir izgatavots no t\u012bkkoka, t\u0101p\u0113c OFYR Classic 100 PRO ieteicams uzglab\u0101t iek\u0161\u0101 vai nojum\u0113. Pieejams tikai 100 cm diametr\u0101.<\/p>\n","protected":false},"featured_media":11403,"comment_status":"open","ping_status":"closed","template":"","meta":[],"pwb-brand":[308],"product_brand":[],"product_cat":[126],"product_tag":[],"class_list":{"0":"post-11402","1":"product","2":"type-product","3":"status-publish","4":"has-post-thumbnail","6":"pwb-brand-ofyr","7":"product_cat-malkas-grili","9":"first","10":"onbackorder","11":"taxable","12":"shipping-taxable","13":"purchasable","14":"product-type-simple"},"brands":[{"id":308,"name":"OFYR","slug":"ofyr"}],"_links":{"self":[{"href":"https:\/\/grillandmore.lv\/shop\/wp-json\/wp\/v2\/product\/11402","targetHints":{"allow":["GET"]}}],"collection":[{"href":"https:\/\/grillandmore.lv\/shop\/wp-json\/wp\/v2\/product"}],"about":[{"href":"https:\/\/grillandmore.lv\/shop\/wp-json\/wp\/v2\/types\/product"}],"replies":[{"embeddable":true,"href":"https:\/\/grillandmore.lv\/shop\/wp-json\/wp\/v2\/comments?post=11402"}],"version-history":[{"count":1,"href":"https:\/\/grillandmore.lv\/shop\/wp-json\/wp\/v2\/product\/11402\/revisions"}],"predecessor-version":[{"id":11404,"href":"https:\/\/grillandmore.lv\/shop\/wp-json\/wp\/v2\/product\/11402\/revisions\/11404"}],"wp:featuredmedia":[{"embeddable":true,"href":"https:\/\/grillandmore.lv\/shop\/wp-json\/wp\/v2\/media\/11403"}],"wp:attachment":[{"href":"https:\/\/grillandmore.lv\/shop\/wp-json\/wp\/v2\/media?parent=11402"}],"wp:term":[{"taxonomy":"pwb-brand","embeddable":true,"href":"https:\/\/grillandmore.lv\/shop\/wp-json\/wp\/v2\/pwb-brand?post=11402"},{"taxonomy":"product_brand","embeddable":true,"href":"https:\/\/grillandmore.lv\/shop\/wp-json\/wp\/v2\/product_brand?post=11402"},{"taxonomy":"product_cat","embeddable":true,"href":"https:\/\/grillandmore.lv\/shop\/wp-json\/wp\/v2\/product_cat?post=11402"},{"taxonomy":"product_tag","embeddable":true,"href":"https:\/\/grillandmore.lv\/shop\/wp-json\/wp\/v2\/product_tag?post=11402"}],"curies":[{"name":"wp","href":"https:\/\/api.w.org\/{rel}","templated":true}]}}