{"id":11413,"date":"2024-01-07T15:14:05","date_gmt":"2024-01-07T13:14:05","guid":{"rendered":"https:\/\/grillandmore.lv\/shop\/?post_type=product&#038;p=11413"},"modified":"2024-01-07T15:14:05","modified_gmt":"2024-01-07T13:14:05","slug":"ofyr-island-corten-100-pro-ceramic-dark-grey","status":"publish","type":"product","link":"https:\/\/grillandmore.lv\/shop\/products\/ofyr-island-corten-100-pro-ceramic-dark-grey\/","title":{"rendered":"OFYR Island Corten 100 PRO Ceramic Dark Grey"},"content":{"rendered":"<p>* Izmantojot salu, j\u016bs izv\u0113laties uzman\u012bbu piesaisto\u0161u elementu, kas veido piln\u012bgu \u0101ra virtuvi.<br \/>\n* Keramikas darba virsmu var atst\u0101t \u0101r\u0101 uz visiem laikiem, t\u012bkkoka darba virsmu vislab\u0101k tur\u0113t iek\u0161\u0101, un t\u0101 regul\u0101ri j\u0101apstr\u0101d\u0101 ar p\u0101rtikai piem\u0113rotu e\u013c\u013cu.<br \/>\n* \u0160o modeli var vad\u012bt, pateicoties rokturim un (nebremz\u0113tajiem) rite\u0146iem. Kad kr\u0101tuve ir piepild\u012bta ar koku, iek\u0101rta ir sal\u012bdzino\u0161i smaga.<br \/>\n* Instrumentu paliktni var uzst\u0101d\u012bt s\u0101nos vai aizmugur\u0113.<br \/>\n* Mode\u013ciem ar melnu p\u0101rkl\u0101jumu nepiecie\u0161ama liel\u0101ka apkope: salas aug\u0161da\u013cai j\u0101b\u016bt t\u012brai un sausai, \u012bpa\u0161i konusa pamatn\u0113, lai nov\u0113rstu r\u016bsu. Ieteicams izmantot p\u0101rsegu.<\/p>\n<p>Pl\u0101ksnes svars: 55 kg<br \/>\nGatavo\u0161anas virsma: 0,55 m\u00b2<br \/>\nPl\u0101ksnes diametrs: 100 cm<br \/>\nIzm\u0113ri: 100x170x102 cm<br \/>\nB\u0101zes izm\u0113rs: 65x135x73 cm<br \/>\nGalda izm\u0113rs: 50x65x10 cm<br \/>\nMateri\u0101ls: Kortena t\u0113rauds<br \/>\nNovietnes ietilp\u012bba: 0,4 m\u00b3<br \/>\nKop\u0113jais svars: 174 kg<\/p>\n","protected":false},"excerpt":{"rendered":"<p>OFYR Island Corten 100 PRO ir OFYR Island 100 mobil\u0101 versija ar dzi\u013c\u0101ku pamatni. Taj\u0101 ietilpst ciets grie\u0161anas d\u0113lis \u0113diena pagatavo\u0161anai, \u0113rta piederumu papl\u0101te un vieta malkas uzglab\u0101\u0161anai zem letes. Grie\u0161anas d\u0113lis ir pieejams no t\u012bkkoka un tum\u0161i pel\u0113kas keramikas.<\/p>\n","protected":false},"featured_media":11414,"comment_status":"open","ping_status":"closed","template":"","meta":[],"pwb-brand":[308],"product_brand":[],"product_cat":[126],"product_tag":[],"class_list":{"0":"post-11413","1":"product","2":"type-product","3":"status-publish","4":"has-post-thumbnail","6":"pwb-brand-ofyr","7":"product_cat-malkas-grili","9":"first","10":"onbackorder","11":"taxable","12":"shipping-taxable","13":"purchasable","14":"product-type-simple"},"brands":[{"id":308,"name":"OFYR","slug":"ofyr"}],"_links":{"self":[{"href":"https:\/\/grillandmore.lv\/shop\/wp-json\/wp\/v2\/product\/11413","targetHints":{"allow":["GET"]}}],"collection":[{"href":"https:\/\/grillandmore.lv\/shop\/wp-json\/wp\/v2\/product"}],"about":[{"href":"https:\/\/grillandmore.lv\/shop\/wp-json\/wp\/v2\/types\/product"}],"replies":[{"embeddable":true,"href":"https:\/\/grillandmore.lv\/shop\/wp-json\/wp\/v2\/comments?post=11413"}],"version-history":[{"count":1,"href":"https:\/\/grillandmore.lv\/shop\/wp-json\/wp\/v2\/product\/11413\/revisions"}],"predecessor-version":[{"id":11416,"href":"https:\/\/grillandmore.lv\/shop\/wp-json\/wp\/v2\/product\/11413\/revisions\/11416"}],"wp:featuredmedia":[{"embeddable":true,"href":"https:\/\/grillandmore.lv\/shop\/wp-json\/wp\/v2\/media\/11414"}],"wp:attachment":[{"href":"https:\/\/grillandmore.lv\/shop\/wp-json\/wp\/v2\/media?parent=11413"}],"wp:term":[{"taxonomy":"pwb-brand","embeddable":true,"href":"https:\/\/grillandmore.lv\/shop\/wp-json\/wp\/v2\/pwb-brand?post=11413"},{"taxonomy":"product_brand","embeddable":true,"href":"https:\/\/grillandmore.lv\/shop\/wp-json\/wp\/v2\/product_brand?post=11413"},{"taxonomy":"product_cat","embeddable":true,"href":"https:\/\/grillandmore.lv\/shop\/wp-json\/wp\/v2\/product_cat?post=11413"},{"taxonomy":"product_tag","embeddable":true,"href":"https:\/\/grillandmore.lv\/shop\/wp-json\/wp\/v2\/product_tag?post=11413"}],"curies":[{"name":"wp","href":"https:\/\/api.w.org\/{rel}","templated":true}]}}