{"id":11417,"date":"2024-01-07T15:18:27","date_gmt":"2024-01-07T13:18:27","guid":{"rendered":"https:\/\/grillandmore.lv\/shop\/?post_type=product&#038;p=11417"},"modified":"2024-01-07T15:18:27","modified_gmt":"2024-01-07T13:18:27","slug":"ofyr-xl-corten","status":"publish","type":"product","link":"https:\/\/grillandmore.lv\/shop\/products\/ofyr-xl-corten\/","title":{"rendered":"OFYR XL Corten"},"content":{"rendered":"<p>* XL-line pied\u0101v\u0101 \u013coti lielu gatavo\u0161anas virsmu, kas piem\u0113rota profesion\u0101\u013ciem, kas gatavo liel\u0101m grup\u0101m.<br \/>\n* \u0160\u012bs gatavo\u0161anas ier\u012bces izm\u0113ra un svara d\u0113\u013c to ir gr\u016bti p\u0101rvietot. Pas\u0101kumu \u0113din\u0101t\u0101jiem ieteicama alternat\u012bva ir OFYR Trailer.<br \/>\n* Paredz\u0113t pietiekami daudz koksnes. Veicot 3 atsevi\u0161\u0137as ugunskurus konus\u0101, pl\u0101ksne sal\u012bdzino\u0161i \u0101tri uzsilst l\u012bdz temperat\u016brai.<br \/>\n* Ne visi OFYR piederumi ir pieejami XL versijai.<br \/>\n* Ir pieejams m\u012bkstais v\u0101ks un Snuffer.<\/p>\n<p>Pl\u0101ksnes svars: 126 kg<br \/>\nGatavo\u0161anas virsma: 1,28 m\u00b2<br \/>\nVirsmas diametrs: 150 cm<br \/>\nIzm\u0113ri: 149x149x108 cm<br \/>\nB\u0101zes izm\u0113rs: 77x77x62 cm<br \/>\nMateri\u0101ls: Kortena t\u0113rauds<br \/>\nKop\u0113jais svars: 230,5 kg<\/p>\n","protected":false},"excerpt":{"rendered":"<p>Visas OFYR gatavo\u0161anas iek\u0101rtas ir izgatavotas p\u0113c profesion\u0101l\u0101m specifik\u0101cij\u0101m, ta\u010du \u0161is superizm\u0113ra modelis ir \u012bpa\u0161i piem\u0113rots \u0113din\u0101\u0161anai liel\u0101k\u0101m grup\u0101m. Ar 150 cm diametru ir vieta diviem \u0161efpav\u0101riem vienlaikus str\u0101d\u0101t un apkalpot l\u012bdz 150 person\u0101m. V\u0113l liel\u0101kai daudzveid\u012bbai ir pieejams XL grils un citi OFYR grila piederumi.<\/p>\n","protected":false},"featured_media":11419,"comment_status":"open","ping_status":"closed","template":"","meta":[],"pwb-brand":[308],"product_brand":[],"product_cat":[126],"product_tag":[],"class_list":{"0":"post-11417","1":"product","2":"type-product","3":"status-publish","4":"has-post-thumbnail","6":"pwb-brand-ofyr","7":"product_cat-malkas-grili","9":"first","10":"onbackorder","11":"taxable","12":"shipping-taxable","13":"purchasable","14":"product-type-simple"},"brands":[{"id":308,"name":"OFYR","slug":"ofyr"}],"_links":{"self":[{"href":"https:\/\/grillandmore.lv\/shop\/wp-json\/wp\/v2\/product\/11417","targetHints":{"allow":["GET"]}}],"collection":[{"href":"https:\/\/grillandmore.lv\/shop\/wp-json\/wp\/v2\/product"}],"about":[{"href":"https:\/\/grillandmore.lv\/shop\/wp-json\/wp\/v2\/types\/product"}],"replies":[{"embeddable":true,"href":"https:\/\/grillandmore.lv\/shop\/wp-json\/wp\/v2\/comments?post=11417"}],"version-history":[{"count":1,"href":"https:\/\/grillandmore.lv\/shop\/wp-json\/wp\/v2\/product\/11417\/revisions"}],"predecessor-version":[{"id":11420,"href":"https:\/\/grillandmore.lv\/shop\/wp-json\/wp\/v2\/product\/11417\/revisions\/11420"}],"wp:featuredmedia":[{"embeddable":true,"href":"https:\/\/grillandmore.lv\/shop\/wp-json\/wp\/v2\/media\/11419"}],"wp:attachment":[{"href":"https:\/\/grillandmore.lv\/shop\/wp-json\/wp\/v2\/media?parent=11417"}],"wp:term":[{"taxonomy":"pwb-brand","embeddable":true,"href":"https:\/\/grillandmore.lv\/shop\/wp-json\/wp\/v2\/pwb-brand?post=11417"},{"taxonomy":"product_brand","embeddable":true,"href":"https:\/\/grillandmore.lv\/shop\/wp-json\/wp\/v2\/product_brand?post=11417"},{"taxonomy":"product_cat","embeddable":true,"href":"https:\/\/grillandmore.lv\/shop\/wp-json\/wp\/v2\/product_cat?post=11417"},{"taxonomy":"product_tag","embeddable":true,"href":"https:\/\/grillandmore.lv\/shop\/wp-json\/wp\/v2\/product_tag?post=11417"}],"curies":[{"name":"wp","href":"https:\/\/api.w.org\/{rel}","templated":true}]}}