{"id":11421,"date":"2024-01-07T15:23:44","date_gmt":"2024-01-07T13:23:44","guid":{"rendered":"https:\/\/grillandmore.lv\/shop\/?post_type=product&#038;p=11421"},"modified":"2024-03-23T13:03:01","modified_gmt":"2024-03-23T11:03:01","slug":"ofyr-piekabe","status":"publish","type":"product","link":"https:\/\/grillandmore.lv\/shop\/products\/ofyr-piekabe\/","title":{"rendered":"OFYR piekabe"},"content":{"rendered":"<p>* XL-line pied\u0101v\u0101 \u013coti lielu gatavo\u0161anas virsmu, kas piem\u0113rota profesion\u0101\u013ciem, kas gatavo liel\u0101m grup\u0101m. Vienlaic\u012bgi varat gatavot kop\u0101 ar 2-3 \u0161efpav\u0101riem.<br \/>\n* Izmantojot komplekt\u0101cij\u0101 iek\u013cauto klo\u0137a rokturi, j\u016bs varat viegli nol\u012bdzin\u0101t piekabi, pateicoties 4 groz\u0101m\u0101m k\u0101j\u0101m.<br \/>\n* Braucot, j\u0101no\u0146em koka magn\u0113tisk\u0101s aug\u0161\u0113j\u0101s pl\u0101ksnes.<br \/>\n* Paredz\u0113t pietiekami daudz koksnes. Veicot 3 atsevi\u0161\u0137as ugunskurus konus\u0101, pl\u0101ksne sal\u012bdzino\u0161i \u0101tri uzsilst l\u012bdz temperat\u016brai.<br \/>\n* Ne visi OFYR piederumi ir pieejami XL versijai.<br \/>\n* Ir pieejams m\u012bkstais v\u0101ks un Snuffer.<\/p>\n<p>Pl\u0101ksnes svars: 126 kg<br \/>\nGatavo\u0161anas virsma: 1,28 m\u00b2<br \/>\nPl\u0101ksnes diametrs: 150 cm<br \/>\nIzm\u0113ri: 150x150x109 cm<br \/>\nMateri\u0101ls: Kortena t\u0113rauds<br \/>\nNovietnes ietilp\u012bba: 0,5 m\u00b3<br \/>\nKop\u0113jais svars: 470 kg<\/p>\n","protected":false},"excerpt":{"rendered":"<p>OFYR Trailer ir ide\u0101la \u0113diena gatavo\u0161anas iek\u0101rta j\u016bsu pas\u0101kumiem: viegli transport\u0113jama, un t\u0101 izm\u0113rs ir OFYR XL, lai pagatavotu episk\u0101s malt\u012btes l\u012bdz 150 cilv\u0113kiem. Piekabe ir piln\u012bb\u0101 p\u0101rbaud\u012bta un sertific\u0113ta. J\u016bgstie\u0146a piekabe ir no\u0146emama, k\u0101 ar\u012b koka bloki piekabes aug\u0161pus\u0113. Priek\u0161pus\u0113 un aizmugur\u0113 ir glab\u0101\u0161anas vieta, kas ir ide\u0101li piem\u0113rota malkas transport\u0113\u0161anai, lai j\u016bs b\u016btu gatavs doties ce\u013c\u0101. Pieejams no Corten t\u0113rauda.<\/p>\n","protected":false},"featured_media":11424,"comment_status":"open","ping_status":"closed","template":"","meta":[],"pwb-brand":[],"product_brand":[],"product_cat":[315,126],"product_tag":[],"class_list":{"0":"post-11421","1":"product","2":"type-product","3":"status-publish","4":"has-post-thumbnail","6":"product_cat-grila-piekabes","7":"product_cat-malkas-grili","9":"first","10":"onbackorder","11":"taxable","12":"shipping-taxable","13":"product-type-simple"},"brands":[],"_links":{"self":[{"href":"https:\/\/grillandmore.lv\/shop\/wp-json\/wp\/v2\/product\/11421","targetHints":{"allow":["GET"]}}],"collection":[{"href":"https:\/\/grillandmore.lv\/shop\/wp-json\/wp\/v2\/product"}],"about":[{"href":"https:\/\/grillandmore.lv\/shop\/wp-json\/wp\/v2\/types\/product"}],"replies":[{"embeddable":true,"href":"https:\/\/grillandmore.lv\/shop\/wp-json\/wp\/v2\/comments?post=11421"}],"version-history":[{"count":1,"href":"https:\/\/grillandmore.lv\/shop\/wp-json\/wp\/v2\/product\/11421\/revisions"}],"predecessor-version":[{"id":11425,"href":"https:\/\/grillandmore.lv\/shop\/wp-json\/wp\/v2\/product\/11421\/revisions\/11425"}],"wp:featuredmedia":[{"embeddable":true,"href":"https:\/\/grillandmore.lv\/shop\/wp-json\/wp\/v2\/media\/11424"}],"wp:attachment":[{"href":"https:\/\/grillandmore.lv\/shop\/wp-json\/wp\/v2\/media?parent=11421"}],"wp:term":[{"taxonomy":"pwb-brand","embeddable":true,"href":"https:\/\/grillandmore.lv\/shop\/wp-json\/wp\/v2\/pwb-brand?post=11421"},{"taxonomy":"product_brand","embeddable":true,"href":"https:\/\/grillandmore.lv\/shop\/wp-json\/wp\/v2\/product_brand?post=11421"},{"taxonomy":"product_cat","embeddable":true,"href":"https:\/\/grillandmore.lv\/shop\/wp-json\/wp\/v2\/product_cat?post=11421"},{"taxonomy":"product_tag","embeddable":true,"href":"https:\/\/grillandmore.lv\/shop\/wp-json\/wp\/v2\/product_tag?post=11421"}],"curies":[{"name":"wp","href":"https:\/\/api.w.org\/{rel}","templated":true}]}}