{"id":11430,"date":"2024-01-07T15:36:24","date_gmt":"2024-01-07T13:36:24","guid":{"rendered":"https:\/\/grillandmore.lv\/shop\/?post_type=product&#038;p=11430"},"modified":"2024-01-07T15:36:25","modified_gmt":"2024-01-07T13:36:25","slug":"ofyr-butcher-block-storage-90-corten-dark-grey-ceramic","status":"publish","type":"product","link":"https:\/\/grillandmore.lv\/shop\/products\/ofyr-butcher-block-storage-90-corten-dark-grey-ceramic\/","title":{"rendered":"OFYR Butcher Block Storage 90 Corten Dark Grey Ceramic"},"content":{"rendered":"<p>* Keramikas darba virsmu var atst\u0101t \u0101r\u0101 uz visiem laikiem, t\u012bkkoka darba virsmu vislab\u0101k tur\u0113t iek\u0161\u0101 saus\u0101 viet\u0101 un regul\u0101ri j\u0101apstr\u0101d\u0101 ar p\u0101rtikai piem\u0113rotu e\u013c\u013cu.<br \/>\n* Instrumentu paliktni var uzst\u0101d\u012bt ab\u0101s pus\u0113s un div\u0101s viet\u0101s aizmugur\u0113.<br \/>\n* Mode\u013ciem ar melnu p\u0101rkl\u0101jumu ir nepiecie\u0161ama liel\u0101ka apkope nek\u0101 Corten, un tie ir jut\u012bg\u0101ki pret skr\u0101p\u0113jumiem un boj\u0101jumiem, neskatoties uz augstas kvalit\u0101tes p\u0101rkl\u0101jumu.<\/p>\n<p>Izm\u0113rs: 45x105x88 cm<br \/>\nB\u0101zes izm\u0113rs: 45x90x78 cm<br \/>\nGalda izm\u0113rs: 45x90x10 cm<br \/>\nMateri\u0101ls: Kortena t\u0113rauds<br \/>\nNovietnes ietilp\u012bba: 0,28 m\u00b3<br \/>\nKop\u0113jais svars:72 kg<\/p>\n","protected":false},"excerpt":{"rendered":"<p>OFYR Butcher Block Storage 90 ir ide\u0101ls OFYR Classic mode\u013cu sabiedrotais, jo tam ir ciets grie\u0161anas d\u0113lis \u0113diena pagatavo\u0161anai, \u0113rta piederumu papl\u0101te un vieta malkas uzglab\u0101\u0161anai zem letes. Grie\u0161anas d\u0113lis ir pieejams no t\u012bkkoka un tum\u0161i pel\u0113kas keramikas.<\/p>\n","protected":false},"featured_media":11432,"comment_status":"open","ping_status":"closed","template":"","meta":[],"pwb-brand":[308],"product_brand":[],"product_cat":[312,126],"product_tag":[],"class_list":{"0":"post-11430","1":"product","2":"type-product","3":"status-publish","4":"has-post-thumbnail","6":"pwb-brand-ofyr","7":"product_cat-galdi-malkas-grili","8":"product_cat-malkas-grili","10":"first","11":"onbackorder","12":"taxable","13":"shipping-taxable","14":"purchasable","15":"product-type-simple"},"brands":[{"id":308,"name":"OFYR","slug":"ofyr"}],"_links":{"self":[{"href":"https:\/\/grillandmore.lv\/shop\/wp-json\/wp\/v2\/product\/11430","targetHints":{"allow":["GET"]}}],"collection":[{"href":"https:\/\/grillandmore.lv\/shop\/wp-json\/wp\/v2\/product"}],"about":[{"href":"https:\/\/grillandmore.lv\/shop\/wp-json\/wp\/v2\/types\/product"}],"replies":[{"embeddable":true,"href":"https:\/\/grillandmore.lv\/shop\/wp-json\/wp\/v2\/comments?post=11430"}],"version-history":[{"count":1,"href":"https:\/\/grillandmore.lv\/shop\/wp-json\/wp\/v2\/product\/11430\/revisions"}],"predecessor-version":[{"id":11433,"href":"https:\/\/grillandmore.lv\/shop\/wp-json\/wp\/v2\/product\/11430\/revisions\/11433"}],"wp:featuredmedia":[{"embeddable":true,"href":"https:\/\/grillandmore.lv\/shop\/wp-json\/wp\/v2\/media\/11432"}],"wp:attachment":[{"href":"https:\/\/grillandmore.lv\/shop\/wp-json\/wp\/v2\/media?parent=11430"}],"wp:term":[{"taxonomy":"pwb-brand","embeddable":true,"href":"https:\/\/grillandmore.lv\/shop\/wp-json\/wp\/v2\/pwb-brand?post=11430"},{"taxonomy":"product_brand","embeddable":true,"href":"https:\/\/grillandmore.lv\/shop\/wp-json\/wp\/v2\/product_brand?post=11430"},{"taxonomy":"product_cat","embeddable":true,"href":"https:\/\/grillandmore.lv\/shop\/wp-json\/wp\/v2\/product_cat?post=11430"},{"taxonomy":"product_tag","embeddable":true,"href":"https:\/\/grillandmore.lv\/shop\/wp-json\/wp\/v2\/product_tag?post=11430"}],"curies":[{"name":"wp","href":"https:\/\/api.w.org\/{rel}","templated":true}]}}