{"id":11462,"date":"2024-01-07T16:17:13","date_gmt":"2024-01-07T14:17:13","guid":{"rendered":"https:\/\/grillandmore.lv\/shop\/?post_type=product&#038;p=11462"},"modified":"2024-01-07T16:17:14","modified_gmt":"2024-01-07T14:17:14","slug":"ofyr-mise-en-place-table-black-135-pro-teak-wood","status":"publish","type":"product","link":"https:\/\/grillandmore.lv\/shop\/products\/ofyr-mise-en-place-table-black-135-pro-teak-wood\/","title":{"rendered":"OFYR Mise en Place Table Black 135 PRO Teak Wood"},"content":{"rendered":"<p>* Ide\u0101la izv\u0113le, ja mekl\u0113jat lielu darba virsmu.<br \/>\n* Savietojams ar OFYR PRO l\u012bniju un piem\u0113rots ielikt\u0146iem PRO maziem, vid\u0113jiem vai lieliem.<br \/>\n* Ja pild\u012bts ar koku, sal\u012bdzino\u0161i smags.<br \/>\n* Mobilais ar 2 groz\u0101miem un 2 fiks\u0113tu rite\u0146u ritenti\u0146iem, bez bremz\u0113m.<br \/>\n* Keramikas darba virsmu var atst\u0101t \u0101r\u0101 uz visiem laikiem, t\u012bkkoka darba virsmu vislab\u0101k novietot iek\u0161telp\u0101s, saus\u0101 viet\u0101 un regul\u0101ri apstr\u0101d\u0101t ar p\u0101rtikai piem\u0113rotu e\u013c\u013cu.<br \/>\n* Mode\u013ciem ar melnu p\u0101rkl\u0101jumu ir nepiecie\u0161ama liel\u0101ka apkope nek\u0101 Corten, un, neskatoties uz to augstas kvalit\u0101tes p\u0101rkl\u0101jumu, tie ir jut\u012bg\u0101ki pret skr\u0101p\u0113jumiem un boj\u0101jumiem.<\/p>\n<p>Izm\u0113rs: 165x65x89 cm<br \/>\nB\u0101zes izm\u0113rs: 135x65x67 cm<br \/>\nGalda izm\u0113rs: 65x135x10 cm<br \/>\nMateri\u0101ls: T\u0113rauds ar melnu p\u0101rkl\u0101jumu<br \/>\nNovietnes ietilp\u012bba: 0,45 m\u00b3<br \/>\nKop\u0113jais svars: 128 kg<\/p>\n","protected":false},"excerpt":{"rendered":"<p>OFYR Mise en Place galds Corten 135 PRO ir neticami \u0113rts lieto\u0161anai kop\u0101 ar gatavo\u0161anas ier\u012bci, \u013caujot jums vair\u0101k vietas \u0113diena pagatavo\u0161anai. Ar 135&#215;65 cm ir pietiekami daudz darba vietas. Grie\u0161anas d\u0113lis ir pieejams no t\u012bkkoka un tum\u0161i pel\u0113kas keramikas.<\/p>\n","protected":false},"featured_media":11464,"comment_status":"open","ping_status":"closed","template":"","meta":[],"pwb-brand":[308],"product_brand":[],"product_cat":[312,126],"product_tag":[],"class_list":{"0":"post-11462","1":"product","2":"type-product","3":"status-publish","4":"has-post-thumbnail","6":"pwb-brand-ofyr","7":"product_cat-galdi-malkas-grili","8":"product_cat-malkas-grili","10":"first","11":"onbackorder","12":"taxable","13":"shipping-taxable","14":"purchasable","15":"product-type-simple"},"brands":[{"id":308,"name":"OFYR","slug":"ofyr"}],"_links":{"self":[{"href":"https:\/\/grillandmore.lv\/shop\/wp-json\/wp\/v2\/product\/11462","targetHints":{"allow":["GET"]}}],"collection":[{"href":"https:\/\/grillandmore.lv\/shop\/wp-json\/wp\/v2\/product"}],"about":[{"href":"https:\/\/grillandmore.lv\/shop\/wp-json\/wp\/v2\/types\/product"}],"replies":[{"embeddable":true,"href":"https:\/\/grillandmore.lv\/shop\/wp-json\/wp\/v2\/comments?post=11462"}],"version-history":[{"count":1,"href":"https:\/\/grillandmore.lv\/shop\/wp-json\/wp\/v2\/product\/11462\/revisions"}],"predecessor-version":[{"id":11465,"href":"https:\/\/grillandmore.lv\/shop\/wp-json\/wp\/v2\/product\/11462\/revisions\/11465"}],"wp:featuredmedia":[{"embeddable":true,"href":"https:\/\/grillandmore.lv\/shop\/wp-json\/wp\/v2\/media\/11464"}],"wp:attachment":[{"href":"https:\/\/grillandmore.lv\/shop\/wp-json\/wp\/v2\/media?parent=11462"}],"wp:term":[{"taxonomy":"pwb-brand","embeddable":true,"href":"https:\/\/grillandmore.lv\/shop\/wp-json\/wp\/v2\/pwb-brand?post=11462"},{"taxonomy":"product_brand","embeddable":true,"href":"https:\/\/grillandmore.lv\/shop\/wp-json\/wp\/v2\/product_brand?post=11462"},{"taxonomy":"product_cat","embeddable":true,"href":"https:\/\/grillandmore.lv\/shop\/wp-json\/wp\/v2\/product_cat?post=11462"},{"taxonomy":"product_tag","embeddable":true,"href":"https:\/\/grillandmore.lv\/shop\/wp-json\/wp\/v2\/product_tag?post=11462"}],"curies":[{"name":"wp","href":"https:\/\/api.w.org\/{rel}","templated":true}]}}