{"id":11469,"date":"2024-01-07T16:24:49","date_gmt":"2024-01-07T14:24:49","guid":{"rendered":"https:\/\/grillandmore.lv\/shop\/?post_type=product&#038;p=11469"},"modified":"2024-01-07T16:24:49","modified_gmt":"2024-01-07T14:24:49","slug":"ofyr-wood-storage-corten-dressoir","status":"publish","type":"product","link":"https:\/\/grillandmore.lv\/shop\/products\/ofyr-wood-storage-corten-dressoir\/","title":{"rendered":"OFYR Wood Storage Corten Dressoir"},"content":{"rendered":"<p>* t\u012bkkoka galda virsmu vislab\u0101k uzglab\u0101t iek\u0161telp\u0101s, saus\u0101 viet\u0101, un t\u0101 regul\u0101ri j\u0101apstr\u0101d\u0101 ar p\u0101rtikas e\u013c\u013cu.<br \/>\n* Neskatoties uz augstas kvalit\u0101tes p\u0101rkl\u0101jumu, mode\u013ci ar melnu p\u0101rkl\u0101jumu ir jut\u012bg\u0101ki pret skr\u0101p\u0113jumiem un boj\u0101jumiem.<br \/>\n* Wood Storage Dressoir ieteicams uzst\u0101d\u012bt pie sienas.<\/p>\n<p>Izm\u0113ri: 45x100x94 cm<br \/>\nMateri\u0101ls: Kortena t\u0113rauds<br \/>\nNovietnes ietilp\u012bba: 0,3 m\u00b3<br \/>\nKop\u0113jais svars: 57 kg<\/p>\n","protected":false},"excerpt":{"rendered":"<p>Wood Storage Dressoir ir kompakta Wood Storage versija ar t\u012bkkoka pl\u0101ksni, ko var izmantot ar\u012b \u0113diena pagatavo\u0161anai un kura augstums ir 90 cm. P\u0113c lieto\u0161anas t\u012bkkoka pl\u0101ksne j\u0101uzglab\u0101 telp\u0101s.<\/p>\n","protected":false},"featured_media":11471,"comment_status":"open","ping_status":"closed","template":"","meta":[],"pwb-brand":[308],"product_brand":[],"product_cat":[126,313],"product_tag":[],"class_list":{"0":"post-11469","1":"product","2":"type-product","3":"status-publish","4":"has-post-thumbnail","6":"pwb-brand-ofyr","7":"product_cat-malkas-grili","8":"product_cat-malkas-plaukti","10":"first","11":"onbackorder","12":"taxable","13":"shipping-taxable","14":"purchasable","15":"product-type-simple"},"brands":[{"id":308,"name":"OFYR","slug":"ofyr"}],"_links":{"self":[{"href":"https:\/\/grillandmore.lv\/shop\/wp-json\/wp\/v2\/product\/11469","targetHints":{"allow":["GET"]}}],"collection":[{"href":"https:\/\/grillandmore.lv\/shop\/wp-json\/wp\/v2\/product"}],"about":[{"href":"https:\/\/grillandmore.lv\/shop\/wp-json\/wp\/v2\/types\/product"}],"replies":[{"embeddable":true,"href":"https:\/\/grillandmore.lv\/shop\/wp-json\/wp\/v2\/comments?post=11469"}],"version-history":[{"count":1,"href":"https:\/\/grillandmore.lv\/shop\/wp-json\/wp\/v2\/product\/11469\/revisions"}],"predecessor-version":[{"id":11472,"href":"https:\/\/grillandmore.lv\/shop\/wp-json\/wp\/v2\/product\/11469\/revisions\/11472"}],"wp:featuredmedia":[{"embeddable":true,"href":"https:\/\/grillandmore.lv\/shop\/wp-json\/wp\/v2\/media\/11471"}],"wp:attachment":[{"href":"https:\/\/grillandmore.lv\/shop\/wp-json\/wp\/v2\/media?parent=11469"}],"wp:term":[{"taxonomy":"pwb-brand","embeddable":true,"href":"https:\/\/grillandmore.lv\/shop\/wp-json\/wp\/v2\/pwb-brand?post=11469"},{"taxonomy":"product_brand","embeddable":true,"href":"https:\/\/grillandmore.lv\/shop\/wp-json\/wp\/v2\/product_brand?post=11469"},{"taxonomy":"product_cat","embeddable":true,"href":"https:\/\/grillandmore.lv\/shop\/wp-json\/wp\/v2\/product_cat?post=11469"},{"taxonomy":"product_tag","embeddable":true,"href":"https:\/\/grillandmore.lv\/shop\/wp-json\/wp\/v2\/product_tag?post=11469"}],"curies":[{"name":"wp","href":"https:\/\/api.w.org\/{rel}","templated":true}]}}