{"id":11481,"date":"2024-01-07T16:36:08","date_gmt":"2024-01-07T14:36:08","guid":{"rendered":"https:\/\/grillandmore.lv\/shop\/?post_type=product&#038;p=11481"},"modified":"2024-01-07T16:36:09","modified_gmt":"2024-01-07T14:36:09","slug":"ofyr-wood-storage-corten-200","status":"publish","type":"product","link":"https:\/\/grillandmore.lv\/shop\/products\/ofyr-wood-storage-corten-200\/","title":{"rendered":"OFYR Wood Storage Corten 200"},"content":{"rendered":"<p>* Aug\u0161pus\u0113 varat uzglab\u0101t piederumus aiz atloka.<br \/>\n* Mode\u013ci ar melnu p\u0101rkl\u0101jumu ir jut\u012bg\u0101ki pret skr\u0101p\u0113jumiem un boj\u0101jumiem, neskatoties uz to augstas kvalit\u0101tes p\u0101rkl\u0101jumu.<br \/>\n* M\u0113s \u013coti iesak\u0101m koka kr\u0101tuvi piestiprin\u0101t pie sienas<br \/>\n* Koksnes novietni 100, 200 un 300 var kombin\u0113t.<\/p>\n<p>Izm\u0113ri: 216x200x45 cm<br \/>\nMateri\u0101ls: Kortena t\u0113rauds<br \/>\nNovietnes ietilp\u012bba: 2 m\u00b3<br \/>\nKop\u0113jais svars: 164 kg<\/p>\n","protected":false},"excerpt":{"rendered":"<p>OFYR Wood Storage Corten p\u0101rv\u0113r\u0161 koksnes kaudzi par pievilc\u012bgu sienu. Aug\u0161\u0113jais plaukts ar e\u0146\u0123\u0113m \u013cauj \u0113rti pasl\u0113pt instrumentus un citus priek\u0161metus, un ar tr\u012bs pieejamiem izm\u0113riem ir viegli atrast risin\u0101jumu savai telpai. Pieejams 216 cm x 100 cm, 200 cm vai 300 cm izm\u0113r\u0101.<\/p>\n","protected":false},"featured_media":11483,"comment_status":"open","ping_status":"closed","template":"","meta":[],"pwb-brand":[308],"product_brand":[],"product_cat":[126,313],"product_tag":[],"class_list":{"0":"post-11481","1":"product","2":"type-product","3":"status-publish","4":"has-post-thumbnail","6":"pwb-brand-ofyr","7":"product_cat-malkas-grili","8":"product_cat-malkas-plaukti","10":"first","11":"onbackorder","12":"taxable","13":"shipping-taxable","14":"purchasable","15":"product-type-simple"},"brands":[{"id":308,"name":"OFYR","slug":"ofyr"}],"_links":{"self":[{"href":"https:\/\/grillandmore.lv\/shop\/wp-json\/wp\/v2\/product\/11481","targetHints":{"allow":["GET"]}}],"collection":[{"href":"https:\/\/grillandmore.lv\/shop\/wp-json\/wp\/v2\/product"}],"about":[{"href":"https:\/\/grillandmore.lv\/shop\/wp-json\/wp\/v2\/types\/product"}],"replies":[{"embeddable":true,"href":"https:\/\/grillandmore.lv\/shop\/wp-json\/wp\/v2\/comments?post=11481"}],"version-history":[{"count":1,"href":"https:\/\/grillandmore.lv\/shop\/wp-json\/wp\/v2\/product\/11481\/revisions"}],"predecessor-version":[{"id":11484,"href":"https:\/\/grillandmore.lv\/shop\/wp-json\/wp\/v2\/product\/11481\/revisions\/11484"}],"wp:featuredmedia":[{"embeddable":true,"href":"https:\/\/grillandmore.lv\/shop\/wp-json\/wp\/v2\/media\/11483"}],"wp:attachment":[{"href":"https:\/\/grillandmore.lv\/shop\/wp-json\/wp\/v2\/media?parent=11481"}],"wp:term":[{"taxonomy":"pwb-brand","embeddable":true,"href":"https:\/\/grillandmore.lv\/shop\/wp-json\/wp\/v2\/pwb-brand?post=11481"},{"taxonomy":"product_brand","embeddable":true,"href":"https:\/\/grillandmore.lv\/shop\/wp-json\/wp\/v2\/product_brand?post=11481"},{"taxonomy":"product_cat","embeddable":true,"href":"https:\/\/grillandmore.lv\/shop\/wp-json\/wp\/v2\/product_cat?post=11481"},{"taxonomy":"product_tag","embeddable":true,"href":"https:\/\/grillandmore.lv\/shop\/wp-json\/wp\/v2\/product_tag?post=11481"}],"curies":[{"name":"wp","href":"https:\/\/api.w.org\/{rel}","templated":true}]}}