{"id":11495,"date":"2024-01-07T16:49:46","date_gmt":"2024-01-07T14:49:46","guid":{"rendered":"https:\/\/grillandmore.lv\/shop\/?post_type=product&#038;p=11495"},"modified":"2024-01-07T16:50:53","modified_gmt":"2024-01-07T14:50:53","slug":"ofyr-tablo","status":"publish","type":"product","link":"https:\/\/grillandmore.lv\/shop\/products\/ofyr-tablo\/","title":{"rendered":"OFYR Tabl&#8217;O"},"content":{"rendered":"<p>* Tabl&#8217;O nav piem\u0113rots lieto\u0161anai uz plastmasas vai stikla galdiem. \u0145emiet v\u0113r\u0101, ka ier\u012bce izdala iev\u0113rojamu siltumu.<br \/>\n* T\u012briet uzreiz p\u0113c lieto\u0161anas un uzglab\u0101jiet iek\u0161\u0101. Viegli t\u012br\u012bt ar ledus gabali\u0146iem un p\u0113c tam berz\u0113t ar taukainu dr\u0101nu.<br \/>\n* Izmantojiet tikai kokosriekstu briketes. Nav piem\u0113rots lieto\u0161anai ar kokogli.<br \/>\n* Notur\u0113s temperat\u016bru 2-3 stundas ar 16-20 kokosriekstu briket\u0113m.<br \/>\n* Ar komplekt\u0101cij\u0101 iek\u013cautaj\u0101m knaibl\u0113m varat pagriezt pl\u0101ksni no plakanas puses uz s\u0101niem ar grila rakstu.<br \/>\n* Pirms gatavo\u0161anas un gatavo\u0161anas laik\u0101 ventil\u0101cijas atver\u0113m vienm\u0113r j\u0101b\u016bt atv\u0113rt\u0101m.<\/p>\n<p>Pl\u0101ksnes svars: 4,3 kg<br \/>\nPl\u0101ksnes diametrs: 39,5 cm<br \/>\nIzm\u0113ri: \u00d846,5&#215;12 cm<br \/>\nMateri\u0101ls: T\u0113rauds ar melnu p\u0101rkl\u0101jumu<br \/>\nKop\u0113jais svars: 17 kg<\/p>\n","protected":false},"excerpt":{"rendered":"<p>Kompakts, efekt\u012bvs un elegants: OFYR Tabl&#8217;O ir ide\u0101ls galda grils vesel\u012bgu un gardu malt\u012b\u0161u pagatavo\u0161anai 2-6 cilv\u0113kiem. OFYR Tabl&#8217;O ir izgatavots no meln\u0101 p\u0101rkl\u0101juma t\u0113rauda un balst\u0101s uz karstumiztur\u012bgas pl\u0101tnes. Tas tiks pieg\u0101d\u0101ts ar Quickstarter un paroc\u012bgu r\u012bku, lai apgrieztu pl\u012bts virsmu, k\u0101 ar\u012b lai atv\u0113rtu vai aizv\u0113rtu ventil\u0101cijas atveres. Veltiet vair\u0101k laika, lai vienk\u0101r\u0161i b\u016btu kop\u0101 un dal\u012btos ar dz\u012bves labaj\u0101m liet\u0101m.<\/p>\n","protected":false},"featured_media":11498,"comment_status":"open","ping_status":"closed","template":"","meta":[],"pwb-brand":[308],"product_brand":[],"product_cat":[314,125],"product_tag":[],"class_list":{"0":"post-11495","1":"product","2":"type-product","3":"status-publish","4":"has-post-thumbnail","6":"pwb-brand-ofyr","7":"product_cat-galda-grili","8":"product_cat-kokoglu-grili","10":"first","11":"onbackorder","12":"taxable","13":"shipping-taxable","14":"purchasable","15":"product-type-simple"},"brands":[{"id":308,"name":"OFYR","slug":"ofyr"}],"_links":{"self":[{"href":"https:\/\/grillandmore.lv\/shop\/wp-json\/wp\/v2\/product\/11495","targetHints":{"allow":["GET"]}}],"collection":[{"href":"https:\/\/grillandmore.lv\/shop\/wp-json\/wp\/v2\/product"}],"about":[{"href":"https:\/\/grillandmore.lv\/shop\/wp-json\/wp\/v2\/types\/product"}],"replies":[{"embeddable":true,"href":"https:\/\/grillandmore.lv\/shop\/wp-json\/wp\/v2\/comments?post=11495"}],"version-history":[{"count":1,"href":"https:\/\/grillandmore.lv\/shop\/wp-json\/wp\/v2\/product\/11495\/revisions"}],"predecessor-version":[{"id":11499,"href":"https:\/\/grillandmore.lv\/shop\/wp-json\/wp\/v2\/product\/11495\/revisions\/11499"}],"wp:featuredmedia":[{"embeddable":true,"href":"https:\/\/grillandmore.lv\/shop\/wp-json\/wp\/v2\/media\/11498"}],"wp:attachment":[{"href":"https:\/\/grillandmore.lv\/shop\/wp-json\/wp\/v2\/media?parent=11495"}],"wp:term":[{"taxonomy":"pwb-brand","embeddable":true,"href":"https:\/\/grillandmore.lv\/shop\/wp-json\/wp\/v2\/pwb-brand?post=11495"},{"taxonomy":"product_brand","embeddable":true,"href":"https:\/\/grillandmore.lv\/shop\/wp-json\/wp\/v2\/product_brand?post=11495"},{"taxonomy":"product_cat","embeddable":true,"href":"https:\/\/grillandmore.lv\/shop\/wp-json\/wp\/v2\/product_cat?post=11495"},{"taxonomy":"product_tag","embeddable":true,"href":"https:\/\/grillandmore.lv\/shop\/wp-json\/wp\/v2\/product_tag?post=11495"}],"curies":[{"name":"wp","href":"https:\/\/api.w.org\/{rel}","templated":true}]}}