{"id":11504,"date":"2024-01-07T17:02:47","date_gmt":"2024-01-07T15:02:47","guid":{"rendered":"https:\/\/grillandmore.lv\/shop\/?post_type=product&#038;p=11504"},"modified":"2024-01-07T17:02:48","modified_gmt":"2024-01-07T15:02:48","slug":"ofyr-grila-rinkis100","status":"publish","type":"product","link":"https:\/\/grillandmore.lv\/shop\/products\/ofyr-grila-rinkis100\/","title":{"rendered":"OFYR grila ri\u0146\u0137is100"},"content":{"rendered":"<p>* Pie\u0161\u0137iriet savai OFYR gatavo\u0161anas iek\u0101rtai papildu dimensiju, izmantojot to ar\u012b k\u0101 \u012bstu b\u0101rbekj\u016b.<br \/>\n* \u013boti piem\u0113rots lieliem ga\u013cas gabaliem, bet ar\u012b d\u0101rze\u0146iem.<br \/>\n* Var izmantot ar\u012b, lai uzliktu pannas, pat paeljas pannu.<br \/>\n* Kad nelietojat, uzglab\u0101jiet iek\u0161telp\u0101s, lai nov\u0113rstu r\u016bsu.<\/p>\n<p>Gatavo\u0161anas virsma: 1885 cm\u00b2<br \/>\nIzm\u0113ri: \u00d852&#215;11,5 cm<br \/>\nMateri\u0101ls: Melnais t\u0113rauds<br \/>\nKop\u0113jais svars: 12 kg<\/p>\n","protected":false},"excerpt":{"rendered":"<p>\u0160is iztur\u012bgais divda\u013c\u012bgais grils ir ide\u0101li piem\u0113rots liel\u0101ku ga\u013cas izcirt\u0146u gatavo\u0161anai uz OFYR gatavo\u0161anas ier\u012bces. Novietojiet grilu un novietojiet to tie\u0161i virs liesm\u0101m, lai ieg\u016btu grila gar\u0161u. OFYR gatavo\u0161anas pl\u0101ksne paliek bez \u0161\u0137\u0113r\u0161\u013ciem, lai j\u016bs var\u0113tu vienlaikus gatavot citus \u0113dienus, un, ja stat\u012bvs ir novietots viet\u0101, ir viegli pievienot ugunij vair\u0101k malkas.<\/p>\n","protected":false},"featured_media":11506,"comment_status":"open","ping_status":"closed","template":"","meta":[],"pwb-brand":[308],"product_brand":[],"product_cat":[126,309],"product_tag":[],"class_list":{"0":"post-11504","1":"product","2":"type-product","3":"status-publish","4":"has-post-thumbnail","6":"pwb-brand-ofyr","7":"product_cat-malkas-grili","8":"product_cat-ofyr-piederumi","10":"first","11":"onbackorder","12":"taxable","13":"shipping-taxable","14":"purchasable","15":"product-type-simple"},"brands":[{"id":308,"name":"OFYR","slug":"ofyr"}],"_links":{"self":[{"href":"https:\/\/grillandmore.lv\/shop\/wp-json\/wp\/v2\/product\/11504","targetHints":{"allow":["GET"]}}],"collection":[{"href":"https:\/\/grillandmore.lv\/shop\/wp-json\/wp\/v2\/product"}],"about":[{"href":"https:\/\/grillandmore.lv\/shop\/wp-json\/wp\/v2\/types\/product"}],"replies":[{"embeddable":true,"href":"https:\/\/grillandmore.lv\/shop\/wp-json\/wp\/v2\/comments?post=11504"}],"version-history":[{"count":1,"href":"https:\/\/grillandmore.lv\/shop\/wp-json\/wp\/v2\/product\/11504\/revisions"}],"predecessor-version":[{"id":11507,"href":"https:\/\/grillandmore.lv\/shop\/wp-json\/wp\/v2\/product\/11504\/revisions\/11507"}],"wp:featuredmedia":[{"embeddable":true,"href":"https:\/\/grillandmore.lv\/shop\/wp-json\/wp\/v2\/media\/11506"}],"wp:attachment":[{"href":"https:\/\/grillandmore.lv\/shop\/wp-json\/wp\/v2\/media?parent=11504"}],"wp:term":[{"taxonomy":"pwb-brand","embeddable":true,"href":"https:\/\/grillandmore.lv\/shop\/wp-json\/wp\/v2\/pwb-brand?post=11504"},{"taxonomy":"product_brand","embeddable":true,"href":"https:\/\/grillandmore.lv\/shop\/wp-json\/wp\/v2\/product_brand?post=11504"},{"taxonomy":"product_cat","embeddable":true,"href":"https:\/\/grillandmore.lv\/shop\/wp-json\/wp\/v2\/product_cat?post=11504"},{"taxonomy":"product_tag","embeddable":true,"href":"https:\/\/grillandmore.lv\/shop\/wp-json\/wp\/v2\/product_tag?post=11504"}],"curies":[{"name":"wp","href":"https:\/\/api.w.org\/{rel}","templated":true}]}}