{"id":11508,"date":"2024-01-07T17:07:25","date_gmt":"2024-01-07T15:07:25","guid":{"rendered":"https:\/\/grillandmore.lv\/shop\/?post_type=product&#038;p=11508"},"modified":"2024-01-07T17:07:25","modified_gmt":"2024-01-07T15:07:25","slug":"ofyr-horizontalo-iesmu-komplekts-100","status":"publish","type":"product","link":"https:\/\/grillandmore.lv\/shop\/products\/ofyr-horizontalo-iesmu-komplekts-100\/","title":{"rendered":"OFYR Horizont\u0101lo iesmu komplekts 100"},"content":{"rendered":"<p>* \u012astiem gatavo\u0161anas cien\u012bt\u0101jiem tie\u0161i virs uguns.<br \/>\n* Pie\u0161\u0137ir j\u016bsu sast\u0101vda\u013c\u0101m gar\u0161\u012bgu uguns\/d\u016bmu arom\u0101tu.<br \/>\n* \u013boti \u0101trs gatavo\u0161anas veids.<br \/>\n* Pateicoties zobu formai, iesmi paliek sav\u0101 viet\u0101 un tos var kontrol\u0113ti griezt.<br \/>\n* Ja ir \u013coti lieli ga\u013cas vai d\u0101rze\u0146u gabali\u0146i, iesak\u0101m izmantot divus iesmus stabilam novietojumam virs uguns.<\/p>\n<p>Izm\u0113ri: \u00d842&#215;21 cm<br \/>\nMateri\u0101ls: Melnais t\u0113rauds<br \/>\nKop\u0113jais svars: 5 kg<\/p>\n","protected":false},"excerpt":{"rendered":"<p>B\u0101rbekj\u016b cien\u012bt\u0101jiem patiks \u0161is tr\u012bs t\u0113rauda iesmu komplekts uz \u012bpa\u0161i izstr\u0101d\u0101ta stat\u012bva. Novietots virs OFYR gatavo\u0161anas bloka uguns, paaugstin\u0101tais stat\u012bvs ar robaino gredzenu ir \u012bstaj\u0101 augstum\u0101, lai ga\u013cu un d\u0101rze\u0146us var\u0113tu pagatavot l\u012bdz piln\u012bbai.<\/p>\n","protected":false},"featured_media":11510,"comment_status":"open","ping_status":"closed","template":"","meta":[],"pwb-brand":[308],"product_brand":[],"product_cat":[126,309],"product_tag":[],"class_list":{"0":"post-11508","1":"product","2":"type-product","3":"status-publish","4":"has-post-thumbnail","6":"pwb-brand-ofyr","7":"product_cat-malkas-grili","8":"product_cat-ofyr-piederumi","10":"first","11":"onbackorder","12":"taxable","13":"shipping-taxable","14":"purchasable","15":"product-type-simple"},"brands":[{"id":308,"name":"OFYR","slug":"ofyr"}],"_links":{"self":[{"href":"https:\/\/grillandmore.lv\/shop\/wp-json\/wp\/v2\/product\/11508","targetHints":{"allow":["GET"]}}],"collection":[{"href":"https:\/\/grillandmore.lv\/shop\/wp-json\/wp\/v2\/product"}],"about":[{"href":"https:\/\/grillandmore.lv\/shop\/wp-json\/wp\/v2\/types\/product"}],"replies":[{"embeddable":true,"href":"https:\/\/grillandmore.lv\/shop\/wp-json\/wp\/v2\/comments?post=11508"}],"version-history":[{"count":1,"href":"https:\/\/grillandmore.lv\/shop\/wp-json\/wp\/v2\/product\/11508\/revisions"}],"predecessor-version":[{"id":11511,"href":"https:\/\/grillandmore.lv\/shop\/wp-json\/wp\/v2\/product\/11508\/revisions\/11511"}],"wp:featuredmedia":[{"embeddable":true,"href":"https:\/\/grillandmore.lv\/shop\/wp-json\/wp\/v2\/media\/11510"}],"wp:attachment":[{"href":"https:\/\/grillandmore.lv\/shop\/wp-json\/wp\/v2\/media?parent=11508"}],"wp:term":[{"taxonomy":"pwb-brand","embeddable":true,"href":"https:\/\/grillandmore.lv\/shop\/wp-json\/wp\/v2\/pwb-brand?post=11508"},{"taxonomy":"product_brand","embeddable":true,"href":"https:\/\/grillandmore.lv\/shop\/wp-json\/wp\/v2\/product_brand?post=11508"},{"taxonomy":"product_cat","embeddable":true,"href":"https:\/\/grillandmore.lv\/shop\/wp-json\/wp\/v2\/product_cat?post=11508"},{"taxonomy":"product_tag","embeddable":true,"href":"https:\/\/grillandmore.lv\/shop\/wp-json\/wp\/v2\/product_tag?post=11508"}],"curies":[{"name":"wp","href":"https:\/\/api.w.org\/{rel}","templated":true}]}}