{"id":11512,"date":"2024-01-07T17:10:35","date_gmt":"2024-01-07T15:10:35","guid":{"rendered":"https:\/\/grillandmore.lv\/shop\/?post_type=product&#038;p=11512"},"modified":"2024-01-07T17:10:35","modified_gmt":"2024-01-07T15:10:35","slug":"ofyr-100-grila-piederumu-komplekts","status":"publish","type":"product","link":"https:\/\/grillandmore.lv\/shop\/products\/ofyr-100-grila-piederumu-komplekts\/","title":{"rendered":"OFYR 100 grila piederumu komplekts"},"content":{"rendered":"<p>Materi\u0101ls: Melnais t\u0113rauds<\/p>\n","protected":false},"excerpt":{"rendered":"<p>Lai nodro\u0161in\u0101tu v\u0113l liel\u0101ku daudzpus\u012bbu, mums ir OFYR 100 grila piederumu komplekts. Standarta komplekt\u0101 ietilpst grila k\u0101rta 100, horizont\u0101lie iesmi gredzeni 100 un iesmi 85.<\/p>\n","protected":false},"featured_media":11513,"comment_status":"open","ping_status":"closed","template":"","meta":[],"pwb-brand":[308],"product_brand":[],"product_cat":[126,309],"product_tag":[],"class_list":{"0":"post-11512","1":"product","2":"type-product","3":"status-publish","4":"has-post-thumbnail","6":"pwb-brand-ofyr","7":"product_cat-malkas-grili","8":"product_cat-ofyr-piederumi","10":"first","11":"onbackorder","12":"taxable","13":"shipping-taxable","14":"purchasable","15":"product-type-simple"},"brands":[{"id":308,"name":"OFYR","slug":"ofyr"}],"_links":{"self":[{"href":"https:\/\/grillandmore.lv\/shop\/wp-json\/wp\/v2\/product\/11512","targetHints":{"allow":["GET"]}}],"collection":[{"href":"https:\/\/grillandmore.lv\/shop\/wp-json\/wp\/v2\/product"}],"about":[{"href":"https:\/\/grillandmore.lv\/shop\/wp-json\/wp\/v2\/types\/product"}],"replies":[{"embeddable":true,"href":"https:\/\/grillandmore.lv\/shop\/wp-json\/wp\/v2\/comments?post=11512"}],"version-history":[{"count":1,"href":"https:\/\/grillandmore.lv\/shop\/wp-json\/wp\/v2\/product\/11512\/revisions"}],"predecessor-version":[{"id":11514,"href":"https:\/\/grillandmore.lv\/shop\/wp-json\/wp\/v2\/product\/11512\/revisions\/11514"}],"wp:featuredmedia":[{"embeddable":true,"href":"https:\/\/grillandmore.lv\/shop\/wp-json\/wp\/v2\/media\/11513"}],"wp:attachment":[{"href":"https:\/\/grillandmore.lv\/shop\/wp-json\/wp\/v2\/media?parent=11512"}],"wp:term":[{"taxonomy":"pwb-brand","embeddable":true,"href":"https:\/\/grillandmore.lv\/shop\/wp-json\/wp\/v2\/pwb-brand?post=11512"},{"taxonomy":"product_brand","embeddable":true,"href":"https:\/\/grillandmore.lv\/shop\/wp-json\/wp\/v2\/product_brand?post=11512"},{"taxonomy":"product_cat","embeddable":true,"href":"https:\/\/grillandmore.lv\/shop\/wp-json\/wp\/v2\/product_cat?post=11512"},{"taxonomy":"product_tag","embeddable":true,"href":"https:\/\/grillandmore.lv\/shop\/wp-json\/wp\/v2\/product_tag?post=11512"}],"curies":[{"name":"wp","href":"https:\/\/api.w.org\/{rel}","templated":true}]}}