{"id":11515,"date":"2024-01-07T17:14:32","date_gmt":"2024-01-07T15:14:32","guid":{"rendered":"https:\/\/grillandmore.lv\/shop\/?post_type=product&#038;p=11515"},"modified":"2024-01-07T17:14:32","modified_gmt":"2024-01-07T15:14:32","slug":"ofyr-adas-prieksauts-bruns","status":"publish","type":"product","link":"https:\/\/grillandmore.lv\/shop\/products\/ofyr-adas-prieksauts-bruns\/","title":{"rendered":"OFYR \u0100das priek\u0161auts \/ br\u016bns"},"content":{"rendered":"<p>* Biez\u0101 \u0101da ir laba aizsardz\u012bba pret sildvirsmu un \u0161\u013cakat\u0101m.<br \/>\n* Lietojot priek\u0161auts k\u013c\u016bst arvien skaist\u0101ks un elast\u012bg\u0101ks.<br \/>\n* \u0100da ir dab\u012bgs produkts, priek\u0161auts j\u0101uzglab\u0101 iek\u0161telp\u0101s un regul\u0101ri j\u0101apstr\u0101d\u0101 ar speci\u0101liem \u0101das izstr\u0101d\u0101jumiem.<\/p>\n<p>Materi\u0101ls: \u0100da<br \/>\nKop\u0113jais svars: 640 g<br \/>\nIzm\u0113rs: viens izm\u0113rs<\/p>\n","protected":false},"excerpt":{"rendered":"<p>OFYR Leather priek\u0161auts, kas izgatavots no augstas kvalit\u0101tes \u0101das ar knied\u0113tu logotipa deta\u013cu un regul\u0113jamu siksnu, ir stil\u012bgs priek\u0161auts, kas nodro\u0161ina lielisku siltuma aizsardz\u012bbu un izskat\u0101s v\u0113l lab\u0101k ar vecumu.<\/p>\n","protected":false},"featured_media":11517,"comment_status":"open","ping_status":"closed","template":"","meta":[],"pwb-brand":[308],"product_brand":[],"product_cat":[126,309,128,137],"product_tag":[],"class_list":{"0":"post-11515","1":"product","2":"type-product","3":"status-publish","4":"has-post-thumbnail","6":"pwb-brand-ofyr","7":"product_cat-malkas-grili","8":"product_cat-ofyr-piederumi","9":"product_cat-piederumi","10":"product_cat-prieksauti","12":"first","13":"onbackorder","14":"taxable","15":"shipping-taxable","16":"purchasable","17":"product-type-simple"},"brands":[{"id":308,"name":"OFYR","slug":"ofyr"}],"_links":{"self":[{"href":"https:\/\/grillandmore.lv\/shop\/wp-json\/wp\/v2\/product\/11515","targetHints":{"allow":["GET"]}}],"collection":[{"href":"https:\/\/grillandmore.lv\/shop\/wp-json\/wp\/v2\/product"}],"about":[{"href":"https:\/\/grillandmore.lv\/shop\/wp-json\/wp\/v2\/types\/product"}],"replies":[{"embeddable":true,"href":"https:\/\/grillandmore.lv\/shop\/wp-json\/wp\/v2\/comments?post=11515"}],"version-history":[{"count":1,"href":"https:\/\/grillandmore.lv\/shop\/wp-json\/wp\/v2\/product\/11515\/revisions"}],"predecessor-version":[{"id":11518,"href":"https:\/\/grillandmore.lv\/shop\/wp-json\/wp\/v2\/product\/11515\/revisions\/11518"}],"wp:featuredmedia":[{"embeddable":true,"href":"https:\/\/grillandmore.lv\/shop\/wp-json\/wp\/v2\/media\/11517"}],"wp:attachment":[{"href":"https:\/\/grillandmore.lv\/shop\/wp-json\/wp\/v2\/media?parent=11515"}],"wp:term":[{"taxonomy":"pwb-brand","embeddable":true,"href":"https:\/\/grillandmore.lv\/shop\/wp-json\/wp\/v2\/pwb-brand?post=11515"},{"taxonomy":"product_brand","embeddable":true,"href":"https:\/\/grillandmore.lv\/shop\/wp-json\/wp\/v2\/product_brand?post=11515"},{"taxonomy":"product_cat","embeddable":true,"href":"https:\/\/grillandmore.lv\/shop\/wp-json\/wp\/v2\/product_cat?post=11515"},{"taxonomy":"product_tag","embeddable":true,"href":"https:\/\/grillandmore.lv\/shop\/wp-json\/wp\/v2\/product_tag?post=11515"}],"curies":[{"name":"wp","href":"https:\/\/api.w.org\/{rel}","templated":true}]}}