{"id":11530,"date":"2024-01-07T17:32:49","date_gmt":"2024-01-07T15:32:49","guid":{"rendered":"https:\/\/grillandmore.lv\/shop\/?post_type=product&#038;p=11530"},"modified":"2024-01-25T17:52:51","modified_gmt":"2024-01-25T15:52:51","slug":"ofyr-iesma-komplekts","status":"publish","type":"product","link":"https:\/\/grillandmore.lv\/shop\/products\/ofyr-iesma-komplekts\/","title":{"rendered":"OFYR Iesma komplekts"},"content":{"rendered":"<p>* Tiek pieg\u0101d\u0101ts ar S veida \u0101\u0137i, pie kura var piek\u0101rt holandie\u0161u cepe\u0161kr\u0101sni.<br \/>\n* Rotisserie komplekts tiek darbin\u0101ts ar roku un nav apr\u012bkots ar motoru.<br \/>\n* J\u0101uzst\u0101da pirms uguns iekur\u0161anas.<br \/>\n* Kad pl\u012bts uzsilst, ir j\u0101pievelk skr\u016bves, kas piestiprina komplektu pie pl\u0101ksnes. Vienm\u0113r lietojiet karstumiztur\u012bgus cimdus.<\/p>\n","protected":false},"excerpt":{"rendered":"<p>Kas ir lab\u0101ks par lielu ga\u013cas vai m\u0101jputnu gabalu gatavo\u0161anu tie\u0161i virs uguns? B\u0101rbekj\u016b cien\u012bt\u0101jiem, kuriem pat\u012bk gatavot uz iesma, \u0161is OFYR Rotisserie komplekts ir sap\u0146a piepild\u012bjums! \u0160is komplekts ir piem\u0113rots OFYR 85 un 100 gatavo\u0161anas vien\u012bb\u0101m. Tas sast\u0101v no 2 cietiem ner\u016bs\u0113jo\u0161\u0101 t\u0113rauda stat\u012bviem, kas ir \u0123eni\u0101li piestiprin\u0101ti pie gatavo\u0161anas pl\u0101ksnes. Abi stabi ir savienoti ar ner\u016bs\u0113jo\u0161\u0101 t\u0113rauda cauruli (85 un 100 mode\u013ciem ir cita caurule), lai nodro\u0161in\u0101tu papildu stabilit\u0101ti. Komplekt\u0101 ietilpst ar\u012b iesms ar groz\u0101mu \u0101\u0137i, 2x lielas un 2x mazas skavas ga\u013cai un putnu ga\u013cai un S veida \u0101\u0137is, uz kura var piek\u0101rt pannu.<\/p>\n<p>Rotisserie komplekta materi\u0101li atkl\u0101tas uguns d\u0113\u013c \u013coti uzkarst. Vienm\u0113r ir ieteicams lietot komplektu ar karstumiztur\u012bgajiem OFYR cimdiem.<\/p>\n<p>Tagad pieejams ar Rotisserie motoru, lai padar\u012btu gatavo\u0161anu v\u0113l vienk\u0101r\u0161\u0101ku ar Rotisserie komplektu.<\/p>\n","protected":false},"featured_media":11533,"comment_status":"open","ping_status":"closed","template":"","meta":[],"pwb-brand":[308],"product_brand":[],"product_cat":[126,309],"product_tag":[],"class_list":{"0":"post-11530","1":"product","2":"type-product","3":"status-publish","4":"has-post-thumbnail","6":"pwb-brand-ofyr","7":"product_cat-malkas-grili","8":"product_cat-ofyr-piederumi","10":"first","11":"onbackorder","12":"taxable","13":"shipping-taxable","14":"purchasable","15":"product-type-simple"},"brands":[{"id":308,"name":"OFYR","slug":"ofyr"}],"_links":{"self":[{"href":"https:\/\/grillandmore.lv\/shop\/wp-json\/wp\/v2\/product\/11530","targetHints":{"allow":["GET"]}}],"collection":[{"href":"https:\/\/grillandmore.lv\/shop\/wp-json\/wp\/v2\/product"}],"about":[{"href":"https:\/\/grillandmore.lv\/shop\/wp-json\/wp\/v2\/types\/product"}],"replies":[{"embeddable":true,"href":"https:\/\/grillandmore.lv\/shop\/wp-json\/wp\/v2\/comments?post=11530"}],"version-history":[{"count":1,"href":"https:\/\/grillandmore.lv\/shop\/wp-json\/wp\/v2\/product\/11530\/revisions"}],"predecessor-version":[{"id":11534,"href":"https:\/\/grillandmore.lv\/shop\/wp-json\/wp\/v2\/product\/11530\/revisions\/11534"}],"wp:featuredmedia":[{"embeddable":true,"href":"https:\/\/grillandmore.lv\/shop\/wp-json\/wp\/v2\/media\/11533"}],"wp:attachment":[{"href":"https:\/\/grillandmore.lv\/shop\/wp-json\/wp\/v2\/media?parent=11530"}],"wp:term":[{"taxonomy":"pwb-brand","embeddable":true,"href":"https:\/\/grillandmore.lv\/shop\/wp-json\/wp\/v2\/pwb-brand?post=11530"},{"taxonomy":"product_brand","embeddable":true,"href":"https:\/\/grillandmore.lv\/shop\/wp-json\/wp\/v2\/product_brand?post=11530"},{"taxonomy":"product_cat","embeddable":true,"href":"https:\/\/grillandmore.lv\/shop\/wp-json\/wp\/v2\/product_cat?post=11530"},{"taxonomy":"product_tag","embeddable":true,"href":"https:\/\/grillandmore.lv\/shop\/wp-json\/wp\/v2\/product_tag?post=11530"}],"curies":[{"name":"wp","href":"https:\/\/api.w.org\/{rel}","templated":true}]}}