{"id":11567,"date":"2025-05-25T11:15:59","date_gmt":"2025-05-25T08:15:59","guid":{"rendered":"https:\/\/grillandmore.lv\/shop\/?post_type=product&#038;p=11567"},"modified":"2025-05-25T11:15:59","modified_gmt":"2025-05-25T08:15:59","slug":"weber-summit-fs38-e","status":"publish","type":"product","link":"https:\/\/grillandmore.lv\/shop\/products\/weber-summit-fs38-e\/","title":{"rendered":"Weber Summit FS38 E"},"content":{"rendered":"<p>15 gadu ierobe\u017eota garantija<br \/>\nPorcel\u0101na emalj\u0113ts v\u0101ks ar centr\u0101 uzst\u0101d\u012btu termometru<br \/>\nAugstas temperat\u016bras infrasarkan\u0101 apcep\u0161anas zona<br \/>\nXXL aug\u0161\u0113jais cep\u0161anas re\u017e\u0123is rada otro grila l\u012bmeni<br \/>\nM\u016bsu liel\u0101kais cep\u0161anas re\u017e\u0123is, izgatavots no augstas kvalit\u0101tes ner\u016bs\u0113jo\u0161\u0101 t\u0113rauda Izstr\u0101d\u0101ts un GBS gatavs<br \/>\n5 jaud\u012bgi PureBlu deg\u013ci, kas nodro\u0161ina optim\u0101lu siltuma sadali<br \/>\n\u012apa\u0161i liela d\u016bmu uzlie\u0161anas kaste<br \/>\nProfesion\u0101la l\u012bme\u0146a ieb\u016bv\u0113jams iesms<br \/>\nApcepiet, v\u0101riet \u016bdeni vai sildiet m\u0113rces uz integr\u0113t\u0101 s\u0101nu deg\u013ca<br \/>\nXXL ner\u016bs\u0113jo\u0161\u0101 t\u0113rauda sagatavo\u0161anas un serv\u0113\u0161anas s\u0101nu galdi\u0146i ar elegant\u0101m slied\u0113m grila piederumu pakarin\u0101\u0161anai<br \/>\nLED kust\u012bbu sensora apgaismojums apgaismo visu grila virsmu<br \/>\nElektroniska gaismas p\u0101rsl\u0113g\u0161anas aizdedze katram deglim<br \/>\nAugst\u0101k\u0101s kvalit\u0101tes met\u0101la apgaismotas vad\u012bbas pogas<br \/>\nDaudzpus\u012bga uzglab\u0101\u0161anas vieta grila piederumiem un g\u0101zes balonu glab\u0101\u0161anai<\/p>\n<p>G\u0100ZE<br \/>\nGatavo\u0161anas re\u017e\u0123is: 91 x 49 cm<br \/>\nKr\u0101sa: melna<\/p>\n<p>IZM\u0112RI: A x Dz x P<br \/>\nProdukta izm\u0113rs ar atv\u0113rtu v\u0101ku: 153 x 180 x 75 cm<br \/>\nProdukta izm\u0113rs ar aizv\u0113rtu v\u0101ku: 133 x 180 x 69 cm<br \/>\nProdukta un iepakojuma svars: 141 kg<br \/>\nProdukta svars: 112 kg<br \/>\nIepakojuma izm\u0113rs: 132 x 114 x 87 cm<\/p>\n","protected":false},"excerpt":{"rendered":"<p style=\"text-align: justify;\">Vai v\u0113laties atjaunot restor\u0101na l\u012bme\u0146a malt\u012btes, k\u013c\u016bt par \u012bstu ball\u012btes vad\u012bt\u0101ju un maksim\u0101li izmantot savu d\u0101rzu? Weber jaun\u0101 Summit grila ier\u012bce pal\u012bdz\u0113s jums atkl\u0101t neierobe\u017eotas kulin\u0101rijas iesp\u0113jas. Apbr\u012bnojamais dizains apvienojum\u0101 ar jaun\u0101kaj\u0101m tehnolo\u0123ij\u0101m nodro\u0161ina vied\u0101ko un elegant\u0101ko grilu tirg\u016b.<\/p>\n","protected":false},"featured_media":11569,"comment_status":"open","ping_status":"closed","template":"","meta":[],"pwb-brand":[133],"product_brand":[316],"product_cat":[124],"product_tag":[],"class_list":{"0":"post-11567","1":"product","2":"type-product","3":"status-publish","4":"has-post-thumbnail","6":"pwb-brand-weber","7":"product_brand-weber","8":"product_cat-gazes-grili","9":"product_shipping_class-kurjers","11":"first","12":"onbackorder","13":"taxable","14":"shipping-taxable","15":"purchasable","16":"product-type-simple"},"brands":[{"id":133,"name":"Weber","slug":"weber"}],"_links":{"self":[{"href":"https:\/\/grillandmore.lv\/shop\/wp-json\/wp\/v2\/product\/11567","targetHints":{"allow":["GET"]}}],"collection":[{"href":"https:\/\/grillandmore.lv\/shop\/wp-json\/wp\/v2\/product"}],"about":[{"href":"https:\/\/grillandmore.lv\/shop\/wp-json\/wp\/v2\/types\/product"}],"replies":[{"embeddable":true,"href":"https:\/\/grillandmore.lv\/shop\/wp-json\/wp\/v2\/comments?post=11567"}],"version-history":[{"count":1,"href":"https:\/\/grillandmore.lv\/shop\/wp-json\/wp\/v2\/product\/11567\/revisions"}],"predecessor-version":[{"id":11570,"href":"https:\/\/grillandmore.lv\/shop\/wp-json\/wp\/v2\/product\/11567\/revisions\/11570"}],"wp:featuredmedia":[{"embeddable":true,"href":"https:\/\/grillandmore.lv\/shop\/wp-json\/wp\/v2\/media\/11569"}],"wp:attachment":[{"href":"https:\/\/grillandmore.lv\/shop\/wp-json\/wp\/v2\/media?parent=11567"}],"wp:term":[{"taxonomy":"pwb-brand","embeddable":true,"href":"https:\/\/grillandmore.lv\/shop\/wp-json\/wp\/v2\/pwb-brand?post=11567"},{"taxonomy":"product_brand","embeddable":true,"href":"https:\/\/grillandmore.lv\/shop\/wp-json\/wp\/v2\/product_brand?post=11567"},{"taxonomy":"product_cat","embeddable":true,"href":"https:\/\/grillandmore.lv\/shop\/wp-json\/wp\/v2\/product_cat?post=11567"},{"taxonomy":"product_tag","embeddable":true,"href":"https:\/\/grillandmore.lv\/shop\/wp-json\/wp\/v2\/product_tag?post=11567"}],"curies":[{"name":"wp","href":"https:\/\/api.w.org\/{rel}","templated":true}]}}