{"id":11571,"date":"2025-05-25T11:34:35","date_gmt":"2025-05-25T08:34:35","guid":{"rendered":"https:\/\/grillandmore.lv\/shop\/?post_type=product&#038;p=11571"},"modified":"2026-03-02T06:26:41","modified_gmt":"2026-03-02T04:26:41","slug":"weber-genesis-sp-435","status":"publish","type":"product","link":"https:\/\/grillandmore.lv\/shop\/products\/weber-genesis-sp-435\/","title":{"rendered":"Weber Genesis SP-435"},"content":{"rendered":"<p>4 deg\u013ci<br \/>\nGatavo\u0161anas zona (GPL): 86 x 48 cm<br \/>\nJauda: 14,1 kW\/h<br \/>\nWeber Crafted \u010duguna re\u017e\u0123is<br \/>\nNer\u016bs\u0113jo\u0161\u0101 t\u0113rauda aromatiz\u0113t\u0101ju stie\u0146i<br \/>\nNolok\u0101mi labie s\u0101nu galdi\u0146i no ner\u016bs\u0113jo\u0161\u0101 t\u0113rauda<br \/>\nS\u0101nu deglis<br \/>\nIntegr\u0113ts digit\u0101lais termometrs<br \/>\n4 groz\u0101mi rite\u0146i<br \/>\nApgaismots rokturis<br \/>\nWeber Works s\u0101nu galdi\u0146\u0161<br \/>\nIzvelkamas sekund\u0101r\u0101s gatavo\u0161anas re\u017e\u0123is<br \/>\nNer\u016bs\u0113jo\u0161\u0101 t\u0113rauda re\u017e\u0123is<br \/>\nNer\u016bs\u0113jo\u0161\u0101 t\u0113rauda v\u0101ks un durvis<\/p>\n<p>G\u0100ZE<br \/>\nGatavo\u0161anas re\u017e\u0123is: 86 x 48 cm<br \/>\nKr\u0101sa: Ner\u016bs\u0113jo\u0161ais t\u0113rauds<\/p>\n<p>IZM\u0112RI: A x Dz x P<br \/>\nProdukta izm\u0113rs ar atv\u0113rtu v\u0101ku: 160 x 78 x 183 cm<br \/>\nProdukta izm\u0113rs ar aizv\u0113rtu v\u0101ku: 122 x 69 x 183 cm<br \/>\nProdukta un iepakojuma svars: 112 kg<br \/>\nProdukta svars: 84 kg<br \/>\nIepakojuma izm\u0113rs: 82 x 97 x 92 cm<\/p>\n","protected":false},"excerpt":{"rendered":"<p style=\"text-align: justify;\">Augst\u0101k\u0101s klases grils ar 4 deg\u013ciem, cep\u0161anas zonu un s\u0101nu degli. Pievilc\u012bgs dizains un augst\u0101k\u0101s kvalit\u0101tes apdare. Lieli s\u0101nu plaukti, sl\u0113gts skapis un nolok\u0101ms s\u0101nu nodal\u012bjums. Ar regul\u0113jamu apgaismojumu un s\u0101nu degli.<\/p>\n","protected":false},"featured_media":11573,"comment_status":"open","ping_status":"closed","template":"","meta":[],"pwb-brand":[133],"product_brand":[316],"product_cat":[124],"product_tag":[],"class_list":{"0":"post-11571","1":"product","2":"type-product","3":"status-publish","4":"has-post-thumbnail","6":"pwb-brand-weber","7":"product_brand-weber","8":"product_cat-gazes-grili","9":"product_shipping_class-kurjers","11":"first","12":"onbackorder","13":"taxable","14":"shipping-taxable","15":"purchasable","16":"product-type-simple"},"brands":[{"id":133,"name":"Weber","slug":"weber"}],"_links":{"self":[{"href":"https:\/\/grillandmore.lv\/shop\/wp-json\/wp\/v2\/product\/11571","targetHints":{"allow":["GET"]}}],"collection":[{"href":"https:\/\/grillandmore.lv\/shop\/wp-json\/wp\/v2\/product"}],"about":[{"href":"https:\/\/grillandmore.lv\/shop\/wp-json\/wp\/v2\/types\/product"}],"replies":[{"embeddable":true,"href":"https:\/\/grillandmore.lv\/shop\/wp-json\/wp\/v2\/comments?post=11571"}],"version-history":[{"count":1,"href":"https:\/\/grillandmore.lv\/shop\/wp-json\/wp\/v2\/product\/11571\/revisions"}],"predecessor-version":[{"id":11574,"href":"https:\/\/grillandmore.lv\/shop\/wp-json\/wp\/v2\/product\/11571\/revisions\/11574"}],"wp:featuredmedia":[{"embeddable":true,"href":"https:\/\/grillandmore.lv\/shop\/wp-json\/wp\/v2\/media\/11573"}],"wp:attachment":[{"href":"https:\/\/grillandmore.lv\/shop\/wp-json\/wp\/v2\/media?parent=11571"}],"wp:term":[{"taxonomy":"pwb-brand","embeddable":true,"href":"https:\/\/grillandmore.lv\/shop\/wp-json\/wp\/v2\/pwb-brand?post=11571"},{"taxonomy":"product_brand","embeddable":true,"href":"https:\/\/grillandmore.lv\/shop\/wp-json\/wp\/v2\/product_brand?post=11571"},{"taxonomy":"product_cat","embeddable":true,"href":"https:\/\/grillandmore.lv\/shop\/wp-json\/wp\/v2\/product_cat?post=11571"},{"taxonomy":"product_tag","embeddable":true,"href":"https:\/\/grillandmore.lv\/shop\/wp-json\/wp\/v2\/product_tag?post=11571"}],"curies":[{"name":"wp","href":"https:\/\/api.w.org\/{rel}","templated":true}]}}