{"id":11579,"date":"2025-05-25T11:57:43","date_gmt":"2025-05-25T08:57:43","guid":{"rendered":"https:\/\/grillandmore.lv\/shop\/?post_type=product&#038;p=11579"},"modified":"2025-05-25T11:57:43","modified_gmt":"2025-05-25T08:57:43","slug":"weber-genesis-sp-335","status":"publish","type":"product","link":"https:\/\/grillandmore.lv\/shop\/products\/weber-genesis-sp-335\/","title":{"rendered":"Weber Genesis SP-335"},"content":{"rendered":"<p>3 deg\u013ci<br \/>\nGatavo\u0161anas zona (GXP): 68&#215;48 cm<br \/>\nJauda: 11,4 kW\/h<br \/>\nWeber Crafted \u010duguna re\u017e\u0123is<br \/>\nNer\u016bs\u0113jo\u0161\u0101 t\u0113rauda aromatiz\u0113\u0161anas stie\u0146i<br \/>\nLieto\u0161anai gatavs Weber Crafted r\u0101mja komplekts (p\u0101rdod atsevi\u0161\u0137i)<br \/>\nNer\u016bs\u0113jo\u0161\u0101 t\u0113rauda nolok\u0101mi lab\u0101s puses s\u0101nu galdi\u0146i<br \/>\nS\u0101nu deglis<br \/>\nIntegr\u0113ts digit\u0101lais termometrs<br \/>\n4 groz\u0101mi rite\u0146i<br \/>\nApgaismots rokturis<br \/>\nWeber Works s\u0101nu galdi\u0146\u0161<br \/>\nSnap On by Weber Works<br \/>\nPapla\u0161in\u0101mas sekund\u0101r\u0101s gatavo\u0161anas re\u017e\u0123is<br \/>\nNer\u016bs\u0113jo\u0161\u0101 t\u0113rauda re\u017e\u0123is<\/p>\n<p>G\u0100ZE<br \/>\nGatavo\u0161anas re\u017e\u0123is: 68 x 48 cm<br \/>\nKr\u0101sa: Ner\u016bs\u0113jo\u0161ais t\u0113rauds<\/p>\n<p>IZM\u0112RI: A x Dz x P<br \/>\nProdukta izm\u0113rs ar atv\u0113rtu v\u0101ku: 160 x 78 x 166 cm<br \/>\nProdukta izm\u0113rs ar aizv\u0113rtu v\u0101ku: 122 x 69 x 166 cm<br \/>\nProdukta un iepakojuma svars: 95 kg<br \/>\nProdukta svars: 73 kg<br \/>\nIepakojuma izm\u0113rs: 66 x 92 x 78 cm<\/p>\n","protected":false},"excerpt":{"rendered":"<p style=\"text-align: justify;\">Augst\u0101k\u0101s klases grils ar 3 deg\u013ciem, \u012bpa\u0161i izstr\u0101d\u0101ts grils, pievilc\u012bgs dizains un augst\u0101k\u0101s kvalit\u0101tes apdare. Lieli plaukti, sl\u0113gts skapis un Weber Works s\u0101nu panelis piederumu glab\u0101\u0161anai. S\u0101nu deg\u013ca un rokturu apgaismojums.<\/p>\n","protected":false},"featured_media":11581,"comment_status":"open","ping_status":"closed","template":"","meta":[],"pwb-brand":[133],"product_brand":[316],"product_cat":[124],"product_tag":[],"class_list":{"0":"post-11579","1":"product","2":"type-product","3":"status-publish","4":"has-post-thumbnail","6":"pwb-brand-weber","7":"product_brand-weber","8":"product_cat-gazes-grili","9":"product_shipping_class-kurjers","11":"first","12":"onbackorder","13":"taxable","14":"shipping-taxable","15":"purchasable","16":"product-type-simple"},"brands":[{"id":133,"name":"Weber","slug":"weber"}],"_links":{"self":[{"href":"https:\/\/grillandmore.lv\/shop\/wp-json\/wp\/v2\/product\/11579","targetHints":{"allow":["GET"]}}],"collection":[{"href":"https:\/\/grillandmore.lv\/shop\/wp-json\/wp\/v2\/product"}],"about":[{"href":"https:\/\/grillandmore.lv\/shop\/wp-json\/wp\/v2\/types\/product"}],"replies":[{"embeddable":true,"href":"https:\/\/grillandmore.lv\/shop\/wp-json\/wp\/v2\/comments?post=11579"}],"version-history":[{"count":1,"href":"https:\/\/grillandmore.lv\/shop\/wp-json\/wp\/v2\/product\/11579\/revisions"}],"predecessor-version":[{"id":11582,"href":"https:\/\/grillandmore.lv\/shop\/wp-json\/wp\/v2\/product\/11579\/revisions\/11582"}],"wp:featuredmedia":[{"embeddable":true,"href":"https:\/\/grillandmore.lv\/shop\/wp-json\/wp\/v2\/media\/11581"}],"wp:attachment":[{"href":"https:\/\/grillandmore.lv\/shop\/wp-json\/wp\/v2\/media?parent=11579"}],"wp:term":[{"taxonomy":"pwb-brand","embeddable":true,"href":"https:\/\/grillandmore.lv\/shop\/wp-json\/wp\/v2\/pwb-brand?post=11579"},{"taxonomy":"product_brand","embeddable":true,"href":"https:\/\/grillandmore.lv\/shop\/wp-json\/wp\/v2\/product_brand?post=11579"},{"taxonomy":"product_cat","embeddable":true,"href":"https:\/\/grillandmore.lv\/shop\/wp-json\/wp\/v2\/product_cat?post=11579"},{"taxonomy":"product_tag","embeddable":true,"href":"https:\/\/grillandmore.lv\/shop\/wp-json\/wp\/v2\/product_tag?post=11579"}],"curies":[{"name":"wp","href":"https:\/\/api.w.org\/{rel}","templated":true}]}}