{"id":11601,"date":"2025-05-25T12:40:29","date_gmt":"2025-05-25T09:40:29","guid":{"rendered":"https:\/\/grillandmore.lv\/shop\/?post_type=product&#038;p=11601"},"modified":"2025-05-25T12:40:29","modified_gmt":"2025-05-25T09:40:29","slug":"weber-genesis-e-325","status":"publish","type":"product","link":"https:\/\/grillandmore.lv\/shop\/products\/weber-genesis-e-325\/","title":{"rendered":"Weber Genesis E-325"},"content":{"rendered":"<p>3 deg\u013ci<br \/>\nGatavo\u0161anas zona (GPL): 68X48 cm<br \/>\nWeber Crafted \u010duguna re\u017e\u0123is<br \/>\nNer\u016bs\u0113jo\u0161\u0101 t\u0113rauda gar\u0161as stie\u0146i<br \/>\nJauda: 14,4 kW\/h<br \/>\nWeber Works s\u0101nu galdi\u0146\u0161<br \/>\nPapildu gatavo\u0161anas re\u017e\u0123is<br \/>\nLieto\u0161anai gatavs Weber Crafted r\u0101mja komplekts (p\u0101rdod atsevi\u0161\u0137i)<br \/>\nBoost re\u017e\u012bma gatavo\u0161anas zona<br \/>\nIntegr\u0113ts digit\u0101lais termometrs<br \/>\n4 ritenti\u0146i<\/p>\n<p>G\u0100ZE<br \/>\nGatavo\u0161anas re\u017e\u0123is: 68 x 48 cm<br \/>\nKr\u0101sa: melna<\/p>\n<p>IZM\u0112RI: A x Dz x P<br \/>\nProdukta izm\u0113rs ar atv\u0113rtu v\u0101ku: 160 x 78 x 156 cm<br \/>\nProdukta izm\u0113rs ar aizv\u0113rtu v\u0101ku: 122 x 69 x 156 cm<br \/>\nProdukta un iepakojuma svars: 86 kg<br \/>\nProdukta svars: 61 kg<br \/>\nIepakojuma izm\u0113rs: 66 x 92 x 78 cm<\/p>\n","protected":false},"excerpt":{"rendered":"<p style=\"text-align: justify;\">Augst\u0101k\u0101s klases grils ar 3 deg\u013ciem, Sear Zone, Crafted grila re\u017e\u0123i, pievilc\u012bgu dizainu un augst\u0101k\u0101s kvalit\u0101tes apdari. Lieli nolok\u0101mi plaukti, sl\u0113gts skapis un Weber Works s\u0101nu panelis piederumu glab\u0101\u0161anai.<\/p>\n","protected":false},"featured_media":11603,"comment_status":"open","ping_status":"closed","template":"","meta":[],"pwb-brand":[133],"product_brand":[316],"product_cat":[124],"product_tag":[],"class_list":{"0":"post-11601","1":"product","2":"type-product","3":"status-publish","4":"has-post-thumbnail","6":"pwb-brand-weber","7":"product_brand-weber","8":"product_cat-gazes-grili","9":"product_shipping_class-kurjers","11":"first","12":"onbackorder","13":"taxable","14":"shipping-taxable","15":"purchasable","16":"product-type-simple"},"brands":[{"id":133,"name":"Weber","slug":"weber"}],"_links":{"self":[{"href":"https:\/\/grillandmore.lv\/shop\/wp-json\/wp\/v2\/product\/11601","targetHints":{"allow":["GET"]}}],"collection":[{"href":"https:\/\/grillandmore.lv\/shop\/wp-json\/wp\/v2\/product"}],"about":[{"href":"https:\/\/grillandmore.lv\/shop\/wp-json\/wp\/v2\/types\/product"}],"replies":[{"embeddable":true,"href":"https:\/\/grillandmore.lv\/shop\/wp-json\/wp\/v2\/comments?post=11601"}],"version-history":[{"count":1,"href":"https:\/\/grillandmore.lv\/shop\/wp-json\/wp\/v2\/product\/11601\/revisions"}],"predecessor-version":[{"id":11604,"href":"https:\/\/grillandmore.lv\/shop\/wp-json\/wp\/v2\/product\/11601\/revisions\/11604"}],"wp:featuredmedia":[{"embeddable":true,"href":"https:\/\/grillandmore.lv\/shop\/wp-json\/wp\/v2\/media\/11603"}],"wp:attachment":[{"href":"https:\/\/grillandmore.lv\/shop\/wp-json\/wp\/v2\/media?parent=11601"}],"wp:term":[{"taxonomy":"pwb-brand","embeddable":true,"href":"https:\/\/grillandmore.lv\/shop\/wp-json\/wp\/v2\/pwb-brand?post=11601"},{"taxonomy":"product_brand","embeddable":true,"href":"https:\/\/grillandmore.lv\/shop\/wp-json\/wp\/v2\/product_brand?post=11601"},{"taxonomy":"product_cat","embeddable":true,"href":"https:\/\/grillandmore.lv\/shop\/wp-json\/wp\/v2\/product_cat?post=11601"},{"taxonomy":"product_tag","embeddable":true,"href":"https:\/\/grillandmore.lv\/shop\/wp-json\/wp\/v2\/product_tag?post=11601"}],"curies":[{"name":"wp","href":"https:\/\/api.w.org\/{rel}","templated":true}]}}