{"id":11605,"date":"2025-05-25T12:48:26","date_gmt":"2025-05-25T09:48:26","guid":{"rendered":"https:\/\/grillandmore.lv\/shop\/?post_type=product&#038;p=11605"},"modified":"2025-05-25T12:48:26","modified_gmt":"2025-05-25T09:48:26","slug":"weber-genesis-e-415","status":"publish","type":"product","link":"https:\/\/grillandmore.lv\/shop\/products\/weber-genesis-e-415\/","title":{"rendered":"Weber Genesis E-415"},"content":{"rendered":"<p>PureBlu deg\u013ci vienm\u0113r\u012bgi sadala siltumu pa visu re\u017e\u0123i.<br \/>\nAr porcel\u0101nu emalj\u0113tie \u010duguna re\u017e\u0123i saglab\u0101 siltumu apcep\u0161anai.<br \/>\nFLAVORIZER stie\u0146i iztvaic\u0113 sulas, uzlabojot gril\u0113ta \u0113diena gar\u0161u.<br \/>\nTauku p\u0101rvald\u012bbas sist\u0113ma ar izvelkamu tauku papl\u0101ti.<br \/>\nWEBER CRAFTED gatavo\u0161anas re\u017e\u0123i papla\u0161ina gril\u0113\u0161anas tehnikas.<br \/>\nSild\u012b\u0161anas re\u017e\u0123is uztur \u0113dienu siltu vai apgrauzd\u0113 maiz\u012btes.<br \/>\nS\u0101nu galdi\u0146i nodro\u0161ina, ka \u0161\u0137\u012bvji, gar\u0161vielas un instrumenti atrodas rokas stiepiena att\u0101lum\u0101.<br \/>\nLiela gatavo\u0161anas virsma, vieta, kur vienlaikus gril\u0113t visu malt\u012bti.<\/p>\n<p>G\u0100ZE<br \/>\nGatavo\u0161anas re\u017e\u0123is: 86 x 48 cm<br \/>\nKr\u0101sa: melna<\/p>\n<p>IZM\u0112RI: A x Dz x P<br \/>\nProdukta izm\u0113rs ar atv\u0113rtu v\u0101ku: 160 x 78 x 173 cm<br \/>\nProdukta izm\u0113rs ar aizv\u0113rtu v\u0101ku: 122 x 69 x 164 cm<br \/>\nProdukta un iepakojuma svars: 100 kg<br \/>\nProdukta svars: 80 kg<br \/>\nIepakojuma izm\u0113rs: 66 x 86 x 106 cm<\/p>\n","protected":false},"excerpt":{"rendered":"<p style=\"text-align: justify;\">4 deg\u013cu, porcel\u0101na emaljas Genesis E-415 grils nodro\u0161ina le\u0123end\u0101ru Weber kvalit\u0101ti, veiktsp\u0113ju un iztur\u012bbu, radot grilu, uz kuru varat pa\u013cauties, lai \u0113diena gatavo\u0161ana br\u012bv\u0101 dab\u0101 \u0123imenei un draugiem b\u016btu vienk\u0101r\u0161a un pat\u012bkama.<\/p>\n","protected":false},"featured_media":11607,"comment_status":"open","ping_status":"closed","template":"","meta":[],"pwb-brand":[133],"product_brand":[316],"product_cat":[124],"product_tag":[],"class_list":{"0":"post-11605","1":"product","2":"type-product","3":"status-publish","4":"has-post-thumbnail","6":"pwb-brand-weber","7":"product_brand-weber","8":"product_cat-gazes-grili","9":"product_shipping_class-kurjers","11":"first","12":"onbackorder","13":"taxable","14":"shipping-taxable","15":"purchasable","16":"product-type-simple"},"brands":[{"id":133,"name":"Weber","slug":"weber"}],"_links":{"self":[{"href":"https:\/\/grillandmore.lv\/shop\/wp-json\/wp\/v2\/product\/11605","targetHints":{"allow":["GET"]}}],"collection":[{"href":"https:\/\/grillandmore.lv\/shop\/wp-json\/wp\/v2\/product"}],"about":[{"href":"https:\/\/grillandmore.lv\/shop\/wp-json\/wp\/v2\/types\/product"}],"replies":[{"embeddable":true,"href":"https:\/\/grillandmore.lv\/shop\/wp-json\/wp\/v2\/comments?post=11605"}],"version-history":[{"count":1,"href":"https:\/\/grillandmore.lv\/shop\/wp-json\/wp\/v2\/product\/11605\/revisions"}],"predecessor-version":[{"id":11608,"href":"https:\/\/grillandmore.lv\/shop\/wp-json\/wp\/v2\/product\/11605\/revisions\/11608"}],"wp:featuredmedia":[{"embeddable":true,"href":"https:\/\/grillandmore.lv\/shop\/wp-json\/wp\/v2\/media\/11607"}],"wp:attachment":[{"href":"https:\/\/grillandmore.lv\/shop\/wp-json\/wp\/v2\/media?parent=11605"}],"wp:term":[{"taxonomy":"pwb-brand","embeddable":true,"href":"https:\/\/grillandmore.lv\/shop\/wp-json\/wp\/v2\/pwb-brand?post=11605"},{"taxonomy":"product_brand","embeddable":true,"href":"https:\/\/grillandmore.lv\/shop\/wp-json\/wp\/v2\/product_brand?post=11605"},{"taxonomy":"product_cat","embeddable":true,"href":"https:\/\/grillandmore.lv\/shop\/wp-json\/wp\/v2\/product_cat?post=11605"},{"taxonomy":"product_tag","embeddable":true,"href":"https:\/\/grillandmore.lv\/shop\/wp-json\/wp\/v2\/product_tag?post=11605"}],"curies":[{"name":"wp","href":"https:\/\/api.w.org\/{rel}","templated":true}]}}