{"id":11609,"date":"2025-05-25T12:55:54","date_gmt":"2025-05-25T09:55:54","guid":{"rendered":"https:\/\/grillandmore.lv\/shop\/?post_type=product&#038;p=11609"},"modified":"2025-05-25T12:55:54","modified_gmt":"2025-05-25T09:55:54","slug":"weber-genesis-e-315","status":"publish","type":"product","link":"https:\/\/grillandmore.lv\/shop\/products\/weber-genesis-e-315\/","title":{"rendered":"Weber Genesis E-315"},"content":{"rendered":"<p>12 gadu ierobe\u017eota garantija<br \/>\nPorcel\u0101na emalj\u0113ts v\u0101ks ar centr\u0101 ieb\u016bv\u0113tu termometru<br \/>\nIztur\u012bgas, viegli t\u012br\u0101mas porcel\u0101na emalj\u0113tas \u010duguna GBS gatavo\u0161anas restes<br \/>\nSader\u012bgas ar WEBER CRAFTED (r\u0101mis un grila piederumi tiek p\u0101rdoti atsevi\u0161\u0137i)<br \/>\n3 jaud\u012bgi PureBlu deg\u013ci, kas nodro\u0161ina optim\u0101lu siltuma sadali<br \/>\nSimetriski s\u0101nu galdi\u0146i<br \/>\nNer\u016bs\u0113jo\u0161\u0101 t\u0113rauda Flavorizer\u2122 stie\u0146i uztver d\u016bmojo\u0161us un \u0161\u0146\u0101co\u0161us pilienus, pie\u0161\u0137irot \u0113dienam d\u016bmakainu gar\u0161u<br \/>\nInfinity Ignition sist\u0113ma, kas \u013cauj deg\u013ciem katru reizi \u0101tri aizdegties<br \/>\nIzvelkama emalj\u0113ta tauku papl\u0101te \u0113rtai t\u012br\u012b\u0161anai<br \/>\nG\u0101zes tvertne atrodas lielaj\u0101 uzglab\u0101\u0161anas skap\u012b ar vienk\u0101r\u0161ot\u0101m durv\u012bm; rokturi ir veidoti durv\u012bs<br \/>\nAugstas kvalit\u0101tes groz\u0101mi un blo\u0137\u0113jami ritenti\u0146i<\/p>\n<p>G\u0100ZE<br \/>\nGatavo\u0161anas re\u017e\u0123is: 68 x 48 cm<br \/>\nKr\u0101sa: melna<\/p>\n<p>IZM\u0112RI: A x Dz x P<br \/>\nProdukta izm\u0113rs ar atv\u0113rtu v\u0101ku: 160 x 78 x 156 cm<br \/>\nProdukta izm\u0113rs ar aizv\u0113rtu v\u0101ku: 122 x 69 x 147 cm<br \/>\nProdukta un iepakojuma svars: 86 kg<br \/>\nProdukta svars: 74 kg<br \/>\nIepakojuma izm\u0113rs: 82 x 79 x 91 cm<\/p>\n","protected":false},"excerpt":{"rendered":"<p style=\"text-align: justify;\">Iepaz\u012bstin\u0101m ar GENESIS E-315 grilu, kas \u013cauj visu pagatavot un pasniegt \u0101rpus telp\u0101m, tur, kur notiek ball\u012bte.<\/p>\n","protected":false},"featured_media":11611,"comment_status":"open","ping_status":"closed","template":"","meta":[],"pwb-brand":[133],"product_brand":[316],"product_cat":[124],"product_tag":[],"class_list":{"0":"post-11609","1":"product","2":"type-product","3":"status-publish","4":"has-post-thumbnail","6":"pwb-brand-weber","7":"product_brand-weber","8":"product_cat-gazes-grili","9":"product_shipping_class-kurjers","11":"first","12":"onbackorder","13":"taxable","14":"shipping-taxable","15":"purchasable","16":"product-type-simple"},"brands":[{"id":133,"name":"Weber","slug":"weber"}],"_links":{"self":[{"href":"https:\/\/grillandmore.lv\/shop\/wp-json\/wp\/v2\/product\/11609","targetHints":{"allow":["GET"]}}],"collection":[{"href":"https:\/\/grillandmore.lv\/shop\/wp-json\/wp\/v2\/product"}],"about":[{"href":"https:\/\/grillandmore.lv\/shop\/wp-json\/wp\/v2\/types\/product"}],"replies":[{"embeddable":true,"href":"https:\/\/grillandmore.lv\/shop\/wp-json\/wp\/v2\/comments?post=11609"}],"version-history":[{"count":1,"href":"https:\/\/grillandmore.lv\/shop\/wp-json\/wp\/v2\/product\/11609\/revisions"}],"predecessor-version":[{"id":11612,"href":"https:\/\/grillandmore.lv\/shop\/wp-json\/wp\/v2\/product\/11609\/revisions\/11612"}],"wp:featuredmedia":[{"embeddable":true,"href":"https:\/\/grillandmore.lv\/shop\/wp-json\/wp\/v2\/media\/11611"}],"wp:attachment":[{"href":"https:\/\/grillandmore.lv\/shop\/wp-json\/wp\/v2\/media?parent=11609"}],"wp:term":[{"taxonomy":"pwb-brand","embeddable":true,"href":"https:\/\/grillandmore.lv\/shop\/wp-json\/wp\/v2\/pwb-brand?post=11609"},{"taxonomy":"product_brand","embeddable":true,"href":"https:\/\/grillandmore.lv\/shop\/wp-json\/wp\/v2\/product_brand?post=11609"},{"taxonomy":"product_cat","embeddable":true,"href":"https:\/\/grillandmore.lv\/shop\/wp-json\/wp\/v2\/product_cat?post=11609"},{"taxonomy":"product_tag","embeddable":true,"href":"https:\/\/grillandmore.lv\/shop\/wp-json\/wp\/v2\/product_tag?post=11609"}],"curies":[{"name":"wp","href":"https:\/\/api.w.org\/{rel}","templated":true}]}}