{"id":11613,"date":"2025-05-25T13:05:11","date_gmt":"2025-05-25T10:05:11","guid":{"rendered":"https:\/\/grillandmore.lv\/shop\/?post_type=product&#038;p=11613"},"modified":"2025-05-25T13:05:11","modified_gmt":"2025-05-25T10:05:11","slug":"weber-spirit-sp-435","status":"publish","type":"product","link":"https:\/\/grillandmore.lv\/shop\/products\/weber-spirit-sp-435\/","title":{"rendered":"Weber Spirit SP-435"},"content":{"rendered":"<p>10 gadu ierobe\u017eota garantija<br \/>\nNer\u016bs\u0113jo\u0161\u0101 t\u0113rauda v\u0101ks un rati\u0146u durvis ir stil\u012bgas un iztur\u012bgas<br \/>\n2 pastiprin\u0101t\u0101ji deg\u013ci nodro\u0161ina par 40% liel\u0101ku jaudu apcep\u0161anas zon\u0101<br \/>\nDigit\u0101lais termometrs \u013cauj prec\u012bzi redz\u0113t temperat\u016bru dien\u0101 un nakt\u012b<br \/>\nWeber Works s\u0101nu galdi\u0146\u0161 ir piem\u0113rots ielikt\u0146iem (nop\u0113rkami atsevi\u0161\u0137i)<br \/>\nWeber Works s\u0101nu sliedes piestiprin\u0101majiem piederumiem, kas tiek p\u0101rdoti atsevi\u0161\u0137i<br \/>\nNer\u016bs\u0113jo\u0161\u0101 t\u0113rauda vad\u012bbas panelis izskat\u0101s elegants un viegli t\u012br\u0101ms<br \/>\nNer\u016bs\u0113jo\u0161\u0101 t\u0113rauda s\u0101nu galdi\u0146i ir stil\u012bgi un iztur\u012bgi<br \/>\nS\u0101nu deglis nodro\u0161ina papildu gatavo\u0161anas vietu m\u0113rc\u0113m un piedev\u0101m<br \/>\nWeber Crafted\u00ae porcel\u0101na emalj\u0113ti \u010duguna gatavo\u0161anas re\u017e\u0123i<br \/>\nSader\u012bgs ar Gourmet BBQ sist\u0113mu (grila piederumi tiek p\u0101rdoti atsevi\u0161\u0137i)<br \/>\nIztur\u012bgi blo\u0137\u0113jami groz\u0101mie ritenti\u0146i atvieglo p\u0101rvieto\u0161anu<br \/>\nPrec\u012bza, vienm\u0113r\u012bga temperat\u016bra vienm\u0113r\u012bgi gatavo \u0113dienu uz grila<br \/>\nSnap-Jet Ignition atsevi\u0161\u0137u deg\u013cu aizdedzin\u0101\u0161anai ar vienu roku<br \/>\nLiet\u0101 alum\u012bnija gatavo\u0161anas kaste ir rad\u012bta ilgam kalpo\u0161anas laikam<\/p>\n<p>G\u0100ZE<br \/>\nGatavo\u0161anas re\u017e\u0123is: 61 x 45 cm<br \/>\nKr\u0101sa: Ner\u016bs\u0113jo\u0161ais t\u0113rauds<\/p>\n<p>IZM\u0112RI: A x Dz x P<br \/>\nProdukta izm\u0113ri ar atv\u0113rtu v\u0101ku: 154 x 79 x 132 cm<br \/>\nProdukta izm\u0113ri ar aizv\u0113rtu v\u0101ku: 118 x 65 x 132 cm<br \/>\nProdukta un iepakojuma svars: 57 kg<br \/>\nProdukta svars: 47 kg<br \/>\nIepakojuma izm\u0113ri: 54 x 83 x 75 cm<\/p>\n","protected":false},"excerpt":{"rendered":"<p style=\"text-align: justify;\">Gril\u0113jiet \u0113dienu, kas gar\u0161o lab\u0101k nek\u0101 jebkad agr\u0101k, uz atjaunot\u0101 4 deg\u013cu, ner\u016bs\u0113jo\u0161\u0101 t\u0113rauda Spirit\u00ae SP-435 g\u0101zes grila ar apcep\u0161anas zonu un s\u0101nu degli. Izveidojiet izteiksm\u012bgus, arom\u0101tiskus apcepuma plankumus uz ga\u013cas, zivs un d\u0101rze\u0146iem ar diviem pastiprin\u0101t\u0101ja deg\u013ciem, kas apcep\u0161anas zon\u0101 atbr\u012bvo par 40% liel\u0101ku jaudu. Viegli aizdedziniet katru atsevi\u0161\u0137o degli ar vienu roku un prec\u012bzi kontrol\u0113jiet siltumu ar pilnu temperat\u016bras diapazonu no augstas l\u012bdz zemai un visu, kas ir pa vidu. Vien\u0101 mirkl\u012b skatiet gatavo\u0161anas temperat\u016bru ar digit\u0101lo termometru, ko ir viegli nolas\u012bt gan dien\u0101, gan nakt\u012b.<\/p>\n","protected":false},"featured_media":11615,"comment_status":"open","ping_status":"closed","template":"","meta":[],"pwb-brand":[133],"product_brand":[316],"product_cat":[124],"product_tag":[],"class_list":{"0":"post-11613","1":"product","2":"type-product","3":"status-publish","4":"has-post-thumbnail","6":"pwb-brand-weber","7":"product_brand-weber","8":"product_cat-gazes-grili","9":"product_shipping_class-kurjers","11":"first","12":"onbackorder","13":"taxable","14":"shipping-taxable","15":"purchasable","16":"product-type-simple"},"brands":[{"id":133,"name":"Weber","slug":"weber"}],"_links":{"self":[{"href":"https:\/\/grillandmore.lv\/shop\/wp-json\/wp\/v2\/product\/11613","targetHints":{"allow":["GET"]}}],"collection":[{"href":"https:\/\/grillandmore.lv\/shop\/wp-json\/wp\/v2\/product"}],"about":[{"href":"https:\/\/grillandmore.lv\/shop\/wp-json\/wp\/v2\/types\/product"}],"replies":[{"embeddable":true,"href":"https:\/\/grillandmore.lv\/shop\/wp-json\/wp\/v2\/comments?post=11613"}],"version-history":[{"count":1,"href":"https:\/\/grillandmore.lv\/shop\/wp-json\/wp\/v2\/product\/11613\/revisions"}],"predecessor-version":[{"id":11616,"href":"https:\/\/grillandmore.lv\/shop\/wp-json\/wp\/v2\/product\/11613\/revisions\/11616"}],"wp:featuredmedia":[{"embeddable":true,"href":"https:\/\/grillandmore.lv\/shop\/wp-json\/wp\/v2\/media\/11615"}],"wp:attachment":[{"href":"https:\/\/grillandmore.lv\/shop\/wp-json\/wp\/v2\/media?parent=11613"}],"wp:term":[{"taxonomy":"pwb-brand","embeddable":true,"href":"https:\/\/grillandmore.lv\/shop\/wp-json\/wp\/v2\/pwb-brand?post=11613"},{"taxonomy":"product_brand","embeddable":true,"href":"https:\/\/grillandmore.lv\/shop\/wp-json\/wp\/v2\/product_brand?post=11613"},{"taxonomy":"product_cat","embeddable":true,"href":"https:\/\/grillandmore.lv\/shop\/wp-json\/wp\/v2\/product_cat?post=11613"},{"taxonomy":"product_tag","embeddable":true,"href":"https:\/\/grillandmore.lv\/shop\/wp-json\/wp\/v2\/product_tag?post=11613"}],"curies":[{"name":"wp","href":"https:\/\/api.w.org\/{rel}","templated":true}]}}